{"id":10679,"date":"2023-01-12T23:06:52","date_gmt":"2023-01-12T23:06:52","guid":{"rendered":"http:\/\/airporttaxiwroclaw.pl\/?post_type=product&#038;p=10679"},"modified":"2024-05-24T08:53:09","modified_gmt":"2024-05-24T08:53:09","slug":"prywatny-przejazd-wroclaw-bielawa","status":"publish","type":"product","link":"https:\/\/airporttaxiwroclaw.pl\/en\/prywatny-przejazd-wroclaw-bielawa\/","title":{"rendered":"Prywatny przejazd Wroc\u0142aw &#8211; Bielawa"},"content":{"rendered":"<p>Wyrusz w podr\u00f3\u017c z Wroc\u0142awia Bielawy, jednego z ukrytych skarb\u00f3w Dolnego \u015al\u0105ska. Nasz komfortowy transport sprawi, \u017ce podr\u00f3\u017c minie Ci b\u0142yskawicznie, a dzi\u0119ki us\u0142udze door-to-door zostaniesz odebrany i odstawiony pod wskazany adres. Wybierz si\u0119 w podr\u00f3\u017c z klas\u0105 \u2013 niezale\u017cnie od tego, czy zdecydujesz si\u0119 na ekonomiczny model jak Toyota Corolla, czy luksusow\u0105 limuzyn\u0119 Mercedes-Benz Klasa S.<\/p>\n<p>Podczas podr\u00f3\u017cy, podziwiaj malownicze krajobrazy, kt\u00f3re otaczaj\u0105 drog\u0119. Po dotarciu do Bielawy, czeka na Ciebie wiele atrakcji. To miasto, znane z produkcji tekstyli\u00f3w, posiada tak\u017ce bogat\u0105 histori\u0119, kt\u00f3rej \u015blady mo\u017cna zobaczy\u0107 na ka\u017cdym kroku. Od odnowionych kamienic po \u015bredniowieczne ko\u015bcio\u0142y &#8211; Bielawa jest prawdziw\u0105 gratk\u0105 dla mi\u0142o\u015bnik\u00f3w historii.<\/p>\n<p>Ale to nie wszystko! Mi\u0142o\u015bnicy przyrody z pewno\u015bci\u0105 doceni\u0105 blisko\u015b\u0107 G\u00f3r Sowich, kt\u00f3re oferuj\u0105 wiele szlak\u00f3w turystycznych, zar\u00f3wno dla pocz\u0105tkuj\u0105cych, jak i zaawansowanych mi\u0142o\u015bnik\u00f3w trekkingu. Widoki z tutejszych szczyt\u00f3w zapieraj\u0105 dech w piersiach i s\u0105 idealnym miejscem na relaks w otoczeniu natury.<\/p>\n<p>Po dniu pe\u0142nym wra\u017ce\u0144, zrelaksuj si\u0119 w komfortowym wn\u0119trzu naszych pojazd\u00f3w i wr\u00f3\u0107 do Wroc\u0142awia z g\u0142ow\u0105 pe\u0142n\u0105 wspomnie\u0144. Bez wzgl\u0119du na to, czy jeste\u015b w Bielawie s\u0142u\u017cbowo, czy turystycznie, zapewniamy Ci najwy\u017cszy standard us\u0142ug i komfort podr\u00f3\u017cy.<\/p>\n<p>W Bielawie czeka na Ciebie wiele niespodzianek. Sprawd\u017a sam, co kryje to urocze miasto, i pozw\u00f3l sobie na chwil\u0119 wytchnienia od zgie\u0142ku du\u017cego miasta. Odkryj Bielaw\u0119 z nami!<\/p>\n","protected":false},"excerpt":{"rendered":"<p>Wyrusz w podr\u00f3\u017c z Wroc\u0142awia Bielawy, jednego z ukrytych skarb\u00f3w Dolnego \u015al\u0105ska. Nasz komfortowy transport sprawi, \u017ce podr\u00f3\u017c minie Ci b\u0142yskawicznie, a dzi\u0119ki us\u0142udze door-to-door zostaniesz odebrany i odstawiony pod wskazany adres. Wybierz si\u0119 w podr\u00f3\u017c z klas\u0105 \u2013 niezale\u017cnie od tego, czy zdecydujesz si\u0119 na ekonomiczny model jak Toyota Corolla, czy luksusow\u0105 limuzyn\u0119 Mercedes-Benz [&hellip;]<\/p>\n","protected":false},"featured_media":11158,"template":"","meta":{"_acf_changed":false,"rank_math_lock_modified_date":false},"product_cat":[36,20],"product_tag":[],"class_list":{"0":"post-10679","1":"product","2":"type-product","3":"status-publish","4":"has-post-thumbnail","6":"product_cat-miedzymiastowe","7":"product_cat-transfery","9":"first","10":"instock","11":"sold-individually","12":"taxable","13":"shipping-taxable","14":"purchasable","15":"product-type-variable"},"acf":[],"_links":{"self":[{"href":"https:\/\/airporttaxiwroclaw.pl\/en\/wp-json\/wp\/v2\/product\/10679"}],"collection":[{"href":"https:\/\/airporttaxiwroclaw.pl\/en\/wp-json\/wp\/v2\/product"}],"about":[{"href":"https:\/\/airporttaxiwroclaw.pl\/en\/wp-json\/wp\/v2\/types\/product"}],"wp:featuredmedia":[{"embeddable":true,"href":"https:\/\/airporttaxiwroclaw.pl\/en\/wp-json\/wp\/v2\/media\/11158"}],"wp:attachment":[{"href":"https:\/\/airporttaxiwroclaw.pl\/en\/wp-json\/wp\/v2\/media?parent=10679"}],"wp:term":[{"taxonomy":"product_cat","embeddable":true,"href":"https:\/\/airporttaxiwroclaw.pl\/en\/wp-json\/wp\/v2\/product_cat?post=10679"},{"taxonomy":"product_tag","embeddable":true,"href":"https:\/\/airporttaxiwroclaw.pl\/en\/wp-json\/wp\/v2\/product_tag?post=10679"}],"curies":[{"name":"wp","href":"https:\/\/api.w.org\/{rel}","templated":true}]}}