{"id":10690,"date":"2023-01-12T23:15:02","date_gmt":"2023-01-12T23:15:02","guid":{"rendered":"http:\/\/airporttaxiwroclaw.pl\/?post_type=product&#038;p=10690"},"modified":"2024-05-24T08:52:36","modified_gmt":"2024-05-24T08:52:36","slug":"polkowice","status":"publish","type":"product","link":"https:\/\/airporttaxiwroclaw.pl\/en\/polkowice\/","title":{"rendered":"Prywatny przejazd Wroc\u0142aw &#8211; Polkowice"},"content":{"rendered":"<p>Planujesz podr\u00f3\u017c z Wroc\u0142awia do Polkowic? Skorzystaj z oferty Airport Taxi Wroc\u0142aw! Gwarantujemy, \u017ce Twoja podr\u00f3\u017c b\u0119dzie wygodna, szybka i bezproblemowa. Nasza r\u00f3\u017cnorodna flota obejmuje zar\u00f3wno samochody ekonomiczne jak Skoda Rapid, jak i luksusowe Mercedes-Benz Klasa S, zapewniaj\u0105c komfort i elastyczno\u015b\u0107 dopasowania do indywidualnych potrzeb i bud\u017cetu.<\/p>\n<p>Polkowice to dynamicznie rozwijaj\u0105ce si\u0119 miasto, kt\u00f3re jest wa\u017cnym o\u015brodkiem przemys\u0142owym w regionie. Oferuje r\u00f3\u017cnorodno\u015b\u0107 atrakcji dla odwiedzaj\u0105cych, od zabytk\u00f3w po interesuj\u0105ce miejsca do odwiedzenia.<\/p>\n<p>&nbsp;<\/p>\n<p><strong>Dlaczego Airport Taxi Wroc\u0142aw to doskona\u0142y wyb\u00f3r?<\/strong><\/p>\n<p><strong>Profesjonalizm i Do\u015bwiadczenie:<\/strong> Nasi kierowcy s\u0105 wysoko wykwalifikowani, a nasze us\u0142ugi dostosowane do Twoich oczekiwa\u0144.<\/p>\n<p><strong>Komfort i Wygoda:<\/strong> W zale\u017cno\u015bci od preferencji, wybierz odpowiedni segment pojazdu.<\/p>\n<p><strong>Jasne Zasady:<\/strong> Nie ma ukrytych koszt\u00f3w, a proces rezerwacji jest prosty i przejrzysty.<\/p>\n<p>&nbsp;<\/p>\n<p>Dystans mi\u0119dzy Wroc\u0142awiem a Polkowicami to oko\u0142o 100 km, a szacowany czas przejazdu to oko\u0142o godzina. Podczas podr\u00f3\u017cy, mo\u017cesz zrelaksowa\u0107 si\u0119 w wygodnych fotelach naszych samochod\u00f3w i cieszy\u0107 si\u0119 spokojem, kt\u00f3ry oferuje Airport Taxi Wroc\u0142aw.<\/p>\n<p>Nie zwlekaj, odkryj nowy wymiar podr\u00f3\u017cowania z Airport Taxi Wroc\u0142aw! Zarezerwuj teraz i pozw\u00f3l sobie na komfortow\u0105 podr\u00f3\u017c do Polkowic. Z nami podr\u00f3\u017cowanie jest prostsze ni\u017c kiedykolwiek wcze\u015bniej!<\/p>\n","protected":false},"excerpt":{"rendered":"<p>Planujesz podr\u00f3\u017c z Wroc\u0142awia do Polkowic? Skorzystaj z oferty Airport Taxi Wroc\u0142aw! Gwarantujemy, \u017ce Twoja podr\u00f3\u017c b\u0119dzie wygodna, szybka i bezproblemowa. Nasza r\u00f3\u017cnorodna flota obejmuje zar\u00f3wno samochody ekonomiczne jak Skoda Rapid, jak i luksusowe Mercedes-Benz Klasa S, zapewniaj\u0105c komfort i elastyczno\u015b\u0107 dopasowania do indywidualnych potrzeb i bud\u017cetu. Polkowice to dynamicznie rozwijaj\u0105ce si\u0119 miasto, kt\u00f3re jest [&hellip;]<\/p>\n","protected":false},"featured_media":11158,"template":"","meta":{"_acf_changed":false,"rank_math_lock_modified_date":false},"product_cat":[36,20],"product_tag":[],"class_list":{"0":"post-10690","1":"product","2":"type-product","3":"status-publish","4":"has-post-thumbnail","6":"product_cat-miedzymiastowe","7":"product_cat-transfery","9":"first","10":"instock","11":"taxable","12":"shipping-taxable","13":"purchasable","14":"product-type-variable"},"acf":[],"_links":{"self":[{"href":"https:\/\/airporttaxiwroclaw.pl\/en\/wp-json\/wp\/v2\/product\/10690"}],"collection":[{"href":"https:\/\/airporttaxiwroclaw.pl\/en\/wp-json\/wp\/v2\/product"}],"about":[{"href":"https:\/\/airporttaxiwroclaw.pl\/en\/wp-json\/wp\/v2\/types\/product"}],"wp:featuredmedia":[{"embeddable":true,"href":"https:\/\/airporttaxiwroclaw.pl\/en\/wp-json\/wp\/v2\/media\/11158"}],"wp:attachment":[{"href":"https:\/\/airporttaxiwroclaw.pl\/en\/wp-json\/wp\/v2\/media?parent=10690"}],"wp:term":[{"taxonomy":"product_cat","embeddable":true,"href":"https:\/\/airporttaxiwroclaw.pl\/en\/wp-json\/wp\/v2\/product_cat?post=10690"},{"taxonomy":"product_tag","embeddable":true,"href":"https:\/\/airporttaxiwroclaw.pl\/en\/wp-json\/wp\/v2\/product_tag?post=10690"}],"curies":[{"name":"wp","href":"https:\/\/api.w.org\/{rel}","templated":true}]}}