{"id":10701,"date":"2023-01-12T23:16:42","date_gmt":"2023-01-12T23:16:42","guid":{"rendered":"http:\/\/airporttaxiwroclaw.pl\/?post_type=product&#038;p=10701"},"modified":"2024-05-24T08:51:54","modified_gmt":"2024-05-24T08:51:54","slug":"poznan","status":"publish","type":"product","link":"https:\/\/airporttaxiwroclaw.pl\/en\/poznan\/","title":{"rendered":"Prywatny przejazd Wroc\u0142aw &#8211; Pozna\u0144"},"content":{"rendered":"<p>Zastanawiasz si\u0119, jak najlepiej dosta\u0107 si\u0119 z Wroc\u0142awia do Poznania? Wybierz Airport Taxi Wroc\u0142aw, a my zapewnimy Ci wygod\u0119, elegancj\u0119 i spok\u00f3j umys\u0142u. Nasza flota zawiera r\u00f3\u017cnorodne pojazdy, od ekonomicznych Toyota Corolla po luksusowe Porsche Panamera, wi\u0119c z pewno\u015bci\u0105 znajdziesz co\u015b dla siebie!<\/p>\n<p>Pozna\u0144, z jego zabytkowym Starym Rynkiem, imponuj\u0105cym Ratuszem i malowniczymi kamienicami, jest miastem, kt\u00f3re ka\u017cdy powinien odwiedzi\u0107. Jest to miejsce, w kt\u00f3rym historia \u0142\u0105czy si\u0119 z nowoczesno\u015bci\u0105, a tradycja z innowacyjno\u015bci\u0105. Poznaj jego urokliwe uliczki, bogate muzea i zabytki bez stresu zwi\u0105zanego z organizacj\u0105 transportu.<\/p>\n<p>&nbsp;<\/p>\n<p><strong>Dlaczego warto wybra\u0107 Airport Taxi Wroc\u0142aw?<\/strong><\/p>\n<p><strong>Wyb\u00f3r Segmentu Pojazdu:<\/strong> Od ekonomicznych sedan\u00f3w, przez 8 osobowe busy po luksusowe limuzyny, dostosuj pojazd do swoich potrzeb i bud\u017cetu.<\/p>\n<p><strong>Bezpieczny Przejazd:<\/strong> Nasi kierowcy s\u0105 do\u015bwiadczeni, a pojazdy regularnie serwisowane.<\/p>\n<p><strong>Elastyczno\u015b\u0107:<\/strong> Oferujemy r\u00f3\u017cne opcje p\u0142atno\u015bci i gwarantujemy brak ukrytych koszt\u00f3w.<\/p>\n<p>&nbsp;<\/p>\n<p>Podczas dwugodzinnej podr\u00f3\u017cy z Wroc\u0142awia do Poznania na dystansie oko\u0142o 180 km, mo\u017cesz cieszy\u0107 si\u0119 komfortem naszych samochod\u00f3w i korzysta\u0107 z czasu na relaks lub prac\u0119. Z Airport Taxi Wroc\u0142aw masz pewno\u015b\u0107, \u017ce dotrzesz do celu odpr\u0119\u017cony i gotowy na poznawanie urok\u00f3w Poznania.<\/p>\n<p>Odkrywaj Pozna\u0144 z Airport Taxi Wroc\u0142aw! Prosty proces rezerwacji, przejrzyste ceny i gwarancja satysfakcji sprawi\u0105, \u017ce Twoja podr\u00f3\u017c b\u0119dzie prawdziw\u0105 przyjemno\u015bci\u0105. Zarezerwuj swoj\u0105 podr\u00f3\u017c ju\u017c teraz i poznaj pi\u0119kno Poznania z Airport Taxi Wroc\u0142aw!<\/p>\n","protected":false},"excerpt":{"rendered":"<p>Zastanawiasz si\u0119, jak najlepiej dosta\u0107 si\u0119 z Wroc\u0142awia do Poznania? Wybierz Airport Taxi Wroc\u0142aw, a my zapewnimy Ci wygod\u0119, elegancj\u0119 i spok\u00f3j umys\u0142u. Nasza flota zawiera r\u00f3\u017cnorodne pojazdy, od ekonomicznych Toyota Corolla po luksusowe Porsche Panamera, wi\u0119c z pewno\u015bci\u0105 znajdziesz co\u015b dla siebie! Pozna\u0144, z jego zabytkowym Starym Rynkiem, imponuj\u0105cym Ratuszem i malowniczymi kamienicami, jest [&hellip;]<\/p>\n","protected":false},"featured_media":10493,"template":"","meta":{"_acf_changed":false,"rank_math_lock_modified_date":false},"product_cat":[36,20],"product_tag":[],"class_list":{"0":"post-10701","1":"product","2":"type-product","3":"status-publish","4":"has-post-thumbnail","6":"product_cat-miedzymiastowe","7":"product_cat-transfery","9":"first","10":"instock","11":"taxable","12":"shipping-taxable","13":"purchasable","14":"product-type-variable"},"acf":[],"_links":{"self":[{"href":"https:\/\/airporttaxiwroclaw.pl\/en\/wp-json\/wp\/v2\/product\/10701"}],"collection":[{"href":"https:\/\/airporttaxiwroclaw.pl\/en\/wp-json\/wp\/v2\/product"}],"about":[{"href":"https:\/\/airporttaxiwroclaw.pl\/en\/wp-json\/wp\/v2\/types\/product"}],"wp:featuredmedia":[{"embeddable":true,"href":"https:\/\/airporttaxiwroclaw.pl\/en\/wp-json\/wp\/v2\/media\/10493"}],"wp:attachment":[{"href":"https:\/\/airporttaxiwroclaw.pl\/en\/wp-json\/wp\/v2\/media?parent=10701"}],"wp:term":[{"taxonomy":"product_cat","embeddable":true,"href":"https:\/\/airporttaxiwroclaw.pl\/en\/wp-json\/wp\/v2\/product_cat?post=10701"},{"taxonomy":"product_tag","embeddable":true,"href":"https:\/\/airporttaxiwroclaw.pl\/en\/wp-json\/wp\/v2\/product_tag?post=10701"}],"curies":[{"name":"wp","href":"https:\/\/api.w.org\/{rel}","templated":true}]}}