{"id":10712,"date":"2023-01-12T23:20:00","date_gmt":"2023-01-12T23:20:00","guid":{"rendered":"http:\/\/airporttaxiwroclaw.pl\/?post_type=product&#038;p=10712"},"modified":"2024-05-24T08:51:19","modified_gmt":"2024-05-24T08:51:19","slug":"karpacz","status":"publish","type":"product","link":"https:\/\/airporttaxiwroclaw.pl\/en\/karpacz\/","title":{"rendered":"Prywatny przejazd Wroc\u0142aw &#8211; Karpacz"},"content":{"rendered":"<p>Czy marzysz o odwiedzeniu urokliwego Karpacza, per\u0142y Karkonoszy, b\u0119d\u0105cego domem dla wspania\u0142ych krajobraz\u00f3w, \u015bredniowiecznych zamk\u00f3w i wyj\u0105tkowej przyrody? Je\u015bli tak, Airport Taxi Wroc\u0142aw jest tu, aby przekszta\u0142ci\u0107 Twoje marzenia w rzeczywisto\u015b\u0107, oferuj\u0105c przejazdy pe\u0142ne komfortu i stylu, dzi\u0119ki kt\u00f3rym b\u0119dziesz m\u00f3g\u0142 w pe\u0142ni skoncentrowa\u0107 si\u0119 na planowaniu swojej przygody!<\/p>\n<p>Przy wyborze Airport Taxi Wroc\u0142aw, masz pewno\u015b\u0107, \u017ce podr\u00f3\u017cujesz najnowszymi modelami pojazd\u00f3w. Nasza flota obejmuje luksusowe modele takie jak Mercedes-Benz Klasa E czy Porsche Cayenne, kt\u00f3re umil\u0105 ka\u017cd\u0105 chwil\u0119 sp\u0119dzon\u0105 na trasie 125 km mi\u0119dzy Wroc\u0142awiem a Karpaczem.<\/p>\n<p>Karpacz, znany z niezr\u00f3wnanej urody i atrakcji turystycznych, taki jak s\u0142ynna \u015awi\u0105tynia Wang, jest miejscem, kt\u00f3re ka\u017cdy powinien odwiedzi\u0107. Daj si\u0119 oczarowa\u0107 majestatycznym widokom g\u00f3r, \u015bwie\u017cemu powietrzu i bogatej historii tego regionu, nie martwi\u0105c si\u0119 o kwestie transportu. Nasza profesjonalna ekipa zatroszczy si\u0119 o ka\u017cdy detal Twojej podr\u00f3\u017cy, aby\u015b m\u00f3g\u0142 w pe\u0142ni cieszy\u0107 si\u0119 tym, co Karpacz ma do zaoferowania.<\/p>\n<p>&nbsp;<\/p>\n<p><strong>Czy Airport Taxi Wroc\u0142aw to dobry wyb\u00f3r?<\/strong><\/p>\n<p><strong>Szeroki Wyb\u00f3r Pojazd\u00f3w:<\/strong> Dostosuj rodzaj samochodu do swoich potrzeb i bud\u017cetu.<\/p>\n<p><strong>Do\u015bwiadczeni Kierowcy:<\/strong> Znamy najlepsze trasy, aby dosta\u0107 Ci\u0119 do celu szybko i bezpiecznie.<\/p>\n<p><strong>Czysto\u015b\u0107 i Komfort:<\/strong> Wszystkie nasze pojazdy s\u0105 utrzymane w idealnym stanie.<\/p>\n<p>Odkrywaj pi\u0119kno Karpacza w luksusie i stylu, jakie oferuje Airport Taxi Wroc\u0142aw! Wygodna rezerwacja, jasne i konkurencyjne ceny oraz gwarancja najwy\u017cszej jako\u015bci us\u0142ug sprawi\u0105, \u017ce Twoja podr\u00f3\u017c b\u0119dzie prawdziw\u0105 przyjemno\u015bci\u0105. Nie zwlekaj! Zarezerwuj sw\u00f3j przejazd ju\u017c dzi\u015b i zanurz si\u0119 w urokach Karpacza z Airport Taxi Wroc\u0142aw!<\/p>\n","protected":false},"excerpt":{"rendered":"<p>Czy marzysz o odwiedzeniu urokliwego Karpacza, per\u0142y Karkonoszy, b\u0119d\u0105cego domem dla wspania\u0142ych krajobraz\u00f3w, \u015bredniowiecznych zamk\u00f3w i wyj\u0105tkowej przyrody? Je\u015bli tak, Airport Taxi Wroc\u0142aw jest tu, aby przekszta\u0142ci\u0107 Twoje marzenia w rzeczywisto\u015b\u0107, oferuj\u0105c przejazdy pe\u0142ne komfortu i stylu, dzi\u0119ki kt\u00f3rym b\u0119dziesz m\u00f3g\u0142 w pe\u0142ni skoncentrowa\u0107 si\u0119 na planowaniu swojej przygody! Przy wyborze Airport Taxi Wroc\u0142aw, masz [&hellip;]<\/p>\n","protected":false},"featured_media":12132,"template":"","meta":{"_acf_changed":false,"rank_math_lock_modified_date":false},"product_cat":[36,35,20],"product_tag":[71],"class_list":{"0":"post-10712","1":"product","2":"type-product","3":"status-publish","4":"has-post-thumbnail","6":"product_cat-miedzymiastowe","7":"product_cat-lotniskowe","8":"product_cat-transfery","9":"product_tag-zima","11":"first","12":"instock","13":"taxable","14":"shipping-taxable","15":"purchasable","16":"product-type-variable"},"acf":[],"_links":{"self":[{"href":"https:\/\/airporttaxiwroclaw.pl\/en\/wp-json\/wp\/v2\/product\/10712"}],"collection":[{"href":"https:\/\/airporttaxiwroclaw.pl\/en\/wp-json\/wp\/v2\/product"}],"about":[{"href":"https:\/\/airporttaxiwroclaw.pl\/en\/wp-json\/wp\/v2\/types\/product"}],"wp:featuredmedia":[{"embeddable":true,"href":"https:\/\/airporttaxiwroclaw.pl\/en\/wp-json\/wp\/v2\/media\/12132"}],"wp:attachment":[{"href":"https:\/\/airporttaxiwroclaw.pl\/en\/wp-json\/wp\/v2\/media?parent=10712"}],"wp:term":[{"taxonomy":"product_cat","embeddable":true,"href":"https:\/\/airporttaxiwroclaw.pl\/en\/wp-json\/wp\/v2\/product_cat?post=10712"},{"taxonomy":"product_tag","embeddable":true,"href":"https:\/\/airporttaxiwroclaw.pl\/en\/wp-json\/wp\/v2\/product_tag?post=10712"}],"curies":[{"name":"wp","href":"https:\/\/api.w.org\/{rel}","templated":true}]}}