{"id":10723,"date":"2023-01-12T23:27:06","date_gmt":"2023-01-12T23:27:06","guid":{"rendered":"http:\/\/airporttaxiwroclaw.pl\/?post_type=product&#038;p=10723"},"modified":"2024-05-24T08:50:53","modified_gmt":"2024-05-24T08:50:53","slug":"kalisz","status":"publish","type":"product","link":"https:\/\/airporttaxiwroclaw.pl\/en\/kalisz\/","title":{"rendered":"Prywatny przejazd Wroc\u0142aw &#8211; Kalisz"},"content":{"rendered":"<p>Planujesz podr\u00f3\u017c z Wroc\u0142awia do Kalisza? Wybierz Airport Taxi Wroc\u0142aw, by podr\u00f3\u017cowa\u0107 spokojnie i komfortowo! Nasza flota, w kt\u00f3rej znajduj\u0105 si\u0119 m.in. stylowa Skoda Superb i przestronne, 7 osobowe minivany Mercedes-Benz Vito, jest gotowa, aby zawie\u017a\u0107 Ci\u0119 na miejsce z najwy\u017cszym standardem obs\u0142ugi.<\/p>\n<p>Kalisz, jedno z najstarszych miast w Polsce, to miejsce pe\u0142ne historycznych atrakcji. Dlaczego wi\u0119c marnowa\u0107 czas na oczekiwanie na poci\u0105g czy autobus? Z Airport Taxi Wroc\u0142aw, zajmie si\u0119 prac\u0105 lub oddasz si\u0119 relaksowi w drodze do celu, ciesz\u0105c si\u0119 ka\u017cdym kilometrem podr\u00f3\u017cy. Z nami przejazd 130 km mi\u0119dzy tymi miastami stanie si\u0119 prawdziw\u0105 przyjemno\u015bci\u0105!<\/p>\n<p>&nbsp;<\/p>\n<p><strong>Dlaczego my?<\/strong><\/p>\n<p><strong>Wygoda i komfort:<\/strong> Nasze samochody to gwarancja przyjemnej podr\u00f3\u017cy.<\/p>\n<p><strong>Profesjonalizm:<\/strong> Do\u015bwiadczeni kierowcy, kt\u00f3rzy znaj\u0105 najlepsze trasy.<\/p>\n<p><strong>Jasne i atrakcyjne ceny:<\/strong> Brak ukrytych koszt\u00f3w i mo\u017cliwo\u015b\u0107 szybkiej rezerwacji online.<\/p>\n<p>&nbsp;<\/p>\n<p>Daj si\u0119 ponie\u015b\u0107 wygodzie i luksusowi, jakie oferuje Airport Taxi Wroc\u0142aw, i odkryj Kalisz bez zb\u0119dnych komplikacji! Rezerwuj\u0105c przejazd z nami, gwarantujesz sobie spokojn\u0105 g\u0142ow\u0119 i najwy\u017cszy standard obs\u0142ugi. Nie czekaj, sprawd\u017a nasz\u0105 ofert\u0119 i zarezerwuj swoj\u0105 podr\u00f3\u017c ju\u017c dzi\u015b! \ud83d\ude95<\/p>\n","protected":false},"excerpt":{"rendered":"<p>Planujesz podr\u00f3\u017c z Wroc\u0142awia do Kalisza? Wybierz Airport Taxi Wroc\u0142aw, by podr\u00f3\u017cowa\u0107 spokojnie i komfortowo! Nasza flota, w kt\u00f3rej znajduj\u0105 si\u0119 m.in. stylowa Skoda Superb i przestronne, 7 osobowe minivany Mercedes-Benz Vito, jest gotowa, aby zawie\u017a\u0107 Ci\u0119 na miejsce z najwy\u017cszym standardem obs\u0142ugi. Kalisz, jedno z najstarszych miast w Polsce, to miejsce pe\u0142ne historycznych atrakcji. [&hellip;]<\/p>\n","protected":false},"featured_media":11158,"template":"","meta":{"_acf_changed":false,"rank_math_lock_modified_date":false},"product_cat":[36,20],"product_tag":[],"class_list":{"0":"post-10723","1":"product","2":"type-product","3":"status-publish","4":"has-post-thumbnail","6":"product_cat-miedzymiastowe","7":"product_cat-transfery","9":"first","10":"instock","11":"taxable","12":"shipping-taxable","13":"purchasable","14":"product-type-variable"},"acf":[],"_links":{"self":[{"href":"https:\/\/airporttaxiwroclaw.pl\/en\/wp-json\/wp\/v2\/product\/10723"}],"collection":[{"href":"https:\/\/airporttaxiwroclaw.pl\/en\/wp-json\/wp\/v2\/product"}],"about":[{"href":"https:\/\/airporttaxiwroclaw.pl\/en\/wp-json\/wp\/v2\/types\/product"}],"wp:featuredmedia":[{"embeddable":true,"href":"https:\/\/airporttaxiwroclaw.pl\/en\/wp-json\/wp\/v2\/media\/11158"}],"wp:attachment":[{"href":"https:\/\/airporttaxiwroclaw.pl\/en\/wp-json\/wp\/v2\/media?parent=10723"}],"wp:term":[{"taxonomy":"product_cat","embeddable":true,"href":"https:\/\/airporttaxiwroclaw.pl\/en\/wp-json\/wp\/v2\/product_cat?post=10723"},{"taxonomy":"product_tag","embeddable":true,"href":"https:\/\/airporttaxiwroclaw.pl\/en\/wp-json\/wp\/v2\/product_tag?post=10723"}],"curies":[{"name":"wp","href":"https:\/\/api.w.org\/{rel}","templated":true}]}}