{"id":10734,"date":"2023-01-12T23:30:03","date_gmt":"2023-01-12T23:30:03","guid":{"rendered":"http:\/\/airporttaxiwroclaw.pl\/?post_type=product&#038;p=10734"},"modified":"2024-05-24T08:48:48","modified_gmt":"2024-05-24T08:48:48","slug":"bierutow","status":"publish","type":"product","link":"https:\/\/airporttaxiwroclaw.pl\/en\/bierutow\/","title":{"rendered":"Prywatny przejazd Wroc\u0142aw &#8211; Bierut\u00f3w"},"content":{"rendered":"<p>Masz w planach podr\u00f3\u017c do Bierutowa? Airport Taxi Wroc\u0142aw to Tw\u00f3j kompan w ka\u017cdej podr\u00f3\u017cy, gwarantuj\u0105cy bezpieczny i komfortowy przejazd. Dystans oko\u0142o 65 km to dla naszych do\u015bwiadczonych kierowc\u00f3w chwila, a dla Ciebie okazja, aby zrelaksowa\u0107 si\u0119 w przytulnym wn\u0119trzu naszych pojazd\u00f3w, takich jak Mercedes-Benz Klasa E czy dla wi\u0119kszej grupy 8-osobowy BUS Opel Vivaro.<\/p>\n<p>Bierut\u00f3w, malowniczo po\u0142o\u017cony, ma sw\u00f3j urok i z naszymi us\u0142ugami mo\u017cesz odkry\u0107 go w pe\u0142ni, bez martwienia si\u0119 o logistyk\u0119 podr\u00f3\u017cy. Zar\u00f3wno do cel\u00f3w biznesowych, jak i turystycznych, zapewniamy najwy\u017cszej jako\u015bci obs\u0142ug\u0119.<\/p>\n<p>&nbsp;<\/p>\n<p><strong>Dlaczego Airport Taxi Wroc\u0142aw to najlepszy wyb\u00f3r?<\/strong><\/p>\n<p><strong>Elastyczno\u015b\u0107 i dopasowanie:<\/strong> Wyb\u00f3r odpowiedniego pojazdu dla Ciebie z naszej zr\u00f3\u017cnicowanej floty.<\/p>\n<p><strong>Bezpiecze\u0144stwo i spok\u00f3j:<\/strong> Nasza ekipa to wykwalifikowani kierowcy, kt\u00f3rzy zadbaj\u0105 o Twoje bezpiecze\u0144stwo.<\/p>\n<p><strong>Wygodna rezerwacja i atrakcyjne ceny:<\/strong> Nasza transparentno\u015b\u0107 cenowa i \u0142atwo\u015b\u0107 rezerwacji to kolejne atuty.<\/p>\n<p>&nbsp;<\/p>\n<p>Spraw, aby Twoja podr\u00f3\u017c by\u0142a przyjemno\u015bci\u0105 z Airport Taxi Wroc\u0142aw. Daj sobie szans\u0119 na odkrycie, co to znaczy podr\u00f3\u017cowa\u0107 bez kompromis\u00f3w i zarezerwuj sw\u00f3j przejazd ju\u017c teraz! \u00a0Przekonaj si\u0119, jak \u0142atwo jest podr\u00f3\u017cowa\u0107 z nami, bez wzgl\u0119du na cel Twojej wizyty w Bierutowie!<\/p>\n","protected":false},"excerpt":{"rendered":"<p>Masz w planach podr\u00f3\u017c do Bierutowa? Airport Taxi Wroc\u0142aw to Tw\u00f3j kompan w ka\u017cdej podr\u00f3\u017cy, gwarantuj\u0105cy bezpieczny i komfortowy przejazd. Dystans oko\u0142o 65 km to dla naszych do\u015bwiadczonych kierowc\u00f3w chwila, a dla Ciebie okazja, aby zrelaksowa\u0107 si\u0119 w przytulnym wn\u0119trzu naszych pojazd\u00f3w, takich jak Mercedes-Benz Klasa E czy dla wi\u0119kszej grupy 8-osobowy BUS Opel Vivaro. [&hellip;]<\/p>\n","protected":false},"featured_media":12164,"template":"","meta":{"_acf_changed":false,"rank_math_lock_modified_date":false},"product_cat":[36,20],"product_tag":[],"class_list":{"0":"post-10734","1":"product","2":"type-product","3":"status-publish","4":"has-post-thumbnail","6":"product_cat-miedzymiastowe","7":"product_cat-transfery","9":"first","10":"instock","11":"taxable","12":"shipping-taxable","13":"purchasable","14":"product-type-variable"},"acf":[],"_links":{"self":[{"href":"https:\/\/airporttaxiwroclaw.pl\/en\/wp-json\/wp\/v2\/product\/10734"}],"collection":[{"href":"https:\/\/airporttaxiwroclaw.pl\/en\/wp-json\/wp\/v2\/product"}],"about":[{"href":"https:\/\/airporttaxiwroclaw.pl\/en\/wp-json\/wp\/v2\/types\/product"}],"wp:featuredmedia":[{"embeddable":true,"href":"https:\/\/airporttaxiwroclaw.pl\/en\/wp-json\/wp\/v2\/media\/12164"}],"wp:attachment":[{"href":"https:\/\/airporttaxiwroclaw.pl\/en\/wp-json\/wp\/v2\/media?parent=10734"}],"wp:term":[{"taxonomy":"product_cat","embeddable":true,"href":"https:\/\/airporttaxiwroclaw.pl\/en\/wp-json\/wp\/v2\/product_cat?post=10734"},{"taxonomy":"product_tag","embeddable":true,"href":"https:\/\/airporttaxiwroclaw.pl\/en\/wp-json\/wp\/v2\/product_tag?post=10734"}],"curies":[{"name":"wp","href":"https:\/\/api.w.org\/{rel}","templated":true}]}}