{"id":10745,"date":"2023-01-12T23:30:43","date_gmt":"2023-01-12T23:30:43","guid":{"rendered":"http:\/\/airporttaxiwroclaw.pl\/?post_type=product&#038;p=10745"},"modified":"2024-05-24T08:48:12","modified_gmt":"2024-05-24T08:48:12","slug":"belchatow","status":"publish","type":"product","link":"https:\/\/airporttaxiwroclaw.pl\/en\/belchatow\/","title":{"rendered":"Prywatny przejazd Wroc\u0142aw &#8211; Be\u0142chat\u00f3w"},"content":{"rendered":"<div id=\"lipsum\">\n<p>Planujesz wizyt\u0119 w Be\u0142chatowie? Z Airport Taxi Wroc\u0142aw podr\u00f3\u017c z Wroc\u0142awia do Be\u0142chatowa jest nie tylko komfortowa, ale r\u00f3wnie\u017c bezproblemowa. Dystans 200 km pokonasz w luksusie, korzystaj\u0105c z naszych pojazd\u00f3w takich jak Mercedes-Benz Klasa S czy 6-osobowy biznesowy minivan Mercedes-Benz Klasa V.<\/p>\n<p>Be\u0142chat\u00f3w, z jego atrakcjami i biznesowymi mo\u017cliwo\u015bciami, przyci\u0105ga r\u00f3\u017cnorodnych go\u015bci, a my jeste\u015bmy tutaj, aby zapewni\u0107 Ci najwy\u017cszy standard obs\u0142ugi. Bez wzgl\u0119du na to, czy jeste\u015b w podr\u00f3\u017cy s\u0142u\u017cbowej czy prywatnej, gwarantujemy spokojn\u0105 i przyjemn\u0105 podr\u00f3\u017c.<\/p>\n<p>&nbsp;<\/p>\n<p><strong>Dlaczego wybra\u0107 Airport Taxi Wroc\u0142aw?<\/strong><\/p>\n<p><strong>Dostosowane do Ciebie rozwi\u0105zania:<\/strong> Nasza r\u00f3\u017cnorodna flota pojazd\u00f3w sprawia, \u017ce ka\u017cdy znajdzie co\u015b dla siebie.<\/p>\n<p><strong>Spokojny umys\u0142:<\/strong> Profesjonalizm i do\u015bwiadczenie naszych kierowc\u00f3w zapewni\u0105 Ci bezpieczn\u0105 podr\u00f3\u017c.<\/p>\n<p><strong>Prosty proces rezerwacji:<\/strong> \u0141atwo\u015b\u0107 rezerwacji i konkurencyjne ceny sprawiaj\u0105, \u017ce wyb\u00f3r naszych us\u0142ug jest oczywisty.<\/p>\n<p>&nbsp;<\/p>\n<p>Z nami ka\u017cda podr\u00f3\u017c staje si\u0119 przyjemno\u015bci\u0105. Airport Taxi Wroc\u0142aw to Twoje najlepsze rozwi\u0105zanie na trasie Wroc\u0142aw &#8211; Be\u0142chat\u00f3w. Odkryj wygod\u0119, kt\u00f3r\u0105 mo\u017cemy Ci zaoferowa\u0107, i zarezerwuj ju\u017c teraz! \u00a0Z nami oszcz\u0119dzasz czas i podr\u00f3\u017cujesz w stylu!<\/p>\n<\/div>\n","protected":false},"excerpt":{"rendered":"<p>Planujesz wizyt\u0119 w Be\u0142chatowie? Z Airport Taxi Wroc\u0142aw podr\u00f3\u017c z Wroc\u0142awia do Be\u0142chatowa jest nie tylko komfortowa, ale r\u00f3wnie\u017c bezproblemowa. Dystans 200 km pokonasz w luksusie, korzystaj\u0105c z naszych pojazd\u00f3w takich jak Mercedes-Benz Klasa S czy 6-osobowy biznesowy minivan Mercedes-Benz Klasa V. Be\u0142chat\u00f3w, z jego atrakcjami i biznesowymi mo\u017cliwo\u015bciami, przyci\u0105ga r\u00f3\u017cnorodnych go\u015bci, a my jeste\u015bmy [&hellip;]<\/p>\n","protected":false},"featured_media":12164,"template":"","meta":{"_acf_changed":false,"rank_math_lock_modified_date":false},"product_cat":[36,20],"product_tag":[],"class_list":{"0":"post-10745","1":"product","2":"type-product","3":"status-publish","4":"has-post-thumbnail","6":"product_cat-miedzymiastowe","7":"product_cat-transfery","9":"first","10":"instock","11":"taxable","12":"shipping-taxable","13":"purchasable","14":"product-type-variable"},"acf":[],"_links":{"self":[{"href":"https:\/\/airporttaxiwroclaw.pl\/en\/wp-json\/wp\/v2\/product\/10745"}],"collection":[{"href":"https:\/\/airporttaxiwroclaw.pl\/en\/wp-json\/wp\/v2\/product"}],"about":[{"href":"https:\/\/airporttaxiwroclaw.pl\/en\/wp-json\/wp\/v2\/types\/product"}],"wp:featuredmedia":[{"embeddable":true,"href":"https:\/\/airporttaxiwroclaw.pl\/en\/wp-json\/wp\/v2\/media\/12164"}],"wp:attachment":[{"href":"https:\/\/airporttaxiwroclaw.pl\/en\/wp-json\/wp\/v2\/media?parent=10745"}],"wp:term":[{"taxonomy":"product_cat","embeddable":true,"href":"https:\/\/airporttaxiwroclaw.pl\/en\/wp-json\/wp\/v2\/product_cat?post=10745"},{"taxonomy":"product_tag","embeddable":true,"href":"https:\/\/airporttaxiwroclaw.pl\/en\/wp-json\/wp\/v2\/product_tag?post=10745"}],"curies":[{"name":"wp","href":"https:\/\/api.w.org\/{rel}","templated":true}]}}