{"id":10756,"date":"2023-01-12T23:31:30","date_gmt":"2023-01-12T23:31:30","guid":{"rendered":"http:\/\/airporttaxiwroclaw.pl\/?post_type=product&#038;p=10756"},"modified":"2024-05-24T08:46:11","modified_gmt":"2024-05-24T08:46:11","slug":"lubin","status":"publish","type":"product","link":"https:\/\/airporttaxiwroclaw.pl\/en\/lubin\/","title":{"rendered":"Prywatny przejazd Wroc\u0142aw &#8211; Lubin"},"content":{"rendered":"<p>Podr\u00f3\u017c z Wroc\u0142awia do Lubina nigdy nie by\u0142a tak przyjemna! Dzi\u0119ki Airport Taxi Wroc\u0142aw, mo\u017cesz prze\u017cy\u0107 podr\u00f3\u017c, kt\u00f3ra \u0142\u0105czy w sobie komfort, szybko\u015b\u0107 i bezpiecze\u0144stwo. Nasze samochody, takie jak elegancki Mercedes-Benz Klasa E czy przestronny bus Opel Vivaro, s\u0105 idealne zar\u00f3wno dla indywidualnych podr\u00f3\u017cnik\u00f3w, jak i wi\u0119kszych grup.<\/p>\n<p>Lubin to miasto pe\u0142ne mo\u017cliwo\u015bci, do kt\u00f3rego dojazd z Wroc\u0142awia to oko\u0142o 65 km. Nasza flota pojazd\u00f3w jest w stanie spe\u0142ni\u0107 wszystkie Twoje potrzeby, a do\u015bwiadczeni kierowcy s\u0105 zawsze gotowi dostarczy\u0107 Ci\u0119 na miejsce bez zb\u0119dnych op\u00f3\u017anie\u0144.<\/p>\n<p>&nbsp;<\/p>\n<p><strong>Dlaczego wybra\u0107 Airport Taxi Wroc\u0142aw?<\/strong><\/p>\n<p><strong>R\u00f3\u017cnorodno\u015b\u0107 wyboru:<\/strong> Wybierz pojazd, kt\u00f3ry najlepiej odpowiada Twoim potrzebom i preferencjom.<\/p>\n<p><strong>Bezproblemowa rezerwacja:<\/strong> Prosty proces rezerwacji oraz przejrzysto\u015b\u0107 cen.<\/p>\n<p><strong>Do\u015bwiadczeni kierowcy:<\/strong> Skorzystaj z wiedzy i do\u015bwiadczenia naszych kierowc\u00f3w, aby unikn\u0105\u0107 kork\u00f3w i dotrze\u0107 na miejsce na czas.<\/p>\n<p>&nbsp;<\/p>\n<p>Airport Taxi Wroc\u0142aw to gwarancja satysfakcji oraz najwy\u017cszej jako\u015bci us\u0142ug transportowych. Sprawd\u017a sam, jak mo\u017cemy uczyni\u0107 Twoj\u0105 podr\u00f3\u017c z Wroc\u0142awia do Lubina jeszcze bardziej komfortow\u0105! \u00a0Zarezerwuj teraz i poczuj r\u00f3\u017cnic\u0119!<\/p>\n","protected":false},"excerpt":{"rendered":"<p>Podr\u00f3\u017c z Wroc\u0142awia do Lubina nigdy nie by\u0142a tak przyjemna! Dzi\u0119ki Airport Taxi Wroc\u0142aw, mo\u017cesz prze\u017cy\u0107 podr\u00f3\u017c, kt\u00f3ra \u0142\u0105czy w sobie komfort, szybko\u015b\u0107 i bezpiecze\u0144stwo. Nasze samochody, takie jak elegancki Mercedes-Benz Klasa E czy przestronny bus Opel Vivaro, s\u0105 idealne zar\u00f3wno dla indywidualnych podr\u00f3\u017cnik\u00f3w, jak i wi\u0119kszych grup. Lubin to miasto pe\u0142ne mo\u017cliwo\u015bci, do kt\u00f3rego [&hellip;]<\/p>\n","protected":false},"featured_media":11158,"template":"","meta":{"_acf_changed":false,"rank_math_lock_modified_date":false},"product_cat":[36,20],"product_tag":[],"class_list":{"0":"post-10756","1":"product","2":"type-product","3":"status-publish","4":"has-post-thumbnail","6":"product_cat-miedzymiastowe","7":"product_cat-transfery","9":"first","10":"instock","11":"taxable","12":"shipping-taxable","13":"purchasable","14":"product-type-variable"},"acf":[],"_links":{"self":[{"href":"https:\/\/airporttaxiwroclaw.pl\/en\/wp-json\/wp\/v2\/product\/10756"}],"collection":[{"href":"https:\/\/airporttaxiwroclaw.pl\/en\/wp-json\/wp\/v2\/product"}],"about":[{"href":"https:\/\/airporttaxiwroclaw.pl\/en\/wp-json\/wp\/v2\/types\/product"}],"wp:featuredmedia":[{"embeddable":true,"href":"https:\/\/airporttaxiwroclaw.pl\/en\/wp-json\/wp\/v2\/media\/11158"}],"wp:attachment":[{"href":"https:\/\/airporttaxiwroclaw.pl\/en\/wp-json\/wp\/v2\/media?parent=10756"}],"wp:term":[{"taxonomy":"product_cat","embeddable":true,"href":"https:\/\/airporttaxiwroclaw.pl\/en\/wp-json\/wp\/v2\/product_cat?post=10756"},{"taxonomy":"product_tag","embeddable":true,"href":"https:\/\/airporttaxiwroclaw.pl\/en\/wp-json\/wp\/v2\/product_tag?post=10756"}],"curies":[{"name":"wp","href":"https:\/\/api.w.org\/{rel}","templated":true}]}}