{"id":10767,"date":"2023-01-12T23:31:31","date_gmt":"2023-01-12T23:31:31","guid":{"rendered":"http:\/\/airporttaxiwroclaw.pl\/?post_type=product&#038;p=10767"},"modified":"2024-05-24T08:45:39","modified_gmt":"2024-05-24T08:45:39","slug":"prywatny-przejazd-wroclaw-ostrzeszow","status":"publish","type":"product","link":"https:\/\/airporttaxiwroclaw.pl\/en\/prywatny-przejazd-wroclaw-ostrzeszow\/","title":{"rendered":"Prywatny przejazd Wroc\u0142aw &#8211; Ostrzesz\u00f3w"},"content":{"rendered":"<p>Planujesz wyjazd z Wroc\u0142awia do Ostrzeszowa? Niezale\u017cnie od tego, czy jedziesz tam s\u0142u\u017cbowo, czy te\u017c w celach prywatnych, Airport Taxi Wroc\u0142aw to Tw\u00f3j najlepszy wyb\u00f3r, by podr\u00f3\u017c by\u0142a nie tylko szybka, ale tak\u017ce komfortowa i na najwy\u017cszym poziomie. Nasze samochody, takie jak dynamiczna Skoda Superb czy praktyczny, 8 osobowy Renault Trafic, gwarantuj\u0105 bezpiecze\u0144stwo i wygod\u0119 na ka\u017cdym kroku.<\/p>\n<p>Trasa z Wroc\u0142awia do Ostrzeszowa to dystans oko\u0142o 100 km, kt\u00f3ry z nami pokonasz w relaksuj\u0105cej atmosferze. Dzi\u0119ki do\u015bwiadczonym kierowcom, kt\u00f3rzy dbaj\u0105 o to, by omija\u0107 korki i zatory, podr\u00f3\u017c z nami to czysta przyjemno\u015b\u0107.<\/p>\n<p>&nbsp;<\/p>\n<p><strong>Dlaczego Airport Taxi Wroc\u0142aw to doskona\u0142y wyb\u00f3r?<\/strong><\/p>\n<p><strong>Szeroki wyb\u00f3r pojazd\u00f3w:<\/strong> Dostosowujemy si\u0119 do Twoich potrzeb &#8211; od samochod\u00f3w ekonomicznych po luksusowe limuzyny.<\/p>\n<p><strong>Prostota i pewno\u015b\u0107:<\/strong> \u0141atwa rezerwacja, gwarantowana cena bez ukrytych koszt\u00f3w.<\/p>\n<p><strong>Profesjonalni kierowcy:<\/strong> Dzi\u0119ki naszemu do\u015bwiadczeniu masz pewno\u015b\u0107, \u017ce dojdziesz na miejsce szybko i bezpiecznie.<\/p>\n<p>&nbsp;<\/p>\n<p>Daj si\u0119 przekona\u0107, \u017ce podr\u00f3\u017c z Airport Taxi Wroc\u0142aw to co\u015b wi\u0119cej ni\u017c zwyk\u0142y transfer. To do\u015bwiadczenie, kt\u00f3re \u0142\u0105czy wygod\u0119 z profesjonalizmem. Zarezerwuj swoj\u0105 podr\u00f3\u017c z Wroc\u0142awia do Ostrzeszowa ju\u017c dzi\u015b i przekonaj si\u0119 sam!<\/p>\n","protected":false},"excerpt":{"rendered":"<p>Planujesz wyjazd z Wroc\u0142awia do Ostrzeszowa? Niezale\u017cnie od tego, czy jedziesz tam s\u0142u\u017cbowo, czy te\u017c w celach prywatnych, Airport Taxi Wroc\u0142aw to Tw\u00f3j najlepszy wyb\u00f3r, by podr\u00f3\u017c by\u0142a nie tylko szybka, ale tak\u017ce komfortowa i na najwy\u017cszym poziomie. Nasze samochody, takie jak dynamiczna Skoda Superb czy praktyczny, 8 osobowy Renault Trafic, gwarantuj\u0105 bezpiecze\u0144stwo i wygod\u0119 [&hellip;]<\/p>\n","protected":false},"featured_media":12164,"template":"","meta":{"_acf_changed":false,"rank_math_lock_modified_date":false},"product_cat":[36,20],"product_tag":[],"class_list":{"0":"post-10767","1":"product","2":"type-product","3":"status-publish","4":"has-post-thumbnail","6":"product_cat-miedzymiastowe","7":"product_cat-transfery","9":"first","10":"instock","11":"taxable","12":"shipping-taxable","13":"purchasable","14":"product-type-variable"},"acf":[],"_links":{"self":[{"href":"https:\/\/airporttaxiwroclaw.pl\/en\/wp-json\/wp\/v2\/product\/10767"}],"collection":[{"href":"https:\/\/airporttaxiwroclaw.pl\/en\/wp-json\/wp\/v2\/product"}],"about":[{"href":"https:\/\/airporttaxiwroclaw.pl\/en\/wp-json\/wp\/v2\/types\/product"}],"wp:featuredmedia":[{"embeddable":true,"href":"https:\/\/airporttaxiwroclaw.pl\/en\/wp-json\/wp\/v2\/media\/12164"}],"wp:attachment":[{"href":"https:\/\/airporttaxiwroclaw.pl\/en\/wp-json\/wp\/v2\/media?parent=10767"}],"wp:term":[{"taxonomy":"product_cat","embeddable":true,"href":"https:\/\/airporttaxiwroclaw.pl\/en\/wp-json\/wp\/v2\/product_cat?post=10767"},{"taxonomy":"product_tag","embeddable":true,"href":"https:\/\/airporttaxiwroclaw.pl\/en\/wp-json\/wp\/v2\/product_tag?post=10767"}],"curies":[{"name":"wp","href":"https:\/\/api.w.org\/{rel}","templated":true}]}}