{"id":10778,"date":"2023-01-12T23:31:32","date_gmt":"2023-01-12T23:31:32","guid":{"rendered":"http:\/\/airporttaxiwroclaw.pl\/?post_type=product&#038;p=10778"},"modified":"2024-05-24T08:44:59","modified_gmt":"2024-05-24T08:44:59","slug":"dzierzoniow","status":"publish","type":"product","link":"https:\/\/airporttaxiwroclaw.pl\/en\/dzierzoniow\/","title":{"rendered":"Prywatny przejazd Wroc\u0142aw &#8211; Dzier\u017coni\u00f3w"},"content":{"rendered":"<p>Planujesz podr\u00f3\u017c z Wroc\u0142awia do Dzier\u017coniowa? Wybierz Airport Taxi Wroc\u0142aw i przekonaj si\u0119, jak przyjemna i bezstresowa mo\u017ce by\u0107 podr\u00f3\u017c dzi\u0119ki naszym luksusowym pojazdom, takim jak wykwintny Porsche Panamera czy wygodny, 6 osobowy minivan Mercedes-Benz Klasa V dla nieco wi\u0119kszych grup.<\/p>\n<p>Dzier\u017coni\u00f3w, z jego urokliwym rynkiem i zabytkowymi kamieniczkami, jest od Wroc\u0142awia oddalony o oko\u0142o 60 km. Oferujemy kr\u00f3tki i przyjemny przejazd, kt\u00f3ry pozwoli Ci oszcz\u0119dzi\u0107 czas i energi\u0119 na eksplorowanie tego pi\u0119knego miasta.<\/p>\n<p>&nbsp;<\/p>\n<p><strong>Dlaczego Airport Taxi Wroc\u0142aw?<\/strong><\/p>\n<p><strong>R\u00f3\u017cnorodno\u015b\u0107 Wyboru:<\/strong> Oferujemy szerok\u0105 gam\u0119 pojazd\u00f3w, aby sprosta\u0107 Twoim potrzebom i preferencjom.<\/p>\n<p><strong>Bezproblemowa Rezerwacja:<\/strong> Szybka i \u0142atwa rezerwacja online z gwarancj\u0105 sta\u0142ej ceny.<\/p>\n<p><strong>Do\u015bwiadczeni Kierowcy:<\/strong> Nasi kierowcy s\u0105 profesjonalni, uprzejmi i dobrze znaj\u0105 lokalne trasy.<\/p>\n<p>&nbsp;<\/p>\n<p>Podr\u00f3\u017ce z Airport Taxi Wroc\u0142aw to wi\u0119cej ni\u017c tylko transport. To komfortowa i bezpieczna podr\u00f3\u017c z dba\u0142o\u015bci\u0105 o ka\u017cdy szczeg\u00f3\u0142. Spraw, aby Twoja podr\u00f3\u017c by\u0142a r\u00f3wnie wyj\u0105tkowa, co miejsca, kt\u00f3re odwiedzasz. Do\u015bwiadcz komfortu, wygody i spokoju podczas podr\u00f3\u017cy z Wroc\u0142awia do Dzier\u017coniowa. Zarezerwuj swoje miejsce ju\u017c dzi\u015b!<\/p>\n","protected":false},"excerpt":{"rendered":"<p>Planujesz podr\u00f3\u017c z Wroc\u0142awia do Dzier\u017coniowa? Wybierz Airport Taxi Wroc\u0142aw i przekonaj si\u0119, jak przyjemna i bezstresowa mo\u017ce by\u0107 podr\u00f3\u017c dzi\u0119ki naszym luksusowym pojazdom, takim jak wykwintny Porsche Panamera czy wygodny, 6 osobowy minivan Mercedes-Benz Klasa V dla nieco wi\u0119kszych grup. Dzier\u017coni\u00f3w, z jego urokliwym rynkiem i zabytkowymi kamieniczkami, jest od Wroc\u0142awia oddalony o oko\u0142o [&hellip;]<\/p>\n","protected":false},"featured_media":12134,"template":"","meta":{"_acf_changed":false,"rank_math_lock_modified_date":false},"product_cat":[36,20],"product_tag":[],"class_list":{"0":"post-10778","1":"product","2":"type-product","3":"status-publish","4":"has-post-thumbnail","6":"product_cat-miedzymiastowe","7":"product_cat-transfery","9":"first","10":"instock","11":"taxable","12":"shipping-taxable","13":"purchasable","14":"product-type-variable"},"acf":[],"_links":{"self":[{"href":"https:\/\/airporttaxiwroclaw.pl\/en\/wp-json\/wp\/v2\/product\/10778"}],"collection":[{"href":"https:\/\/airporttaxiwroclaw.pl\/en\/wp-json\/wp\/v2\/product"}],"about":[{"href":"https:\/\/airporttaxiwroclaw.pl\/en\/wp-json\/wp\/v2\/types\/product"}],"wp:featuredmedia":[{"embeddable":true,"href":"https:\/\/airporttaxiwroclaw.pl\/en\/wp-json\/wp\/v2\/media\/12134"}],"wp:attachment":[{"href":"https:\/\/airporttaxiwroclaw.pl\/en\/wp-json\/wp\/v2\/media?parent=10778"}],"wp:term":[{"taxonomy":"product_cat","embeddable":true,"href":"https:\/\/airporttaxiwroclaw.pl\/en\/wp-json\/wp\/v2\/product_cat?post=10778"},{"taxonomy":"product_tag","embeddable":true,"href":"https:\/\/airporttaxiwroclaw.pl\/en\/wp-json\/wp\/v2\/product_tag?post=10778"}],"curies":[{"name":"wp","href":"https:\/\/api.w.org\/{rel}","templated":true}]}}