{"id":10789,"date":"2023-01-12T23:31:33","date_gmt":"2023-01-12T23:31:33","guid":{"rendered":"http:\/\/airporttaxiwroclaw.pl\/?post_type=product&#038;p=10789"},"modified":"2024-05-24T08:44:27","modified_gmt":"2024-05-24T08:44:27","slug":"jarocin","status":"publish","type":"product","link":"https:\/\/airporttaxiwroclaw.pl\/en\/jarocin\/","title":{"rendered":"Prywatny przejazd Wroc\u0142aw &#8211; Jarocin"},"content":{"rendered":"<p>Szukasz komfortowego i niezawodnego transportu mi\u0119dzy Wroc\u0142awiem a Jarocinem? Z Airport Taxi Wroc\u0142aw, Twoja podr\u00f3\u017c b\u0119dzie przyjemna i spokojna, dzi\u0119ki naszym r\u00f3\u017cnorodnym pojazdom, takim jak elegancki Mercedes-Benz Klasa E lub przestronny, 8 osobowy bus Renault Trafic dla wi\u0119kszych grup.<\/p>\n<p>Jarocin, znany z historii muzyki rockowej, znajduje si\u0119 w odleg\u0142o\u015bci oko\u0142o 140 km od Wroc\u0142awia, co pozwala na dojazd w ci\u0105gu zaledwie 2 godzin. Dzi\u0119ki naszym nowoczesnym pojazdom, kt\u00f3re oferuj\u0105 mi\u0119dzy innymi komfortowe siedzenia i klimatyzacj\u0119, Twoja podr\u00f3\u017c b\u0119dzie czyst\u0105 przyjemno\u015bci\u0105.<\/p>\n<p>&nbsp;<\/p>\n<p><strong>Dlaczego warto wybra\u0107 Airport Taxi Wroc\u0142aw?<\/strong><\/p>\n<p><strong>Elastyczno\u015b\u0107 i Dostosowanie:<\/strong> Posiadamy r\u00f3\u017cne segmenty pojazd\u00f3w, aby sprosta\u0107 Twoim indywidualnym potrzebom.<\/p>\n<p><strong>Jasne Zasady:<\/strong> Transparentno\u015b\u0107 w cenniku oraz \u0142atwo\u015b\u0107 rezerwacji online.<\/p>\n<p><strong>Profesjonalizm i Do\u015bwiadczenie:<\/strong> Kierowcy z lokaln\u0105 wiedz\u0105 i wieloletnim do\u015bwiadczeniem.<\/p>\n<p>&nbsp;<\/p>\n<p>Z Airport Taxi Wroc\u0142aw masz pewno\u015b\u0107, \u017ce Twoja podr\u00f3\u017c odbywa si\u0119 w komfortowych warunkach, a nasz zesp\u00f3\u0142 jest zawsze gotowy, aby spe\u0142ni\u0107 Twoje oczekiwania. Wybierz us\u0142ugi, kt\u00f3re przynios\u0105 Ci spok\u00f3j i satysfakcj\u0119, i ciesz si\u0119 podr\u00f3\u017c\u0105 z Wroc\u0142awia do Jarocina z najwy\u017cszym standardem obs\u0142ugi! Zarezerwuj swoj\u0105 podr\u00f3\u017c ju\u017c teraz!<\/p>\n","protected":false},"excerpt":{"rendered":"<p>Szukasz komfortowego i niezawodnego transportu mi\u0119dzy Wroc\u0142awiem a Jarocinem? Z Airport Taxi Wroc\u0142aw, Twoja podr\u00f3\u017c b\u0119dzie przyjemna i spokojna, dzi\u0119ki naszym r\u00f3\u017cnorodnym pojazdom, takim jak elegancki Mercedes-Benz Klasa E lub przestronny, 8 osobowy bus Renault Trafic dla wi\u0119kszych grup. Jarocin, znany z historii muzyki rockowej, znajduje si\u0119 w odleg\u0142o\u015bci oko\u0142o 140 km od Wroc\u0142awia, co [&hellip;]<\/p>\n","protected":false},"featured_media":11158,"template":"","meta":{"_acf_changed":false,"rank_math_lock_modified_date":false},"product_cat":[36,20],"product_tag":[],"class_list":{"0":"post-10789","1":"product","2":"type-product","3":"status-publish","4":"has-post-thumbnail","6":"product_cat-miedzymiastowe","7":"product_cat-transfery","9":"first","10":"instock","11":"taxable","12":"shipping-taxable","13":"purchasable","14":"product-type-variable"},"acf":[],"_links":{"self":[{"href":"https:\/\/airporttaxiwroclaw.pl\/en\/wp-json\/wp\/v2\/product\/10789"}],"collection":[{"href":"https:\/\/airporttaxiwroclaw.pl\/en\/wp-json\/wp\/v2\/product"}],"about":[{"href":"https:\/\/airporttaxiwroclaw.pl\/en\/wp-json\/wp\/v2\/types\/product"}],"wp:featuredmedia":[{"embeddable":true,"href":"https:\/\/airporttaxiwroclaw.pl\/en\/wp-json\/wp\/v2\/media\/11158"}],"wp:attachment":[{"href":"https:\/\/airporttaxiwroclaw.pl\/en\/wp-json\/wp\/v2\/media?parent=10789"}],"wp:term":[{"taxonomy":"product_cat","embeddable":true,"href":"https:\/\/airporttaxiwroclaw.pl\/en\/wp-json\/wp\/v2\/product_cat?post=10789"},{"taxonomy":"product_tag","embeddable":true,"href":"https:\/\/airporttaxiwroclaw.pl\/en\/wp-json\/wp\/v2\/product_tag?post=10789"}],"curies":[{"name":"wp","href":"https:\/\/api.w.org\/{rel}","templated":true}]}}