{"id":10800,"date":"2023-01-12T23:31:34","date_gmt":"2023-01-12T23:31:34","guid":{"rendered":"http:\/\/airporttaxiwroclaw.pl\/?post_type=product&#038;p=10800"},"modified":"2024-05-24T08:43:56","modified_gmt":"2024-05-24T08:43:56","slug":"prywatny-przejazd-wroclaw-gdynia","status":"publish","type":"product","link":"https:\/\/airporttaxiwroclaw.pl\/en\/prywatny-przejazd-wroclaw-gdynia\/","title":{"rendered":"Prywatny przejazd Wroc\u0142aw &#8211; Gdynia"},"content":{"rendered":"<p>Planujesz podr\u00f3\u017c z Wroc\u0142awia do Gdyni i poszukujesz transportu, kt\u00f3ry pozwoli Ci odpocz\u0105\u0107 i delektowa\u0107 si\u0119 podr\u00f3\u017c\u0105? Wybierz Airport Taxi Wroc\u0142aw i do\u015bwiadcz profesjonalizmu oraz wygody, jak\u0105 oferuje nasza flota pojazd\u00f3w, w tym komfortowe, 6 osobowe minivany Mercedes-Benz Vito oraz stylowe sedany jak Audi A6.<\/p>\n<p>Gdynia, pi\u0119kne miasto portowe nad Ba\u0142tykiem, jest oddalona od Wroc\u0142awia o oko\u0142o 500 km. \u015aredni czas podr\u00f3\u017cy to oko\u0142o 5 godzin. Nasze pojazdy, wyposa\u017cone w komfortowe siedzenia, klimatyzacj\u0119 i przestronne wn\u0119trza, gwarantuj\u0105 przyjemn\u0105 i relaksuj\u0105c\u0105 podr\u00f3\u017c.<\/p>\n<p>&nbsp;<\/p>\n<p><strong>Korzy\u015bci z podr\u00f3\u017cy z Airport Taxi Wroc\u0142aw:<\/strong><\/p>\n<p><strong>Komfort i wygoda:<\/strong> Dost\u0119p do r\u00f3\u017cnych klas pojazd\u00f3w, kt\u00f3re spe\u0142ni\u0105 Twoje potrzeby i preferencje.<\/p>\n<p><strong>Bezproblemowa Rezerwacja:<\/strong> Proces rezerwacji jest prosty i przejrzysty, a nasze ceny s\u0105 konkurencyjne i uczciwe.<\/p>\n<p><strong>Profesjonalna Obs\u0142uga:<\/strong> Do\u015bwiadczeni kierowcy, znaj\u0105cy teren i gotowi dostosowa\u0107 si\u0119 do Twoich potrzeb.<\/p>\n<p>&nbsp;<\/p>\n<p>Przekonaj si\u0119, jak komfortowe i bezstresowe mo\u017ce by\u0107 podr\u00f3\u017cowanie z Wroc\u0142awia do Gdyni z Airport Taxi Wroc\u0142aw. Zapewniamy, \u017ce nasze us\u0142ugi pozwol\u0105 Ci cieszy\u0107 si\u0119 ka\u017cd\u0105 minut\u0105 podr\u00f3\u017cy, umo\u017cliwiaj\u0105c spokojny czas, kt\u00f3ry mo\u017cesz spo\u017cytkowa\u0107 wed\u0142ug w\u0142asnych potrzeb. Wybierz nas i prze\u017cyj podr\u00f3\u017c, kt\u00f3ra przewy\u017cszy Twoje oczekiwania! Zarezerwuj sw\u00f3j przejazd ju\u017c dzi\u015b!<\/p>\n","protected":false},"excerpt":{"rendered":"<p>Planujesz podr\u00f3\u017c z Wroc\u0142awia do Gdyni i poszukujesz transportu, kt\u00f3ry pozwoli Ci odpocz\u0105\u0107 i delektowa\u0107 si\u0119 podr\u00f3\u017c\u0105? Wybierz Airport Taxi Wroc\u0142aw i do\u015bwiadcz profesjonalizmu oraz wygody, jak\u0105 oferuje nasza flota pojazd\u00f3w, w tym komfortowe, 6 osobowe minivany Mercedes-Benz Vito oraz stylowe sedany jak Audi A6. Gdynia, pi\u0119kne miasto portowe nad Ba\u0142tykiem, jest oddalona od Wroc\u0142awia [&hellip;]<\/p>\n","protected":false},"featured_media":11158,"template":"","meta":{"_acf_changed":false,"rank_math_lock_modified_date":false},"product_cat":[36,20],"product_tag":[],"class_list":{"0":"post-10800","1":"product","2":"type-product","3":"status-publish","4":"has-post-thumbnail","6":"product_cat-miedzymiastowe","7":"product_cat-transfery","9":"first","10":"instock","11":"taxable","12":"shipping-taxable","13":"purchasable","14":"product-type-variable"},"acf":[],"_links":{"self":[{"href":"https:\/\/airporttaxiwroclaw.pl\/en\/wp-json\/wp\/v2\/product\/10800"}],"collection":[{"href":"https:\/\/airporttaxiwroclaw.pl\/en\/wp-json\/wp\/v2\/product"}],"about":[{"href":"https:\/\/airporttaxiwroclaw.pl\/en\/wp-json\/wp\/v2\/types\/product"}],"wp:featuredmedia":[{"embeddable":true,"href":"https:\/\/airporttaxiwroclaw.pl\/en\/wp-json\/wp\/v2\/media\/11158"}],"wp:attachment":[{"href":"https:\/\/airporttaxiwroclaw.pl\/en\/wp-json\/wp\/v2\/media?parent=10800"}],"wp:term":[{"taxonomy":"product_cat","embeddable":true,"href":"https:\/\/airporttaxiwroclaw.pl\/en\/wp-json\/wp\/v2\/product_cat?post=10800"},{"taxonomy":"product_tag","embeddable":true,"href":"https:\/\/airporttaxiwroclaw.pl\/en\/wp-json\/wp\/v2\/product_tag?post=10800"}],"curies":[{"name":"wp","href":"https:\/\/api.w.org\/{rel}","templated":true}]}}