{"id":10811,"date":"2023-01-12T23:31:35","date_gmt":"2023-01-12T23:31:35","guid":{"rendered":"http:\/\/airporttaxiwroclaw.pl\/?post_type=product&#038;p=10811"},"modified":"2024-05-24T08:43:23","modified_gmt":"2024-05-24T08:43:23","slug":"prywatny-przejazd-wroclaw-katowice","status":"publish","type":"product","link":"https:\/\/airporttaxiwroclaw.pl\/en\/prywatny-przejazd-wroclaw-katowice\/","title":{"rendered":"Prywatny przejazd Wroc\u0142aw &#8211; Katowice"},"content":{"rendered":"<p>Szukasz wygodnego i niezawodnego \u015brodka transportu pomi\u0119dzy Wroc\u0142awiem a Katowicami? Airport Taxi Wroc\u0142aw oferuje profesjonalne us\u0142ugi przewozu osobowego, kt\u00f3re spe\u0142ni\u0105 wszystkie Twoje potrzeby. Wybierz komfortow\u0105 Skod\u0119 Superb, eleganck\u0105 Toyota Corolla, lub 8-osobowy bus Renault Trafic i daj si\u0119 ponie\u015b\u0107 komfortowi i luksusowi na trasie do Katowic.<\/p>\n<p>Katowice, pulsuj\u0105ce \u017cyciem centrum \u015al\u0105ska, s\u0105 oddalone od Wroc\u0142awia o oko\u0142o 200 km. Czas przejazdu wynosi oko\u0142o 2 godziny, a dzi\u0119ki naszym us\u0142ugom b\u0119dziesz m\u00f3g\u0142 si\u0119 zrelaksowa\u0107 lub spokojnie pracowa\u0107 w czasie podr\u00f3\u017cy.<\/p>\n<p>&nbsp;<\/p>\n<p><strong>Dlaczego warto wybra\u0107 Airport Taxi Wroc\u0142aw?<\/strong><\/p>\n<p><strong>Profesjonalizm i do\u015bwiadczenie:<\/strong> Nasza za\u0142oga to do\u015bwiadczeni kierowcy, kt\u00f3rzy zawsze dbaj\u0105 o bezpiecze\u0144stwo i komfort podr\u00f3\u017cy.<\/p>\n<p><strong>Prosty proces rezerwacji:<\/strong> Rezerwuj szybko i \u0142atwo online, bez ukrytych op\u0142at i z gwarancj\u0105 sta\u0142ej ceny.<\/p>\n<p><strong>Dostosowany do Twoich potrzeb:<\/strong> Zapewniamy r\u00f3\u017cnorodno\u015b\u0107 pojazd\u00f3w i us\u0142ug, aby sprosta\u0107 oczekiwaniom ka\u017cdego klienta.<\/p>\n<p>&nbsp;<\/p>\n<p>Podr\u00f3\u017cuj z nami i do\u015bwiadcz jako\u015bci, kt\u00f3ra przewy\u017csza Twoje oczekiwania! Z Airport Taxi Wroc\u0142aw ka\u017cda podr\u00f3\u017c to przyjemno\u015b\u0107, a Ty mo\u017cesz skoncentrowa\u0107 si\u0119 na tym, co najwa\u017cniejsze! Wybierz nas i przekonaj si\u0119, jak \u0142atwe i przyjemne mo\u017ce by\u0107 podr\u00f3\u017cowanie mi\u0119dzy Wroc\u0142awiem a Katowicami! Zarezerwuj ju\u017c teraz! \ud83d\ude95<\/p>\n","protected":false},"excerpt":{"rendered":"<p>Szukasz wygodnego i niezawodnego \u015brodka transportu pomi\u0119dzy Wroc\u0142awiem a Katowicami? Airport Taxi Wroc\u0142aw oferuje profesjonalne us\u0142ugi przewozu osobowego, kt\u00f3re spe\u0142ni\u0105 wszystkie Twoje potrzeby. Wybierz komfortow\u0105 Skod\u0119 Superb, eleganck\u0105 Toyota Corolla, lub 8-osobowy bus Renault Trafic i daj si\u0119 ponie\u015b\u0107 komfortowi i luksusowi na trasie do Katowic. Katowice, pulsuj\u0105ce \u017cyciem centrum \u015al\u0105ska, s\u0105 oddalone od Wroc\u0142awia [&hellip;]<\/p>\n","protected":false},"featured_media":12154,"template":"","meta":{"_acf_changed":false,"rank_math_lock_modified_date":false},"product_cat":[36,20],"product_tag":[],"class_list":{"0":"post-10811","1":"product","2":"type-product","3":"status-publish","4":"has-post-thumbnail","6":"product_cat-miedzymiastowe","7":"product_cat-transfery","9":"first","10":"instock","11":"taxable","12":"shipping-taxable","13":"purchasable","14":"product-type-variable"},"acf":[],"_links":{"self":[{"href":"https:\/\/airporttaxiwroclaw.pl\/en\/wp-json\/wp\/v2\/product\/10811"}],"collection":[{"href":"https:\/\/airporttaxiwroclaw.pl\/en\/wp-json\/wp\/v2\/product"}],"about":[{"href":"https:\/\/airporttaxiwroclaw.pl\/en\/wp-json\/wp\/v2\/types\/product"}],"wp:featuredmedia":[{"embeddable":true,"href":"https:\/\/airporttaxiwroclaw.pl\/en\/wp-json\/wp\/v2\/media\/12154"}],"wp:attachment":[{"href":"https:\/\/airporttaxiwroclaw.pl\/en\/wp-json\/wp\/v2\/media?parent=10811"}],"wp:term":[{"taxonomy":"product_cat","embeddable":true,"href":"https:\/\/airporttaxiwroclaw.pl\/en\/wp-json\/wp\/v2\/product_cat?post=10811"},{"taxonomy":"product_tag","embeddable":true,"href":"https:\/\/airporttaxiwroclaw.pl\/en\/wp-json\/wp\/v2\/product_tag?post=10811"}],"curies":[{"name":"wp","href":"https:\/\/api.w.org\/{rel}","templated":true}]}}