{"id":10835,"date":"2023-01-12T23:35:41","date_gmt":"2023-01-12T23:35:41","guid":{"rendered":"http:\/\/airporttaxiwroclaw.pl\/?post_type=product&#038;p=10835"},"modified":"2024-05-24T08:41:59","modified_gmt":"2024-05-24T08:41:59","slug":"prywatny-przejazd-wroclaw-sroda-slaska","status":"publish","type":"product","link":"https:\/\/airporttaxiwroclaw.pl\/en\/prywatny-przejazd-wroclaw-sroda-slaska\/","title":{"rendered":"Prywatny przejazd Wroc\u0142aw &#8211; \u015aroda \u015al\u0105ska"},"content":{"rendered":"<p>Szukasz komfortowego i niezawodnego \u015brodka transportu mi\u0119dzy Wroc\u0142awiem a \u015arod\u0105 \u015al\u0105sk\u0105? Airport Taxi Wroc\u0142aw jest tu, by sprosta\u0107 Twoim potrzebom! Oferujemy r\u00f3\u017cnorodno\u015b\u0107 pojazd\u00f3w \u2013 od standardowych jak VW Passat, przez biznesowe jak Mercedes-Benz Klasa E, a\u017c do 8-osobowe busy jak Renault Trafic. Z nami ka\u017cdy znajdzie co\u015b odpowiedniego dla siebie!<\/p>\n<p>\u015aroda \u015al\u0105ska to miasto le\u017c\u0105ce oko\u0142o 25 km od Wroc\u0142awia, wi\u0119c z nami dotrzesz tam b\u0142yskawicznie, bez zb\u0119dnego stresu i niewyg\u00f3d zwi\u0105zanych z korzystaniem z komunikacji publicznej.<\/p>\n<p>&nbsp;<\/p>\n<p><strong>Dlaczego wybra\u0107 nas?<\/strong><\/p>\n<p><strong>Komfort i Bezpiecze\u0144stwo:<\/strong> Nasze pojazdy s\u0105 zawsze w idealnym stanie, a nasi kierowcy s\u0105 profesjonalnie przeszkoleni.<\/p>\n<p><strong>Bezpo\u015bredni Transfer:<\/strong> Oferujemy transport od drzwi do drzwi, co oznacza, \u017ce odbierzemy Ci\u0119 sk\u0105d chcesz i zawieziemy dok\u0142adnie tam, gdzie potrzebujesz.<\/p>\n<p><strong>Jasne i Przejrzyste Ceny:<\/strong> Wszystkie ceny s\u0105 ustalane podczas rezerwacji, bez ukrytych op\u0142at i dodatkowych koszt\u00f3w.<\/p>\n<p>&nbsp;<\/p>\n<p>Niezale\u017cnie od celu wizyty w \u015arodzie \u015al\u0105skiej, z nami Twoja podr\u00f3\u017c b\u0119dzie przyjemno\u015bci\u0105, nie obowi\u0105zkiem. Rezerwuj\u0105c Airport Taxi Wroc\u0142aw, zyskujesz spok\u00f3j ducha, \u017ce wszystko przebiegnie bezproblemowo.<\/p>\n<p>Nie zwlekaj! Zarezerwuj Airport Taxi Wroc\u0142aw ju\u017c dzisiaj i zobacz, jak podr\u00f3\u017cowanie mo\u017ce by\u0107 \u0142atwe i przyjemne!<\/p>\n","protected":false},"excerpt":{"rendered":"<p>Szukasz komfortowego i niezawodnego \u015brodka transportu mi\u0119dzy Wroc\u0142awiem a \u015arod\u0105 \u015al\u0105sk\u0105? Airport Taxi Wroc\u0142aw jest tu, by sprosta\u0107 Twoim potrzebom! Oferujemy r\u00f3\u017cnorodno\u015b\u0107 pojazd\u00f3w \u2013 od standardowych jak VW Passat, przez biznesowe jak Mercedes-Benz Klasa E, a\u017c do 8-osobowe busy jak Renault Trafic. Z nami ka\u017cdy znajdzie co\u015b odpowiedniego dla siebie! \u015aroda \u015al\u0105ska to miasto le\u017c\u0105ce [&hellip;]<\/p>\n","protected":false},"featured_media":12136,"template":"","meta":{"_acf_changed":false,"rank_math_lock_modified_date":false},"product_cat":[36,20],"product_tag":[],"class_list":{"0":"post-10835","1":"product","2":"type-product","3":"status-publish","4":"has-post-thumbnail","6":"product_cat-miedzymiastowe","7":"product_cat-transfery","9":"first","10":"instock","11":"taxable","12":"shipping-taxable","13":"purchasable","14":"product-type-variable"},"acf":[],"_links":{"self":[{"href":"https:\/\/airporttaxiwroclaw.pl\/en\/wp-json\/wp\/v2\/product\/10835"}],"collection":[{"href":"https:\/\/airporttaxiwroclaw.pl\/en\/wp-json\/wp\/v2\/product"}],"about":[{"href":"https:\/\/airporttaxiwroclaw.pl\/en\/wp-json\/wp\/v2\/types\/product"}],"wp:featuredmedia":[{"embeddable":true,"href":"https:\/\/airporttaxiwroclaw.pl\/en\/wp-json\/wp\/v2\/media\/12136"}],"wp:attachment":[{"href":"https:\/\/airporttaxiwroclaw.pl\/en\/wp-json\/wp\/v2\/media?parent=10835"}],"wp:term":[{"taxonomy":"product_cat","embeddable":true,"href":"https:\/\/airporttaxiwroclaw.pl\/en\/wp-json\/wp\/v2\/product_cat?post=10835"},{"taxonomy":"product_tag","embeddable":true,"href":"https:\/\/airporttaxiwroclaw.pl\/en\/wp-json\/wp\/v2\/product_tag?post=10835"}],"curies":[{"name":"wp","href":"https:\/\/api.w.org\/{rel}","templated":true}]}}