{"id":10846,"date":"2023-01-12T23:35:43","date_gmt":"2023-01-12T23:35:43","guid":{"rendered":"http:\/\/airporttaxiwroclaw.pl\/?post_type=product&#038;p=10846"},"modified":"2024-05-24T08:41:30","modified_gmt":"2024-05-24T08:41:30","slug":"ostrow-wielkopolski","status":"publish","type":"product","link":"https:\/\/airporttaxiwroclaw.pl\/en\/ostrow-wielkopolski\/","title":{"rendered":"Prywatny przejazd Wroc\u0142aw &#8211; Ostr\u00f3w Wielkopolski"},"content":{"rendered":"<p>Planujesz podr\u00f3\u017c do Ostrowa Wielkopolskiego? Wybierz Airport Taxi Wroc\u0142aw! Oferujemy szerok\u0105 gam\u0119 pojazd\u00f3w \u2013 od ekonomicznych takich jak Toyota Corolla, przez biznesowe jak Audi A6, a\u017c po luksusowe minivany Mercedes-Benz Klasa V i limuzyny Mercedes-Benz Klasa S, zapewniaj\u0105c, \u017ce ka\u017cdy znajdzie co\u015b dla siebie.<\/p>\n<p>Ostr\u00f3w Wielkopolski jest oddalony od Wroc\u0142awia o oko\u0142o 120 km, wi\u0119c z nami dotrzesz na miejsce w mniej ni\u017c 1,5 godziny! Dzi\u0119ki naszym us\u0142ugom mo\u017cesz unikn\u0105\u0107 stresu i niewyg\u00f3d zwi\u0105zanych z podr\u00f3\u017cowaniem poci\u0105gami czy autobusami i skupi\u0107 si\u0119 na tym, co najwa\u017cniejsze.<\/p>\n<p>&nbsp;<\/p>\n<p><strong>Dlaczego my?<\/strong><\/p>\n<p><strong>Elastyczno\u015b\u0107:<\/strong> Dopasowujemy si\u0119 do Twoich potrzeb, oferuj\u0105c r\u00f3\u017cne segmenty pojazd\u00f3w i elastyczne godziny podr\u00f3\u017cy.<\/p>\n<p><strong>Profesjonalizm:<\/strong> Nasi kierowcy s\u0105 do\u015bwiadczeni, kompetentni i zawsze s\u0142u\u017c\u0105 pomoc\u0105, dbaj\u0105c o Twoje bezpiecze\u0144stwo i komfort.<\/p>\n<p><strong>Przejrzysto\u015b\u0107 cen:<\/strong> Oferujemy konkurencyjne ceny bez ukrytych op\u0142at. Cena ustalana jest na etapie rezerwacji i nie zmieni si\u0119 po\u017aniej.<\/p>\n<p>&nbsp;<\/p>\n<p>Ostr\u00f3w Wielkopolski, z jego bogat\u0105 histori\u0105 i ciekawymi atrakcjami, jest wspania\u0142ym miejscem do odwiedzenia, niezale\u017cnie od tego, czy jedziesz tam s\u0142u\u017cbowo, czy rekreacyjnie. Z Airport Taxi Wroc\u0142aw masz pewno\u015b\u0107, \u017ce Twoja podr\u00f3\u017c b\u0119dzie przebiega\u0142a przyjemnie i bezproblemowo.<\/p>\n<p>Zarezerwuj swoje miejsce w Airport Taxi Wroc\u0142aw teraz i odkryj, jak przyjemna mo\u017ce by\u0107 podr\u00f3\u017c do Ostrowa Wielkopolskiego!<\/p>\n","protected":false},"excerpt":{"rendered":"<p>Planujesz podr\u00f3\u017c do Ostrowa Wielkopolskiego? Wybierz Airport Taxi Wroc\u0142aw! Oferujemy szerok\u0105 gam\u0119 pojazd\u00f3w \u2013 od ekonomicznych takich jak Toyota Corolla, przez biznesowe jak Audi A6, a\u017c po luksusowe minivany Mercedes-Benz Klasa V i limuzyny Mercedes-Benz Klasa S, zapewniaj\u0105c, \u017ce ka\u017cdy znajdzie co\u015b dla siebie. Ostr\u00f3w Wielkopolski jest oddalony od Wroc\u0142awia o oko\u0142o 120 km, wi\u0119c [&hellip;]<\/p>\n","protected":false},"featured_media":12164,"template":"","meta":{"_acf_changed":false,"rank_math_lock_modified_date":false},"product_cat":[36,20],"product_tag":[],"class_list":{"0":"post-10846","1":"product","2":"type-product","3":"status-publish","4":"has-post-thumbnail","6":"product_cat-miedzymiastowe","7":"product_cat-transfery","9":"first","10":"instock","11":"taxable","12":"shipping-taxable","13":"purchasable","14":"product-type-variable"},"acf":[],"_links":{"self":[{"href":"https:\/\/airporttaxiwroclaw.pl\/en\/wp-json\/wp\/v2\/product\/10846"}],"collection":[{"href":"https:\/\/airporttaxiwroclaw.pl\/en\/wp-json\/wp\/v2\/product"}],"about":[{"href":"https:\/\/airporttaxiwroclaw.pl\/en\/wp-json\/wp\/v2\/types\/product"}],"wp:featuredmedia":[{"embeddable":true,"href":"https:\/\/airporttaxiwroclaw.pl\/en\/wp-json\/wp\/v2\/media\/12164"}],"wp:attachment":[{"href":"https:\/\/airporttaxiwroclaw.pl\/en\/wp-json\/wp\/v2\/media?parent=10846"}],"wp:term":[{"taxonomy":"product_cat","embeddable":true,"href":"https:\/\/airporttaxiwroclaw.pl\/en\/wp-json\/wp\/v2\/product_cat?post=10846"},{"taxonomy":"product_tag","embeddable":true,"href":"https:\/\/airporttaxiwroclaw.pl\/en\/wp-json\/wp\/v2\/product_tag?post=10846"}],"curies":[{"name":"wp","href":"https:\/\/api.w.org\/{rel}","templated":true}]}}