{"id":10857,"date":"2023-01-12T23:35:44","date_gmt":"2023-01-12T23:35:44","guid":{"rendered":"http:\/\/airporttaxiwroclaw.pl\/?post_type=product&#038;p=10857"},"modified":"2024-05-24T08:40:58","modified_gmt":"2024-05-24T08:40:58","slug":"szklarska-poreba","status":"publish","type":"product","link":"https:\/\/airporttaxiwroclaw.pl\/en\/szklarska-poreba\/","title":{"rendered":"Prywatny przejazd Wroc\u0142aw &#8211; Szklarska Por\u0119ba"},"content":{"rendered":"<p>Wybierasz si\u0119 do Szklarskiej Por\u0119by? Airport Taxi Wroc\u0142aw to Tw\u00f3j klucz do komfortowej i bezstresowej podr\u00f3\u017cy! Oferujemy r\u00f3\u017cne segmenty pojazd\u00f3w &#8211; od standardowych jak Skoda Superb, po biznesowe takie jak Mercedes-Benz Klasa E, aby ka\u017cda podr\u00f3\u017c by\u0142a nie tylko przyjemna, ale i stylowa.<\/p>\n<p>Droga z Wroc\u0142awia do Szklarskiej Por\u0119by liczy oko\u0142o 125 km, co sprawia, \u017ce z nami dotrzesz na miejsce w oko\u0142o 2 godziny. Dzi\u0119ki temu zyskujesz wi\u0119cej czasu na relaks lub prac\u0119, unikaj\u0105c stresu zwi\u0105zanego z korzystaniem z poci\u0105g\u00f3w czy autobus\u00f3w.<\/p>\n<p>&nbsp;<\/p>\n<p>Oto co oferujemy:<\/p>\n<p><strong>Przyjemn\u0105 podr\u00f3\u017c:<\/strong> Nasze samochody s\u0105 przestronne, czyste i dobrze utrzymane, gwarantuj\u0105c Ci komfort podr\u00f3\u017cy.<\/p>\n<p><strong>Do\u015bwiadczonych kierowc\u00f3w:<\/strong> Nasi kierowcy s\u0105 profesjonalni, uprzejmi i dobrze znaj\u0105 tras\u0119, aby dostarczy\u0107 Ci\u0119 bezpiecznie i na czas.<\/p>\n<p><strong>Jasn\u0105 ofert\u0119 cenow\u0105:<\/strong> Oferujemy atrakcyjne ceny bez ukrytych koszt\u00f3w, a wszystko jasno przedstawione ju\u017c na etapie rezerwacji.<\/p>\n<p>&nbsp;<\/p>\n<p>Szklarska Por\u0119ba to miejsce pe\u0142ne atrakcji i pi\u0119knych krajobraz\u00f3w, idealne zar\u00f3wno na kr\u00f3tkie wypady, jak i d\u0142u\u017csze wakacje. Niezale\u017cnie od celu Twojej podr\u00f3\u017cy, z Airport Taxi Wroc\u0142aw b\u0119dziesz m\u00f3g\u0142 w pe\u0142ni si\u0119 zrelaksowa\u0107 i cieszy\u0107 ka\u017cdym momentem.<\/p>\n<p>Nie zwlekaj! Zarezerwuj swoj\u0105 podr\u00f3\u017c z Airport Taxi Wroc\u0142aw ju\u017c teraz i prze\u017cyj niezapomniane chwile w drodze do Szklarskiej Por\u0119by!<\/p>\n","protected":false},"excerpt":{"rendered":"<p>Wybierasz si\u0119 do Szklarskiej Por\u0119by? Airport Taxi Wroc\u0142aw to Tw\u00f3j klucz do komfortowej i bezstresowej podr\u00f3\u017cy! Oferujemy r\u00f3\u017cne segmenty pojazd\u00f3w &#8211; od standardowych jak Skoda Superb, po biznesowe takie jak Mercedes-Benz Klasa E, aby ka\u017cda podr\u00f3\u017c by\u0142a nie tylko przyjemna, ale i stylowa. Droga z Wroc\u0142awia do Szklarskiej Por\u0119by liczy oko\u0142o 125 km, co sprawia, [&hellip;]<\/p>\n","protected":false},"featured_media":12138,"template":"","meta":{"_acf_changed":false,"rank_math_lock_modified_date":false},"product_cat":[36,20],"product_tag":[],"class_list":{"0":"post-10857","1":"product","2":"type-product","3":"status-publish","4":"has-post-thumbnail","6":"product_cat-miedzymiastowe","7":"product_cat-transfery","9":"first","10":"instock","11":"taxable","12":"shipping-taxable","13":"purchasable","14":"product-type-variable"},"acf":[],"_links":{"self":[{"href":"https:\/\/airporttaxiwroclaw.pl\/en\/wp-json\/wp\/v2\/product\/10857"}],"collection":[{"href":"https:\/\/airporttaxiwroclaw.pl\/en\/wp-json\/wp\/v2\/product"}],"about":[{"href":"https:\/\/airporttaxiwroclaw.pl\/en\/wp-json\/wp\/v2\/types\/product"}],"wp:featuredmedia":[{"embeddable":true,"href":"https:\/\/airporttaxiwroclaw.pl\/en\/wp-json\/wp\/v2\/media\/12138"}],"wp:attachment":[{"href":"https:\/\/airporttaxiwroclaw.pl\/en\/wp-json\/wp\/v2\/media?parent=10857"}],"wp:term":[{"taxonomy":"product_cat","embeddable":true,"href":"https:\/\/airporttaxiwroclaw.pl\/en\/wp-json\/wp\/v2\/product_cat?post=10857"},{"taxonomy":"product_tag","embeddable":true,"href":"https:\/\/airporttaxiwroclaw.pl\/en\/wp-json\/wp\/v2\/product_tag?post=10857"}],"curies":[{"name":"wp","href":"https:\/\/api.w.org\/{rel}","templated":true}]}}