{"id":10868,"date":"2023-01-12T23:35:45","date_gmt":"2023-01-12T23:35:45","guid":{"rendered":"http:\/\/airporttaxiwroclaw.pl\/?post_type=product&#038;p=10868"},"modified":"2024-05-24T08:40:25","modified_gmt":"2024-05-24T08:40:25","slug":"zabkowice-slaskie","status":"publish","type":"product","link":"https:\/\/airporttaxiwroclaw.pl\/en\/zabkowice-slaskie\/","title":{"rendered":"Prywatny przejazd Wroc\u0142aw &#8211; Z\u0105bkowice \u015al\u0105skie"},"content":{"rendered":"<p>Planujesz wyjazd do Z\u0105bkowic \u015al\u0105skich? Pozw\u00f3l, \u017ce Airport Taxi Wroc\u0142aw przewiezie Ci\u0119 tam z najwy\u017cszym komfortem i profesjonalizmem! Z naszymi r\u00f3\u017cnorodnymi opcjami transportowymi, od ekonomicznych samochod\u00f3w takich jak Toyota Corolla, po luksusowe modele Mercedes-Benz Klasa S, ka\u017cda podr\u00f3\u017c stanie si\u0119 prawdziw\u0105 przyjemno\u015bci\u0105!<\/p>\n<p>Dystans pomi\u0119dzy Wroc\u0142awiem a Z\u0105bkowicami \u015al\u0105skimi to oko\u0142o 70 km, co oznacza, \u017ce mo\u017cemy zawie\u017a\u0107 Ci\u0119 na miejsce w mniej ni\u017c godzin\u0119, umo\u017cliwiaj\u0105c Ci unikanie k\u0142opot\u00f3w zwi\u0105zanych z korzystaniem z publicznego transportu czy poszukiwaniem parkingu.<\/p>\n<p>&nbsp;<\/p>\n<p>Wybieraj\u0105c nas, zyskujesz:<\/p>\n<p><strong>Komfort i wygod\u0119:<\/strong> Ciesz si\u0119 przestrzeni\u0105 i wygod\u0105 naszych dobrze utrzymanych pojazd\u00f3w.<\/p>\n<p><strong>Profesjonalizm i do\u015bwiadczenie:<\/strong> Nasi kierowcy s\u0105 wykwalifikowani i do\u015bwiadczeni, zapewniaj\u0105c Ci spokojn\u0105 podr\u00f3\u017c.<\/p>\n<p><strong>Transparentno\u015b\u0107 cen:<\/strong> Oferujemy jasne, konkurencyjne ceny bez ukrytych op\u0142at.<\/p>\n<p>&nbsp;<\/p>\n<p>Niezale\u017cnie od tego, czy podr\u00f3\u017cujesz s\u0142u\u017cbowo, czy prywatnie, nasze us\u0142ugi s\u0105 dostosowane do Twoich potrzeb, gwarantuj\u0105c bezproblemow\u0105 podr\u00f3\u017c z Wroc\u0142awia do Z\u0105bkowic \u015al\u0105skich. Wybierz Airport Taxi Wroc\u0142aw i przekonaj si\u0119, jak \u0142atwa i przyjemna mo\u017ce by\u0107 podr\u00f3\u017c!<\/p>\n<p>Zarezerwuj ju\u017c teraz i odkryj rado\u015b\u0107 podr\u00f3\u017cowania z Airport Taxi Wroc\u0142aw!<\/p>\n","protected":false},"excerpt":{"rendered":"<p>Planujesz wyjazd do Z\u0105bkowic \u015al\u0105skich? Pozw\u00f3l, \u017ce Airport Taxi Wroc\u0142aw przewiezie Ci\u0119 tam z najwy\u017cszym komfortem i profesjonalizmem! Z naszymi r\u00f3\u017cnorodnymi opcjami transportowymi, od ekonomicznych samochod\u00f3w takich jak Toyota Corolla, po luksusowe modele Mercedes-Benz Klasa S, ka\u017cda podr\u00f3\u017c stanie si\u0119 prawdziw\u0105 przyjemno\u015bci\u0105! Dystans pomi\u0119dzy Wroc\u0142awiem a Z\u0105bkowicami \u015al\u0105skimi to oko\u0142o 70 km, co oznacza, \u017ce [&hellip;]<\/p>\n","protected":false},"featured_media":11965,"template":"","meta":{"_acf_changed":false,"rank_math_lock_modified_date":false},"product_cat":[36,20],"product_tag":[],"class_list":{"0":"post-10868","1":"product","2":"type-product","3":"status-publish","4":"has-post-thumbnail","6":"product_cat-miedzymiastowe","7":"product_cat-transfery","9":"first","10":"instock","11":"taxable","12":"shipping-taxable","13":"purchasable","14":"product-type-variable"},"acf":[],"_links":{"self":[{"href":"https:\/\/airporttaxiwroclaw.pl\/en\/wp-json\/wp\/v2\/product\/10868"}],"collection":[{"href":"https:\/\/airporttaxiwroclaw.pl\/en\/wp-json\/wp\/v2\/product"}],"about":[{"href":"https:\/\/airporttaxiwroclaw.pl\/en\/wp-json\/wp\/v2\/types\/product"}],"wp:featuredmedia":[{"embeddable":true,"href":"https:\/\/airporttaxiwroclaw.pl\/en\/wp-json\/wp\/v2\/media\/11965"}],"wp:attachment":[{"href":"https:\/\/airporttaxiwroclaw.pl\/en\/wp-json\/wp\/v2\/media?parent=10868"}],"wp:term":[{"taxonomy":"product_cat","embeddable":true,"href":"https:\/\/airporttaxiwroclaw.pl\/en\/wp-json\/wp\/v2\/product_cat?post=10868"},{"taxonomy":"product_tag","embeddable":true,"href":"https:\/\/airporttaxiwroclaw.pl\/en\/wp-json\/wp\/v2\/product_tag?post=10868"}],"curies":[{"name":"wp","href":"https:\/\/api.w.org\/{rel}","templated":true}]}}