{"id":10879,"date":"2023-01-12T23:35:47","date_gmt":"2023-01-12T23:35:47","guid":{"rendered":"http:\/\/airporttaxiwroclaw.pl\/?post_type=product&#038;p=10879"},"modified":"2024-05-24T08:39:53","modified_gmt":"2024-05-24T08:39:53","slug":"prywatny-przejazd-wroclaw-ladek-zdroj","status":"publish","type":"product","link":"https:\/\/airporttaxiwroclaw.pl\/en\/prywatny-przejazd-wroclaw-ladek-zdroj\/","title":{"rendered":"Prywatny przejazd Wroc\u0142aw &#8211; L\u0105dek Zdr\u00f3j"},"content":{"rendered":"<p>Planuj\u0105c podr\u00f3\u017c z Wroc\u0142awia do uzdrowiska L\u0105dek-Zdr\u00f3j, zapewne zale\u017cy Ci na komforcie i spokoju. Z Airport Taxi Wroc\u0142aw, Twoja podr\u00f3\u017c b\u0119dzie nie tylko przyjemna, ale tak\u017ce stylowa i bezstresowa!<\/p>\n<p>Nasza r\u00f3\u017cnorodna flota pozwala wybra\u0107 pojazd idealnie dopasowany do Twoich potrzeb \u2013 od ekonomicznych samochod\u00f3w, przez 8 osobowe minivany, a\u017c po luksusowe modele jak Porsche Panamera czy Mercedes-Benz Klasa S.<\/p>\n<p>Podr\u00f3\u017c z Wroc\u0142awia do L\u0105dka-Zdroju to oko\u0142o 140 km, co oznacza, \u017ce z nami dotrzesz na miejsce ju\u017c w ci\u0105gu oko\u0142o 2 godzin. Wykorzystaj ten czas, odpoczywaj\u0105c lub pracuj\u0105c w komfortowych warunkach naszych samochod\u00f3w.<\/p>\n<p>Korzystaj\u0105c z us\u0142ug Airport Taxi Wroc\u0142aw, cieszysz si\u0119:<\/p>\n<p><strong>Bezpiecze\u0144stwem i Profesjonalizmem<\/strong>: Nasza za\u0142oga to do\u015bwiadczeni i odpowiedzialni kierowcy.<\/p>\n<p><strong>Wygod\u0105 i Komfortem<\/strong>: Komfortowe siedzenia, przestronne wn\u0119trze i klimatyzacja to standard.<\/p>\n<p><strong>Transparentno\u015bci\u0105 Cen<\/strong>: Jasne i uczciwe ceny, ustalane przed rozpocz\u0119ciem podr\u00f3\u017cy.<\/p>\n<p><strong>Dost\u0119pem do Internetu<\/strong>: W wielu naszych pojazdach dost\u0119pne jest bezp\u0142atne Wi-Fi.<\/p>\n<p>Dlaczego wi\u0119c zadowala\u0107 si\u0119 mniej komfortowym \u015brodkiem transportu, skoro mo\u017cesz podr\u00f3\u017cowa\u0107 z klas\u0105 z Airport Taxi Wroc\u0142aw? Odpoczywaj, pracuj lub ciesz si\u0119 widokami, a my zawieziemy Ci\u0119 bezpo\u015brednio pod wskazany adres w L\u0105dku-Zdroju!<\/p>\n<p>Zarezerwuj swoj\u0105 podr\u00f3\u017c z Airport Taxi Wroc\u0142aw ju\u017c teraz i do\u015bwiadcz najwy\u017cszej jako\u015bci podr\u00f3\u017cy na trasie Wroc\u0142aw &#8211; L\u0105dek-Zdr\u00f3j!<\/p>\n","protected":false},"excerpt":{"rendered":"<p>Planuj\u0105c podr\u00f3\u017c z Wroc\u0142awia do uzdrowiska L\u0105dek-Zdr\u00f3j, zapewne zale\u017cy Ci na komforcie i spokoju. Z Airport Taxi Wroc\u0142aw, Twoja podr\u00f3\u017c b\u0119dzie nie tylko przyjemna, ale tak\u017ce stylowa i bezstresowa! Nasza r\u00f3\u017cnorodna flota pozwala wybra\u0107 pojazd idealnie dopasowany do Twoich potrzeb \u2013 od ekonomicznych samochod\u00f3w, przez 8 osobowe minivany, a\u017c po luksusowe modele jak Porsche Panamera [&hellip;]<\/p>\n","protected":false},"featured_media":11943,"template":"","meta":{"_acf_changed":false,"rank_math_lock_modified_date":false},"product_cat":[36,20],"product_tag":[71],"class_list":{"0":"post-10879","1":"product","2":"type-product","3":"status-publish","4":"has-post-thumbnail","6":"product_cat-miedzymiastowe","7":"product_cat-transfery","8":"product_tag-zima","10":"first","11":"instock","12":"taxable","13":"shipping-taxable","14":"purchasable","15":"product-type-variable"},"acf":[],"_links":{"self":[{"href":"https:\/\/airporttaxiwroclaw.pl\/en\/wp-json\/wp\/v2\/product\/10879"}],"collection":[{"href":"https:\/\/airporttaxiwroclaw.pl\/en\/wp-json\/wp\/v2\/product"}],"about":[{"href":"https:\/\/airporttaxiwroclaw.pl\/en\/wp-json\/wp\/v2\/types\/product"}],"wp:featuredmedia":[{"embeddable":true,"href":"https:\/\/airporttaxiwroclaw.pl\/en\/wp-json\/wp\/v2\/media\/11943"}],"wp:attachment":[{"href":"https:\/\/airporttaxiwroclaw.pl\/en\/wp-json\/wp\/v2\/media?parent=10879"}],"wp:term":[{"taxonomy":"product_cat","embeddable":true,"href":"https:\/\/airporttaxiwroclaw.pl\/en\/wp-json\/wp\/v2\/product_cat?post=10879"},{"taxonomy":"product_tag","embeddable":true,"href":"https:\/\/airporttaxiwroclaw.pl\/en\/wp-json\/wp\/v2\/product_tag?post=10879"}],"curies":[{"name":"wp","href":"https:\/\/api.w.org\/{rel}","templated":true}]}}