{"id":10890,"date":"2023-01-12T23:35:48","date_gmt":"2023-01-12T23:35:48","guid":{"rendered":"http:\/\/airporttaxiwroclaw.pl\/?post_type=product&#038;p=10890"},"modified":"2024-05-28T08:17:55","modified_gmt":"2024-05-28T08:17:55","slug":"prywatny-przejazd-wroclaw-kedzierzyn-kozle","status":"publish","type":"product","link":"https:\/\/airporttaxiwroclaw.pl\/en\/prywatny-przejazd-wroclaw-kedzierzyn-kozle\/","title":{"rendered":"Prywatny przejazd Wroc\u0142aw &#8211; K\u0119dzierzyn Ko\u017ale"},"content":{"rendered":"<p>Szukasz niezawodnego i komfortowego transportu z Wroc\u0142awia do K\u0119dzierzyna Ko\u017ala? Airport Taxi Wroc\u0142aw jest Twoim rozwi\u0105zaniem!\u00a0 Oferujemy us\u0142ugi transportu osobowego, kt\u00f3re spe\u0142ni\u0105 Twoje oczekiwania pod wzgl\u0119dem komfortu, stylu i bezpiecze\u0144stwa.<\/p>\n<p>Dystans mi\u0119dzy Wroc\u0142awiem a K\u0119dzierzynem Ko\u017alem wynosi oko\u0142o 135 km, a czas podr\u00f3\u017cy z nami to oko\u0142o 1 godzina 45 minut. W tym czasie mo\u017cesz odpocz\u0105\u0107 w naszym komfortowym poje\u017adzie, cieszy\u0107 si\u0119 spokojem lub skoncentrowa\u0107 si\u0119 na pracy.<\/p>\n<p>Nasza flota to zr\u00f3\u017cnicowany wyb\u00f3r pojazd\u00f3w dostosowanych do r\u00f3\u017cnych potrzeb i upodoba\u0144 \u2013 od ekonomicznych opcji, przez standardowe limuzyny, a\u017c po luksusowe modele takie jak Mercedes-Benz Klasa S czy Porsche Panamera.<\/p>\n<p>Wybieraj\u0105c Airport Taxi Wroc\u0142aw, korzystasz z:<\/p>\n<p><strong>Komfortu<\/strong>: Nasze samochody s\u0105 wygodne, przestronne i wyposa\u017cone w klimatyzacj\u0119.<\/p>\n<p><strong>Profesjonalizmu<\/strong>: Do\u015bwiadczeni kierowcy gwarantuj\u0105 bezpieczn\u0105 i przyjemn\u0105 podr\u00f3\u017c.<\/p>\n<p><strong>Bezproblemowej Rezerwacji<\/strong>: Prosty proces rezerwacji i transparentno\u015b\u0107 cen.<\/p>\n<p><strong>Bezp\u0142atnego Internetu<\/strong>: W wybranych modelach samochod\u00f3w mo\u017cesz korzysta\u0107 z darmowego Wi-Fi.<\/p>\n<p>Czemu wi\u0119c marnowa\u0107 czas na przesiadki, oczekiwanie i stres zwi\u0105zany z korzystaniem z publicznego transportu, kiedy mo\u017cesz podr\u00f3\u017cowa\u0107 wygodnie i spokojnie z Airport Taxi Wroc\u0142aw?<\/p>\n<p>Nie czekaj! Zarezerwuj swoj\u0105 bud\u017cetow\u0105 taks\u00f3wk\u0119 lub luksusow\u0105 limuzyn\u0119 z Airport Taxi Wroc\u0142aw ju\u017c dzisiaj i zanurz si\u0119 w komforcie naszych pojazd\u00f3w na trasie Wroc\u0142aw &#8211; K\u0119dzierzyn-Ko\u017ale! Odkryj, jak przyjemna mo\u017ce by\u0107 podr\u00f3\u017c z nami!<\/p>\n","protected":false},"excerpt":{"rendered":"<p>Szukasz niezawodnego i komfortowego transportu z Wroc\u0142awia do K\u0119dzierzyna Ko\u017ala? Airport Taxi Wroc\u0142aw jest Twoim rozwi\u0105zaniem!\u00a0 Oferujemy us\u0142ugi transportu osobowego, kt\u00f3re spe\u0142ni\u0105 Twoje oczekiwania pod wzgl\u0119dem komfortu, stylu i bezpiecze\u0144stwa. Dystans mi\u0119dzy Wroc\u0142awiem a K\u0119dzierzynem Ko\u017alem wynosi oko\u0142o 135 km, a czas podr\u00f3\u017cy z nami to oko\u0142o 1 godzina 45 minut. W tym czasie mo\u017cesz [&hellip;]<\/p>\n","protected":false},"featured_media":11158,"template":"","meta":{"_acf_changed":false,"rank_math_lock_modified_date":false},"product_cat":[36,20],"product_tag":[],"class_list":{"0":"post-10890","1":"product","2":"type-product","3":"status-publish","4":"has-post-thumbnail","6":"product_cat-miedzymiastowe","7":"product_cat-transfery","9":"first","10":"instock","11":"taxable","12":"shipping-taxable","13":"purchasable","14":"product-type-variable"},"acf":[],"_links":{"self":[{"href":"https:\/\/airporttaxiwroclaw.pl\/en\/wp-json\/wp\/v2\/product\/10890"}],"collection":[{"href":"https:\/\/airporttaxiwroclaw.pl\/en\/wp-json\/wp\/v2\/product"}],"about":[{"href":"https:\/\/airporttaxiwroclaw.pl\/en\/wp-json\/wp\/v2\/types\/product"}],"wp:featuredmedia":[{"embeddable":true,"href":"https:\/\/airporttaxiwroclaw.pl\/en\/wp-json\/wp\/v2\/media\/11158"}],"wp:attachment":[{"href":"https:\/\/airporttaxiwroclaw.pl\/en\/wp-json\/wp\/v2\/media?parent=10890"}],"wp:term":[{"taxonomy":"product_cat","embeddable":true,"href":"https:\/\/airporttaxiwroclaw.pl\/en\/wp-json\/wp\/v2\/product_cat?post=10890"},{"taxonomy":"product_tag","embeddable":true,"href":"https:\/\/airporttaxiwroclaw.pl\/en\/wp-json\/wp\/v2\/product_tag?post=10890"}],"curies":[{"name":"wp","href":"https:\/\/api.w.org\/{rel}","templated":true}]}}