{"id":10901,"date":"2023-01-12T23:40:12","date_gmt":"2023-01-12T23:40:12","guid":{"rendered":"http:\/\/airporttaxiwroclaw.pl\/?post_type=product&#038;p=10901"},"modified":"2024-05-24T08:38:47","modified_gmt":"2024-05-24T08:38:47","slug":"wroclaw-jelenia-gora","status":"publish","type":"product","link":"https:\/\/airporttaxiwroclaw.pl\/en\/wroclaw-jelenia-gora\/","title":{"rendered":"Prywatny przejazd Wroc\u0142aw &#8211; Jelenia G\u00f3ra"},"content":{"rendered":"<p>Planujesz podr\u00f3\u017c z Wroc\u0142awia do Jeleniej G\u00f3ry i szukasz transportu, kt\u00f3ry jest zar\u00f3wno komfortowy, jak i niezawodny? Prywatny przejazd Wroc\u0142aw &#8211; Jelenia G\u00f3ra z Airport Taxi Wroc\u0142aw to odpowied\u017a na Twoje potrzeby!<\/p>\n<p>Oferujemy profesjonalny i szybki transport z Wroc\u0142awia do Jeleniej G\u00f3ry, umo\u017cliwiaj\u0105c Ci dotarcie do celu odpr\u0119\u017conym i zrelaksowanym. Nasza flota samochod\u00f3w jest dostosowana do r\u00f3\u017cnych potrzeb i bud\u017cet\u00f3w \u2013 od ekonomicznych modeli, przez limuzyny klasy \u015bredniej, po ekskluzywne pojazdy jak Porsche Panamera czy Mercedes-Benz Klasa S.<\/p>\n<p>Dystans pomi\u0119dzy Wroc\u0142awiem a Jeleni\u0105 G\u00f3r\u0105 wynosi oko\u0142o 110 km, a szacowany czas przejazdu to zaledwie oko\u0142o 1,5 godziny, pozwalaj\u0105c Ci cieszy\u0107 si\u0119 kr\u00f3tk\u0105 i przyjemn\u0105 podr\u00f3\u017c\u0105.<\/p>\n<p>Z Airport Taxi Wroc\u0142aw korzystasz z:<\/p>\n<p><strong>Maksymalnej wygody<\/strong>: Komfortowe siedzenia, klimatyzacja i spok\u00f3j, kt\u00f3ry pozwoli Ci odpocz\u0105\u0107 lub pracowa\u0107 w drodze.<\/p>\n<p><strong>Bezpiecze\u0144stwa<\/strong>: Profesjonalni i do\u015bwiadczeni kierowcy zapewniaj\u0105 bezpieczn\u0105 podr\u00f3\u017c.<\/p>\n<p><strong>Bezp\u0142atnego Internetu<\/strong>: W wybranych pojazdach mo\u017cesz korzysta\u0107 z darmowego dost\u0119pu do Internetu.<\/p>\n<p><strong>Jasnych cen<\/strong>: Cena jest ustalana na pocz\u0105tku, wi\u0119c nie ma niespodzianek po zako\u0144czeniu przejazdu.<\/p>\n<p>Podr\u00f3\u017cuj\u0105c z nami, unikasz stresu zwi\u0105zanego z korzystaniem z publicznego transportu i zyskujesz czas oraz komfort. Dlaczego wi\u0119c wybiera\u0107 ciasne i g\u0142o\u015bne poci\u0105gi czy autobusy, kiedy mo\u017cesz podr\u00f3\u017cowa\u0107 w luksusie za rozs\u0105dn\u0105 cen\u0119?<\/p>\n<p>Zarezerwuj swoj\u0105 podr\u00f3\u017c z Airport Taxi Wroc\u0142aw ju\u017c dzisiaj i do\u015bwiadcz r\u00f3\u017cnicy! Odkryj swobod\u0119 podr\u00f3\u017cowania z nami i ciesz si\u0119 ka\u017cdym kilometrem trasy z Wroc\u0142awia do Jeleniej G\u00f3ry!<\/p>\n","protected":false},"excerpt":{"rendered":"<p>Planujesz podr\u00f3\u017c z Wroc\u0142awia do Jeleniej G\u00f3ry i szukasz transportu, kt\u00f3ry jest zar\u00f3wno komfortowy, jak i niezawodny? Prywatny przejazd Wroc\u0142aw &#8211; Jelenia G\u00f3ra z Airport Taxi Wroc\u0142aw to odpowied\u017a na Twoje potrzeby! Oferujemy profesjonalny i szybki transport z Wroc\u0142awia do Jeleniej G\u00f3ry, umo\u017cliwiaj\u0105c Ci dotarcie do celu odpr\u0119\u017conym i zrelaksowanym. Nasza flota samochod\u00f3w jest dostosowana [&hellip;]<\/p>\n","protected":false},"featured_media":11942,"template":"","meta":{"_acf_changed":false,"rank_math_lock_modified_date":false},"product_cat":[36,20],"product_tag":[71],"class_list":{"0":"post-10901","1":"product","2":"type-product","3":"status-publish","4":"has-post-thumbnail","6":"product_cat-miedzymiastowe","7":"product_cat-transfery","8":"product_tag-zima","10":"first","11":"instock","12":"taxable","13":"shipping-taxable","14":"purchasable","15":"product-type-variable"},"acf":[],"_links":{"self":[{"href":"https:\/\/airporttaxiwroclaw.pl\/en\/wp-json\/wp\/v2\/product\/10901"}],"collection":[{"href":"https:\/\/airporttaxiwroclaw.pl\/en\/wp-json\/wp\/v2\/product"}],"about":[{"href":"https:\/\/airporttaxiwroclaw.pl\/en\/wp-json\/wp\/v2\/types\/product"}],"wp:featuredmedia":[{"embeddable":true,"href":"https:\/\/airporttaxiwroclaw.pl\/en\/wp-json\/wp\/v2\/media\/11942"}],"wp:attachment":[{"href":"https:\/\/airporttaxiwroclaw.pl\/en\/wp-json\/wp\/v2\/media?parent=10901"}],"wp:term":[{"taxonomy":"product_cat","embeddable":true,"href":"https:\/\/airporttaxiwroclaw.pl\/en\/wp-json\/wp\/v2\/product_cat?post=10901"},{"taxonomy":"product_tag","embeddable":true,"href":"https:\/\/airporttaxiwroclaw.pl\/en\/wp-json\/wp\/v2\/product_tag?post=10901"}],"curies":[{"name":"wp","href":"https:\/\/api.w.org\/{rel}","templated":true}]}}