{"id":10912,"date":"2023-01-12T23:40:13","date_gmt":"2023-01-12T23:40:13","guid":{"rendered":"http:\/\/airporttaxiwroclaw.pl\/?post_type=product&#038;p=10912"},"modified":"2024-05-24T08:38:12","modified_gmt":"2024-05-24T08:38:12","slug":"wroclaw-jelcz-laskowice","status":"publish","type":"product","link":"https:\/\/airporttaxiwroclaw.pl\/en\/wroclaw-jelcz-laskowice\/","title":{"rendered":"Prywatny przejazdy Wroc\u0142aw &#8211; Jelcz Laskowice"},"content":{"rendered":"<p>Szukasz wygodnego i bezproblemowego transportu z Lotniska we Wroc\u0142awiu do Jelcza-Laskowic? Z Airport Taxi Wroc\u0142aw masz to wszystko!\u00a0 Rezerwuj\u0105c z nami, dostajesz pewno\u015b\u0107 szybkiego i bezpiecznego dotarcia pod wskazany adres.<\/p>\n<p>Nie wa\u017cne czy masz wa\u017cne spotkanie, czy po prostu chcesz wr\u00f3ci\u0107 do domu, nasza taks\u00f3wka jest idealn\u0105 opcj\u0105. Zapewniamy, \u017ce b\u0119dzie na Ciebie czeka\u0142 do\u015bwiadczony kierowca kt\u00f3ry dostosuje tras\u0119 do panuj\u0105cego ruchu i zapewni szybki przejazd. Dystans pomi\u0119dzy Lotniskiem we Wroc\u0142awiu a Jelczem-Laskowice wynosi oko\u0142o 53 km, a czas przejazdu to mniej wi\u0119cej 1 godzina.<\/p>\n<p>Nasza flota pojazd\u00f3w jest dostosowana do r\u00f3\u017cnych potrzeb i preferencji. Wybieraj spo\u015br\u00f3d ekonomicznych samochod\u00f3w, komfortowych limuzyn, a\u017c po luksusowe modele jak Mercedes-Benz Klasa S czy Porsche Panamera. Dla wi\u0119kszych grup mamy dost\u0119pne 8-osobowe busy oraz ekskluzywne minivany Mercedes-Benz.<\/p>\n<p>Korzy\u015bci podr\u00f3\u017cowania z Airport Taxi Wroc\u0142aw to:<\/p>\n<ol>\n<li><strong>Bezstresowa Podr\u00f3\u017c<\/strong>: Zrelaksuj si\u0119 i ciesz podr\u00f3\u017c\u0105 bez zb\u0119dnych przesiadek i oczekiwa\u0144.<\/li>\n<li><strong>Czysty Komfort<\/strong>: Oferujemy nowoczesne pojazdy, wyposa\u017cone w klimatyzacj\u0119, a w wybranych opcjach, bezp\u0142atny dost\u0119p do internetu.<\/li>\n<li><strong>Prywatno\u015b\u0107 i Spok\u00f3j<\/strong>: Ciesz si\u0119 cisz\u0105, spokojn\u0105 prac\u0105 lub odpoczynkiem, z dala od t\u0142umu i gwaru.<\/li>\n<li><strong>Jasne i Przejrzyste Ceny<\/strong>: Sprawd\u017a cen\u0119 przed rezerwacj\u0105 i miej pewno\u015b\u0107, \u017ce nie zmieni si\u0119 ona po zam\u00f3wieniu przejazdu.<\/li>\n<\/ol>\n<p>Zarezerwuj teraz i przekonaj si\u0119, dlaczego Airport Taxi Wroc\u0142aw to najlepszy wyb\u00f3r dla Twojej podr\u00f3\u017cy z Wroc\u0142awia do Jelcz-Laskowice! Odkryj r\u00f3\u017cnic\u0119 i ciesz si\u0119 ka\u017cd\u0105 chwil\u0105 swojej podr\u00f3\u017cy z nami!<\/p>\n","protected":false},"excerpt":{"rendered":"<p>Szukasz wygodnego i bezproblemowego transportu z Lotniska we Wroc\u0142awiu do Jelcza-Laskowic? Z Airport Taxi Wroc\u0142aw masz to wszystko!\u00a0 Rezerwuj\u0105c z nami, dostajesz pewno\u015b\u0107 szybkiego i bezpiecznego dotarcia pod wskazany adres. Nie wa\u017cne czy masz wa\u017cne spotkanie, czy po prostu chcesz wr\u00f3ci\u0107 do domu, nasza taks\u00f3wka jest idealn\u0105 opcj\u0105. Zapewniamy, \u017ce b\u0119dzie na Ciebie czeka\u0142 do\u015bwiadczony [&hellip;]<\/p>\n","protected":false},"featured_media":10646,"template":"","meta":{"_acf_changed":false,"rank_math_lock_modified_date":false},"product_cat":[36,20],"product_tag":[],"class_list":{"0":"post-10912","1":"product","2":"type-product","3":"status-publish","4":"has-post-thumbnail","6":"product_cat-miedzymiastowe","7":"product_cat-transfery","9":"first","10":"instock","11":"taxable","12":"shipping-taxable","13":"purchasable","14":"product-type-variable"},"acf":[],"_links":{"self":[{"href":"https:\/\/airporttaxiwroclaw.pl\/en\/wp-json\/wp\/v2\/product\/10912"}],"collection":[{"href":"https:\/\/airporttaxiwroclaw.pl\/en\/wp-json\/wp\/v2\/product"}],"about":[{"href":"https:\/\/airporttaxiwroclaw.pl\/en\/wp-json\/wp\/v2\/types\/product"}],"wp:featuredmedia":[{"embeddable":true,"href":"https:\/\/airporttaxiwroclaw.pl\/en\/wp-json\/wp\/v2\/media\/10646"}],"wp:attachment":[{"href":"https:\/\/airporttaxiwroclaw.pl\/en\/wp-json\/wp\/v2\/media?parent=10912"}],"wp:term":[{"taxonomy":"product_cat","embeddable":true,"href":"https:\/\/airporttaxiwroclaw.pl\/en\/wp-json\/wp\/v2\/product_cat?post=10912"},{"taxonomy":"product_tag","embeddable":true,"href":"https:\/\/airporttaxiwroclaw.pl\/en\/wp-json\/wp\/v2\/product_tag?post=10912"}],"curies":[{"name":"wp","href":"https:\/\/api.w.org\/{rel}","templated":true}]}}