{"id":10923,"date":"2023-01-12T23:40:14","date_gmt":"2023-01-12T23:40:14","guid":{"rendered":"http:\/\/airporttaxiwroclaw.pl\/?post_type=product&#038;p=10923"},"modified":"2024-05-24T08:37:37","modified_gmt":"2024-05-24T08:37:37","slug":"berlin-brandenburg-niemcy","status":"publish","type":"product","link":"https:\/\/airporttaxiwroclaw.pl\/en\/berlin-brandenburg-niemcy\/","title":{"rendered":"Prywatny przejazdy Wroc\u0142aw &#8211; Berlin Brandenburg &#8211; BER Airport"},"content":{"rendered":"<p>Z Nami przejazd z Wroc\u0142awia do Berlina to szybka i wygodna opcja dla wszystkich pasa\u017cer\u00f3w. Zatrudniamy do\u015bwiadczonych kierowc\u00f3w, kt\u00f3rzy dostosuj\u0105 tras\u0119 do aktualnych warunk\u00f3w drogowych, aby unikn\u0105\u0107 kork\u00f3w i zapewni\u0107 Ci szybki transfer. Nasze samochody s\u0105 wyposa\u017cone w klimatyzacj\u0119, a w wybranych opcjach r\u00f3wnie\u017c w bezp\u0142atny dost\u0119p do internetu, dzi\u0119ki czemu mo\u017cesz odpocz\u0105\u0107 lub pracowa\u0107 podczas podr\u00f3\u017cy.<\/p>\n<p>Dystans pomi\u0119dzy Wroc\u0142awiem a Lotniskiem Brandenburg wynosi oko\u0142o 320 km, a szacowany czas przejazdu to oko\u0142o 4 godziny, w zale\u017cno\u015bci od warunk\u00f3w drogowych i nat\u0119\u017cenia ruchu.<\/p>\n<p>W naszej ofercie znajdziesz taks\u00f3wki r\u00f3\u017cnych segment\u00f3w, od standardowej taks\u00f3wki przez komfortowe limuzyny, po luksusowe auta Mercedes-Benz Klasa S czy Porsche Panamera. Oferujemy r\u00f3wnie\u017c przejazdy dla wi\u0119kszych grup 8 osobowymi busami oraz ekskluzywnymi minivanami Mercedes-Benz dla grup do 6 os\u00f3b. Dzi\u0119ki temu mo\u017cesz wybra\u0107 pojazd odpowiedni do Twoich potrzeb oraz bud\u017cetu. Jeste\u015bmy elastyczni i dostosowujemy si\u0119 do indywidualnych wymaga\u0144 ka\u017cdego klienta.<\/p>\n<p>Koszt przejazdu z Wroc\u0142awia do Berlina zale\u017cy od wybranego pojazdu oraz liczby pasa\u017cer\u00f3w. Zapewniamy konkurencyjne ceny oraz przejrzyste zasady rozlicze\u0144. Koszt przejazdu mo\u017cesz sprawdzi\u0107 jeszcze przed dokonaniem rezerwacji.<\/p>\n<p>Zaufaj nam i skorzystaj z us\u0142ug Airport Taxi Wroc\u0142aw, by zapewni\u0107 sobie szybki, wygodny i bezpieczny transport z Wroc\u0142awia na Lotnisko Brandenburg w Niemczech.<\/p>\n","protected":false},"excerpt":{"rendered":"<p>Z Nami przejazd z Wroc\u0142awia do Berlina to szybka i wygodna opcja dla wszystkich pasa\u017cer\u00f3w. Zatrudniamy do\u015bwiadczonych kierowc\u00f3w, kt\u00f3rzy dostosuj\u0105 tras\u0119 do aktualnych warunk\u00f3w drogowych, aby unikn\u0105\u0107 kork\u00f3w i zapewni\u0107 Ci szybki transfer. Nasze samochody s\u0105 wyposa\u017cone w klimatyzacj\u0119, a w wybranych opcjach r\u00f3wnie\u017c w bezp\u0142atny dost\u0119p do internetu, dzi\u0119ki czemu mo\u017cesz odpocz\u0105\u0107 lub pracowa\u0107 [&hellip;]<\/p>\n","protected":false},"featured_media":12158,"template":"","meta":{"_acf_changed":false,"rank_math_lock_modified_date":false},"product_cat":[20,35,37],"product_tag":[],"class_list":{"0":"post-10923","1":"product","2":"type-product","3":"status-publish","4":"has-post-thumbnail","6":"product_cat-transfery","7":"product_cat-lotniskowe","8":"product_cat-miedzynarodowe","10":"first","11":"instock","12":"taxable","13":"shipping-taxable","14":"purchasable","15":"product-type-variable"},"acf":[],"_links":{"self":[{"href":"https:\/\/airporttaxiwroclaw.pl\/en\/wp-json\/wp\/v2\/product\/10923"}],"collection":[{"href":"https:\/\/airporttaxiwroclaw.pl\/en\/wp-json\/wp\/v2\/product"}],"about":[{"href":"https:\/\/airporttaxiwroclaw.pl\/en\/wp-json\/wp\/v2\/types\/product"}],"wp:featuredmedia":[{"embeddable":true,"href":"https:\/\/airporttaxiwroclaw.pl\/en\/wp-json\/wp\/v2\/media\/12158"}],"wp:attachment":[{"href":"https:\/\/airporttaxiwroclaw.pl\/en\/wp-json\/wp\/v2\/media?parent=10923"}],"wp:term":[{"taxonomy":"product_cat","embeddable":true,"href":"https:\/\/airporttaxiwroclaw.pl\/en\/wp-json\/wp\/v2\/product_cat?post=10923"},{"taxonomy":"product_tag","embeddable":true,"href":"https:\/\/airporttaxiwroclaw.pl\/en\/wp-json\/wp\/v2\/product_tag?post=10923"}],"curies":[{"name":"wp","href":"https:\/\/api.w.org\/{rel}","templated":true}]}}