{"id":10934,"date":"2023-01-12T23:40:15","date_gmt":"2023-01-12T23:40:15","guid":{"rendered":"http:\/\/airporttaxiwroclaw.pl\/?post_type=product&#038;p=10934"},"modified":"2024-05-28T08:12:18","modified_gmt":"2024-05-28T08:12:18","slug":"lotnisko-katowice-ktw","status":"publish","type":"product","link":"https:\/\/airporttaxiwroclaw.pl\/en\/lotnisko-katowice-ktw\/","title":{"rendered":"Prywatny przejazd Wroc\u0142aw &#8211; Lotnisko Katowice (KTW)"},"content":{"rendered":"<p>Planujesz lot z lotniska w Katowicach i potrzebujesz szybkiego i niezawodnego transportu z Wroc\u0142awia? Albo przylatujesz na lotnisko Katowice Pyrzowice (KTW) i potrzebujesz dosta\u0107 si\u0119 do Wroc\u0142awia? Skorzystaj z naszej oferty i zarezerwuj przejazd z Airport Taxi Wroc\u0142aw ju\u017c dzi\u015b! Zapewniamy komfortow\u0105 taks\u00f3wk\u0119, kt\u00f3ra dostarczy Ci\u0119 pod wskazany adres.<\/p>\n<p>Z Nami przejazd z Wroc\u0142awia na Lotnisko Katowice Pyrzowice to szybka i wygodna opcja dla wszystkich pasa\u017cer\u00f3w. Zatrudniamy do\u015bwiadczonych kierowc\u00f3w, kt\u00f3rzy dostosuj\u0105 tras\u0119 do aktualnej sytuacji na drodze, aby unikn\u0105\u0107 kork\u00f3w i zapewni\u0107 Ci szybki transfer. Nasze samochody s\u0105 wyposa\u017cone w klimatyzacj\u0119, a w wybranych opcjach r\u00f3wnie\u017c w bezp\u0142atny dost\u0119p do internetu, dzi\u0119ki czemu mo\u017cesz odpocz\u0105\u0107 lub pracowa\u0107 podczas podr\u00f3\u017cy.<\/p>\n<p>Dystans pomi\u0119dzy Wroc\u0142awiem, a lotniskiem w Katowicach wynosi oko\u0142o 213 km, a szacowany czas przejazdu to oko\u0142o 2 godzin, w zale\u017cno\u015bci od warunk\u00f3w drogowych i nat\u0119\u017cenia ruchu.<\/p>\n<p>W naszej ofercie znajdziesz taks\u00f3wki r\u00f3\u017cnych segment\u00f3w, od standardowej taks\u00f3wki przez komfortowe limuzyny, po luksusowe auta Mercedes-Benz Klasa S czy Porsche Panamera. Oferujemy r\u00f3wnie\u017c przejazdy dla wi\u0119kszych grup 8 osobowymi busami oraz ekskluzywnymi minivanami Mercedes-Benz dla grup do 6 os\u00f3b. Dzi\u0119ki temu mo\u017cesz wybra\u0107 pojazd odpowiedni do Twoich potrzeb oraz bud\u017cetu.<\/p>\n<p>Koszt przejazdu z Wroc\u0142awia na lotnisko Katowice (KTW) zale\u017cy od wybranego pojazdu oraz liczby pasa\u017cer\u00f3w. Zapewniamy konkurencyjne ceny oraz przejrzyste zasady rozlicze\u0144. Cen\u0119 us\u0142ugi mo\u017cesz sprawdzi\u0107 jeszcze przed dokonaniem rezerwacji, a po zarezerwowaniu transferu masz pewno\u015b\u0107, \u017ce cena nie ulegnie zmianie.<\/p>\n<p>Zaufaj nam i skorzystaj z us\u0142ug Airport Taxi Wroc\u0142aw, by zapewni\u0107 sobie szybki, wygodny i bezpieczny transport z Wroc\u0142awia na lotnisko w Katowicach.<\/p>\n","protected":false},"excerpt":{"rendered":"<p>Planujesz lot z lotniska w Katowicach i potrzebujesz szybkiego i niezawodnego transportu z Wroc\u0142awia? Albo przylatujesz na lotnisko Katowice Pyrzowice (KTW) i potrzebujesz dosta\u0107 si\u0119 do Wroc\u0142awia? Skorzystaj z naszej oferty i zarezerwuj przejazd z Airport Taxi Wroc\u0142aw ju\u017c dzi\u015b! Zapewniamy komfortow\u0105 taks\u00f3wk\u0119, kt\u00f3ra dostarczy Ci\u0119 pod wskazany adres. Z Nami przejazd z Wroc\u0142awia na [&hellip;]<\/p>\n","protected":false},"featured_media":12154,"template":"","meta":{"_acf_changed":false,"rank_math_lock_modified_date":false},"product_cat":[35],"product_tag":[],"class_list":{"0":"post-10934","1":"product","2":"type-product","3":"status-publish","4":"has-post-thumbnail","6":"product_cat-lotniskowe","8":"first","9":"instock","10":"taxable","11":"shipping-taxable","12":"purchasable","13":"product-type-variable"},"acf":[],"_links":{"self":[{"href":"https:\/\/airporttaxiwroclaw.pl\/en\/wp-json\/wp\/v2\/product\/10934"}],"collection":[{"href":"https:\/\/airporttaxiwroclaw.pl\/en\/wp-json\/wp\/v2\/product"}],"about":[{"href":"https:\/\/airporttaxiwroclaw.pl\/en\/wp-json\/wp\/v2\/types\/product"}],"wp:featuredmedia":[{"embeddable":true,"href":"https:\/\/airporttaxiwroclaw.pl\/en\/wp-json\/wp\/v2\/media\/12154"}],"wp:attachment":[{"href":"https:\/\/airporttaxiwroclaw.pl\/en\/wp-json\/wp\/v2\/media?parent=10934"}],"wp:term":[{"taxonomy":"product_cat","embeddable":true,"href":"https:\/\/airporttaxiwroclaw.pl\/en\/wp-json\/wp\/v2\/product_cat?post=10934"},{"taxonomy":"product_tag","embeddable":true,"href":"https:\/\/airporttaxiwroclaw.pl\/en\/wp-json\/wp\/v2\/product_tag?post=10934"}],"curies":[{"name":"wp","href":"https:\/\/api.w.org\/{rel}","templated":true}]}}