{"id":10968,"date":"2023-01-12T23:45:54","date_gmt":"2023-01-12T23:45:54","guid":{"rendered":"http:\/\/airporttaxiwroclaw.pl\/?post_type=product&#038;p=10968"},"modified":"2024-05-28T08:13:02","modified_gmt":"2024-05-28T08:13:02","slug":"frankfurt-nad-menem-niemcy","status":"publish","type":"product","link":"https:\/\/airporttaxiwroclaw.pl\/en\/frankfurt-nad-menem-niemcy\/","title":{"rendered":"Prywatny przejazdy Wroc\u0142aw &#8211; Frankfurt nad Menem"},"content":{"rendered":"<p>Dystans mi\u0119dzy Wroc\u0142awiem a Frankfurtem nad Menem wynosi oko\u0142o 740 km, a szacowany czas przejazdu to oko\u0142o 7-8 godzin, w zale\u017cno\u015bci od warunk\u00f3w drogowych i ruchu. Jednak nie musisz si\u0119 martwi\u0107 o te szczeg\u00f3\u0142y, poniewa\u017c nasi do\u015bwiadczeni kierowcy zrobi\u0105 wszystko, aby Tw\u00f3j przejazd by\u0142 jak najbardziej komfortowy i bezpieczny.<\/p>\n<p>Dzi\u0119ki Naszemu formularzowi rezerwacyjnemu mo\u017cesz w \u0142atwy i intuicyjny spos\u00f3b zarezerwowa\u0107 przejazd z Wroc\u0142awia do Frankfurtu nad Menem. Mo\u017cesz wybra\u0107 preferowany pojazd, dat\u0119 i godzin\u0119, a tak\u017ce dokona\u0107 p\u0142atno\u015bci online. Nasza obs\u0142uga klienta jest zawsze gotowa odpowiedzie\u0107 na wszelkie pytania i pom\u00f3c w organizacji przejazdu.<\/p>\n<p>Wybieraj\u0105c nasz\u0105 firm\u0119, mo\u017cesz by\u0107 pewien, \u017ce otrzymasz us\u0142ug\u0119 na najwy\u017cszym poziomie, z profesjonalnymi kierowcami i luksusowymi pojazdami. Zapewniamy r\u00f3wnie\u017c konkurencyjne ceny i elastyczno\u015b\u0107 w dostosowaniu si\u0119 do indywidualnych potrzeb naszych klient\u00f3w.<\/p>\n<p>Zarezerwuj ju\u017c dzi\u015b swoj\u0105 prywatn\u0105 taks\u00f3wk\u0119 z Wroc\u0142awia do Frankfurtu nad Menem i ciesz si\u0119 wygodnym i bezpiecznym przejazdem z nasz\u0105 firm\u0105.<\/p>\n","protected":false},"excerpt":{"rendered":"<p>Dystans mi\u0119dzy Wroc\u0142awiem a Frankfurtem nad Menem wynosi oko\u0142o 740 km, a szacowany czas przejazdu to oko\u0142o 7-8 godzin, w zale\u017cno\u015bci od warunk\u00f3w drogowych i ruchu. Jednak nie musisz si\u0119 martwi\u0107 o te szczeg\u00f3\u0142y, poniewa\u017c nasi do\u015bwiadczeni kierowcy zrobi\u0105 wszystko, aby Tw\u00f3j przejazd by\u0142 jak najbardziej komfortowy i bezpieczny. Dzi\u0119ki Naszemu formularzowi rezerwacyjnemu mo\u017cesz w [&hellip;]<\/p>\n","protected":false},"featured_media":12156,"template":"","meta":{"_acf_changed":false,"rank_math_lock_modified_date":false},"product_cat":[35,37],"product_tag":[],"class_list":{"0":"post-10968","1":"product","2":"type-product","3":"status-publish","4":"has-post-thumbnail","6":"product_cat-lotniskowe","7":"product_cat-miedzynarodowe","9":"first","10":"instock","11":"taxable","12":"shipping-taxable","13":"purchasable","14":"product-type-variable"},"acf":[],"_links":{"self":[{"href":"https:\/\/airporttaxiwroclaw.pl\/en\/wp-json\/wp\/v2\/product\/10968"}],"collection":[{"href":"https:\/\/airporttaxiwroclaw.pl\/en\/wp-json\/wp\/v2\/product"}],"about":[{"href":"https:\/\/airporttaxiwroclaw.pl\/en\/wp-json\/wp\/v2\/types\/product"}],"wp:featuredmedia":[{"embeddable":true,"href":"https:\/\/airporttaxiwroclaw.pl\/en\/wp-json\/wp\/v2\/media\/12156"}],"wp:attachment":[{"href":"https:\/\/airporttaxiwroclaw.pl\/en\/wp-json\/wp\/v2\/media?parent=10968"}],"wp:term":[{"taxonomy":"product_cat","embeddable":true,"href":"https:\/\/airporttaxiwroclaw.pl\/en\/wp-json\/wp\/v2\/product_cat?post=10968"},{"taxonomy":"product_tag","embeddable":true,"href":"https:\/\/airporttaxiwroclaw.pl\/en\/wp-json\/wp\/v2\/product_tag?post=10968"}],"curies":[{"name":"wp","href":"https:\/\/api.w.org\/{rel}","templated":true}]}}