{"id":10979,"date":"2023-01-13T00:03:59","date_gmt":"2023-01-13T00:03:59","guid":{"rendered":"http:\/\/airporttaxiwroclaw.pl\/?post_type=product&#038;p=10979"},"modified":"2024-05-15T11:02:42","modified_gmt":"2024-05-15T11:02:42","slug":"wynajem-auta-ekonomiczny","status":"publish","type":"product","link":"https:\/\/airporttaxiwroclaw.pl\/en\/wynajem-auta-ekonomiczny\/","title":{"rendered":"Wynajem auta z kierowca &#8211; Ekonomiczny"},"content":{"rendered":"<p><strong>Toyota Corolla, Skoda Octavia i inne ekonomiczne modele<\/strong><\/p>\n<p>Toyota Corolla oraz Skoda Octavia to tylko przyk\u0142ady z naszej floty samochod\u00f3w ekonomicznych. Wybieraj\u0105c te modele, stawiasz na niezawodno\u015b\u0107, komfort jazdy oraz przestronne wn\u0119trze, kt\u00f3re zapewni komfort nawet dla trzech pasa\u017cer\u00f3w. To doskona\u0142a opcja dla tych, kt\u00f3rzy ceni\u0105 sobie przemy\u015blane rozwi\u0105zania w przyst\u0119pnej cenie.<\/p>\n<p><strong>Klasy ekonomicznej nie r\u00f3wna si\u0119 ni\u017cszej jako\u015bci<\/strong><\/p>\n<p>Mimo ni\u017cszej ceny, nasze samochody klasy ekonomicznej s\u0105 regularnie serwisowane, czyste i dobrze wyposa\u017cone. Zawsze mo\u017cesz liczy\u0107 na klimatyzacj\u0119, wygodne siedzenia oraz przemi\u0142ego i profesjonalnego kierowc\u0119, kt\u00f3ry zna miasto jak w\u0142asn\u0105 kiesze\u0144 i dostarczy Ci\u0119 do celu bezpiecznie i punktualnie.<\/p>\n<p><strong>Dlaczego wybra\u0107 nasz\u0105 ofert\u0119?<\/strong><\/p>\n<ol>\n<li><strong>Ekonomiczne ceny:<\/strong> Nasza oferta jest dostosowana do r\u00f3\u017cnych bud\u017cet\u00f3w. Chcemy, by ka\u017cdy klient mia\u0142 dost\u0119p do jako\u015bciowej us\u0142ugi, niezale\u017cnie od wielko\u015bci portfela.<\/li>\n<li><strong>Profesjonalizm:<\/strong> Nawet je\u015bli decydujesz si\u0119 na ta\u0144szy model, nasi kierowcy traktuj\u0105 ka\u017cdego klienta z r\u00f3wn\u0105 uwag\u0105 i szacunkiem.<\/li>\n<li><strong>Funkcjonalno\u015b\u0107:<\/strong> Samochody ekonomiczne s\u0105 doskona\u0142e na codzienne trasy, wizyty biznesowe czy kr\u00f3tkie wycieczki.<\/li>\n<\/ol>\n<p><strong>Indywidualne podej\u015bcie<\/strong><\/p>\n<p>Je\u015bli masz specjalne wymagania lub pytania dotycz\u0105ce wynajmu, zach\u0119camy do kontaktu mailowego. Ch\u0119tnie dostosujemy ofert\u0119 do Twoich potrzeb i doradzimy najlepsze rozwi\u0105zanie.<\/p>\n<p>Nie pozw\u00f3l, by wy\u017csze ceny odstrasza\u0142y Ci\u0119 od korzystania z us\u0142ug wynajmu samochodu z kierowc\u0105. Dzi\u0119ki naszej kategorii &#8220;Ekonomiczny&#8221;, ta us\u0142uga jest teraz dost\u0119pna dla szerokiego grona klient\u00f3w! Sprawd\u017a nasz\u0105 ofert\u0119 ju\u017c dzi\u015b.<\/p>\n","protected":false},"excerpt":{"rendered":"<p>Toyota Corolla, Skoda Octavia i inne ekonomiczne modele Toyota Corolla oraz Skoda Octavia to tylko przyk\u0142ady z naszej floty samochod\u00f3w ekonomicznych. Wybieraj\u0105c te modele, stawiasz na niezawodno\u015b\u0107, komfort jazdy oraz przestronne wn\u0119trze, kt\u00f3re zapewni komfort nawet dla trzech pasa\u017cer\u00f3w. To doskona\u0142a opcja dla tych, kt\u00f3rzy ceni\u0105 sobie przemy\u015blane rozwi\u0105zania w przyst\u0119pnej cenie. Klasy ekonomicznej nie [&hellip;]<\/p>\n","protected":false},"featured_media":12181,"template":"","meta":{"_acf_changed":false,"rank_math_lock_modified_date":false},"product_cat":[19],"product_tag":[],"class_list":{"0":"post-10979","1":"product","2":"type-product","3":"status-publish","4":"has-post-thumbnail","6":"product_cat-auto-z-kierowca","8":"first","9":"instock","10":"taxable","11":"shipping-taxable","12":"purchasable","13":"product-type-variable"},"acf":[],"_links":{"self":[{"href":"https:\/\/airporttaxiwroclaw.pl\/en\/wp-json\/wp\/v2\/product\/10979"}],"collection":[{"href":"https:\/\/airporttaxiwroclaw.pl\/en\/wp-json\/wp\/v2\/product"}],"about":[{"href":"https:\/\/airporttaxiwroclaw.pl\/en\/wp-json\/wp\/v2\/types\/product"}],"wp:featuredmedia":[{"embeddable":true,"href":"https:\/\/airporttaxiwroclaw.pl\/en\/wp-json\/wp\/v2\/media\/12181"}],"wp:attachment":[{"href":"https:\/\/airporttaxiwroclaw.pl\/en\/wp-json\/wp\/v2\/media?parent=10979"}],"wp:term":[{"taxonomy":"product_cat","embeddable":true,"href":"https:\/\/airporttaxiwroclaw.pl\/en\/wp-json\/wp\/v2\/product_cat?post=10979"},{"taxonomy":"product_tag","embeddable":true,"href":"https:\/\/airporttaxiwroclaw.pl\/en\/wp-json\/wp\/v2\/product_tag?post=10979"}],"curies":[{"name":"wp","href":"https:\/\/api.w.org\/{rel}","templated":true}]}}