{"id":11012,"date":"2023-01-13T00:11:09","date_gmt":"2023-01-13T00:11:09","guid":{"rendered":"http:\/\/airporttaxiwroclaw.pl\/?post_type=product&#038;p=11012"},"modified":"2024-05-15T11:00:09","modified_gmt":"2024-05-15T11:00:09","slug":"wynajem-auta-z-kierowca-biznes-minivan","status":"publish","type":"product","link":"https:\/\/airporttaxiwroclaw.pl\/en\/wynajem-auta-z-kierowca-biznes-minivan\/","title":{"rendered":"Wynajem auta z kierowc\u0105 &#8211; Biznes Minivan"},"content":{"rendered":"<hr \/>\n<p><strong>Komfort dla Ciebie i Twoich go\u015bci:<\/strong><\/p>\n<p>Mercedes-Benz Klasa V to prawdziwe arcydzie\u0142o in\u017cynieryjne i estetyczne. Wyrafinowane wn\u0119trze zapewni komfort wszystkim pasa\u017cerom, nawet podczas d\u0142u\u017cszych tras. Specjalnie zaprojektowane fotele, zaawansowane systemy multimedialne i bogate wyposa\u017cenie wn\u0119trza gwarantuj\u0105 luksus na najwy\u017cszym poziomie.<\/p>\n<p><strong>Elastyczno\u015b\u0107 wynajmu:<\/strong><\/p>\n<p>Niezale\u017cnie od tego, czy potrzebujesz wynajmu na kilka godzin, na ca\u0142y dzie\u0144, czy na kilka dni, mamy elastyczne pakiety dopasowane do Twoich potrzeb. W tym miejscu mo\u017cesz wynaj\u0105\u0107 auto od 3 do 12 godzin. Ka\u017cda godzina wynajmu zawiera limit 20 km, co pozwoli Ci swobodnie przemieszcza\u0107 si\u0119 po mie\u015bcie i okolicach. Je\u015bli chcesz wynaj\u0105\u0107 auto na d\u0142u\u017cej skontaktuj si\u0119 z nami drog\u0105 mailow\u0105.<\/p>\n<p><strong>Masz specjalne wymagania? Skontaktuj si\u0119 z nami:<\/strong><\/p>\n<p>Rozumiemy, \u017ce ka\u017cdy klient jest inny i mo\u017ce mie\u0107 indywidualne potrzeby. Je\u015bli masz bardziej z\u0142o\u017cone wymagania dotycz\u0105ce wynajmu, zapraszamy do kontaktu mailowego. Nasi eksperci s\u0105 gotowi, aby dostosowa\u0107 ofert\u0119 do Twoich oczekiwa\u0144 i zapewni\u0107 Ci najlepsze do\u015bwiadczenie.<\/p>\n<p><strong>Podsumowuj\u0105c:<\/strong><\/p>\n<p>Wynajem naszego Biznes Minivan to gwarancja komfortu, luksusu i profesjonalizmu. Bez wzgl\u0119du na to, czy planujesz wa\u017cne spotkanie biznesowe, wyj\u0105tkowe wydarzenie rodzinne czy po prostu chcesz podr\u00f3\u017cowa\u0107 z klas\u0105, Mercedes-Benz Klasa V z naszym do\u015bwiadczonym kierowc\u0105 b\u0119dzie idealnym rozwi\u0105zaniem. Skorzystaj z naszej oferty i przekonaj si\u0119 sam!<\/p>\n","protected":false},"excerpt":{"rendered":"<p>Komfort dla Ciebie i Twoich go\u015bci: Mercedes-Benz Klasa V to prawdziwe arcydzie\u0142o in\u017cynieryjne i estetyczne. Wyrafinowane wn\u0119trze zapewni komfort wszystkim pasa\u017cerom, nawet podczas d\u0142u\u017cszych tras. Specjalnie zaprojektowane fotele, zaawansowane systemy multimedialne i bogate wyposa\u017cenie wn\u0119trza gwarantuj\u0105 luksus na najwy\u017cszym poziomie. Elastyczno\u015b\u0107 wynajmu: Niezale\u017cnie od tego, czy potrzebujesz wynajmu na kilka godzin, na ca\u0142y dzie\u0144, czy [&hellip;]<\/p>\n","protected":false},"featured_media":12175,"template":"","meta":{"_acf_changed":false,"rank_math_lock_modified_date":false},"product_cat":[19],"product_tag":[],"class_list":{"0":"post-11012","1":"product","2":"type-product","3":"status-publish","4":"has-post-thumbnail","6":"product_cat-auto-z-kierowca","8":"first","9":"instock","10":"taxable","11":"shipping-taxable","12":"purchasable","13":"product-type-variable"},"acf":[],"_links":{"self":[{"href":"https:\/\/airporttaxiwroclaw.pl\/en\/wp-json\/wp\/v2\/product\/11012"}],"collection":[{"href":"https:\/\/airporttaxiwroclaw.pl\/en\/wp-json\/wp\/v2\/product"}],"about":[{"href":"https:\/\/airporttaxiwroclaw.pl\/en\/wp-json\/wp\/v2\/types\/product"}],"wp:featuredmedia":[{"embeddable":true,"href":"https:\/\/airporttaxiwroclaw.pl\/en\/wp-json\/wp\/v2\/media\/12175"}],"wp:attachment":[{"href":"https:\/\/airporttaxiwroclaw.pl\/en\/wp-json\/wp\/v2\/media?parent=11012"}],"wp:term":[{"taxonomy":"product_cat","embeddable":true,"href":"https:\/\/airporttaxiwroclaw.pl\/en\/wp-json\/wp\/v2\/product_cat?post=11012"},{"taxonomy":"product_tag","embeddable":true,"href":"https:\/\/airporttaxiwroclaw.pl\/en\/wp-json\/wp\/v2\/product_tag?post=11012"}],"curies":[{"name":"wp","href":"https:\/\/api.w.org\/{rel}","templated":true}]}}