{"id":11023,"date":"2023-01-13T00:13:58","date_gmt":"2023-01-13T00:13:58","guid":{"rendered":"http:\/\/airporttaxiwroclaw.pl\/?post_type=product&#038;p=11023"},"modified":"2024-05-15T10:56:16","modified_gmt":"2024-05-15T10:56:16","slug":"wynajem-auta-z-kierowca-premium","status":"publish","type":"product","link":"https:\/\/airporttaxiwroclaw.pl\/en\/wynajem-auta-z-kierowca-premium\/","title":{"rendered":"Wynajem auta z kierowc\u0105 &#8211; Premium"},"content":{"rendered":"<p><strong>Doskona\u0142o\u015b\u0107 w ka\u017cdym calu:<\/strong><\/p>\n<p>Klasa Premium to nie tylko luksus, ale przede wszystkim komfort i najnowocze\u015bniejsze technologie. Delikatne, sk\u00f3rzane tapicerki, zaawansowane systemy multimedialne, innowacyjne rozwi\u0105zania technologiczne i wyj\u0105tkowe w\u0142a\u015bciwo\u015bci jezdne sprawiaj\u0105, \u017ce ka\u017cda podr\u00f3\u017c staje si\u0119 czyst\u0105 przyjemno\u015bci\u0105.<\/p>\n<p><strong>Profesjonalizm w ka\u017cdym aspekcie:<\/strong><\/p>\n<p>Nasz kierowca, dbaj\u0105cy o bezpiecze\u0144stwo i komfort Twojej podr\u00f3\u017cy, to prawdziwy specjalista w swoim fachu. Dyskretny, uprzejmy i doskonale znaj\u0105cy topografi\u0119 miasta zapewni p\u0142ynn\u0105 i sprawn\u0105 podr\u00f3\u017c, a Ty b\u0119dziesz m\u00f3g\u0142 skupi\u0107 si\u0119 na swoich sprawach lub po prostu cieszy\u0107 chwil\u0105.<\/p>\n<p><strong>Elastyczno\u015b\u0107 wynajmu dla najbardziej wymagaj\u0105cych:<\/strong><\/p>\n<p>Nasza oferta wynajmu jest dostosowana do indywidualnych potrzeb ka\u017cdego klienta. Czy to spotkanie biznesowe, wyj\u0105tkowa okazja czy chwila luksusu &#8211; jeste\u015bmy gotowi sprosta\u0107 Twoim oczekiwaniom.<\/p>\n<p><strong>Skontaktuj si\u0119 z nami i dostosuj ofert\u0119 do swoich potrzeb:<\/strong><\/p>\n<p>Je\u015bli masz specjalne wymagania lub pytania dotycz\u0105ce wynajmu, zapraszamy do bezpo\u015bredniego kontaktu. Nasi specjali\u015bci ch\u0119tnie odpowiedz\u0105 na wszystkie pytania i dostosuj\u0105 ofert\u0119, aby spe\u0142ni\u0107 Twoje oczekiwania.<\/p>\n<p><strong>Podsumowanie:<\/strong><\/p>\n<p>Wynajem samochodu klasy Premium to gwarancja niezapomnianych chwil, kt\u00f3re pozostan\u0105 w pami\u0119ci na d\u0142ugo. Skorzystaj z naszej ekskluzywnej oferty i przekonaj si\u0119, \u017ce luksus, komfort i profesjonalizm mog\u0105 i\u015b\u0107 w parze. Przekszta\u0142\u0107 ka\u017cd\u0105 podr\u00f3\u017c w wyj\u0105tkowe prze\u017cycie.<\/p>\n","protected":false},"excerpt":{"rendered":"<p>Doskona\u0142o\u015b\u0107 w ka\u017cdym calu: Klasa Premium to nie tylko luksus, ale przede wszystkim komfort i najnowocze\u015bniejsze technologie. Delikatne, sk\u00f3rzane tapicerki, zaawansowane systemy multimedialne, innowacyjne rozwi\u0105zania technologiczne i wyj\u0105tkowe w\u0142a\u015bciwo\u015bci jezdne sprawiaj\u0105, \u017ce ka\u017cda podr\u00f3\u017c staje si\u0119 czyst\u0105 przyjemno\u015bci\u0105. Profesjonalizm w ka\u017cdym aspekcie: Nasz kierowca, dbaj\u0105cy o bezpiecze\u0144stwo i komfort Twojej podr\u00f3\u017cy, to prawdziwy specjalista w [&hellip;]<\/p>\n","protected":false},"featured_media":12177,"template":"","meta":{"_acf_changed":false,"rank_math_lock_modified_date":false},"product_cat":[19],"product_tag":[],"class_list":{"0":"post-11023","1":"product","2":"type-product","3":"status-publish","4":"has-post-thumbnail","6":"product_cat-auto-z-kierowca","8":"first","9":"instock","10":"taxable","11":"shipping-taxable","12":"purchasable","13":"product-type-variable","14":"has-default-attributes"},"acf":[],"_links":{"self":[{"href":"https:\/\/airporttaxiwroclaw.pl\/en\/wp-json\/wp\/v2\/product\/11023"}],"collection":[{"href":"https:\/\/airporttaxiwroclaw.pl\/en\/wp-json\/wp\/v2\/product"}],"about":[{"href":"https:\/\/airporttaxiwroclaw.pl\/en\/wp-json\/wp\/v2\/types\/product"}],"wp:featuredmedia":[{"embeddable":true,"href":"https:\/\/airporttaxiwroclaw.pl\/en\/wp-json\/wp\/v2\/media\/12177"}],"wp:attachment":[{"href":"https:\/\/airporttaxiwroclaw.pl\/en\/wp-json\/wp\/v2\/media?parent=11023"}],"wp:term":[{"taxonomy":"product_cat","embeddable":true,"href":"https:\/\/airporttaxiwroclaw.pl\/en\/wp-json\/wp\/v2\/product_cat?post=11023"},{"taxonomy":"product_tag","embeddable":true,"href":"https:\/\/airporttaxiwroclaw.pl\/en\/wp-json\/wp\/v2\/product_tag?post=11023"}],"curies":[{"name":"wp","href":"https:\/\/api.w.org\/{rel}","templated":true}]}}