{"id":11035,"date":"2023-01-13T00:29:27","date_gmt":"2023-01-13T00:29:27","guid":{"rendered":"http:\/\/airporttaxiwroclaw.pl\/?post_type=product&#038;p=11035"},"modified":"2024-05-15T10:55:29","modified_gmt":"2024-05-15T10:55:29","slug":"calodniowa-wycieczka-z-wroclawia-do-auschwitz-birkenau","status":"publish","type":"product","link":"https:\/\/airporttaxiwroclaw.pl\/en\/calodniowa-wycieczka-z-wroclawia-do-auschwitz-birkenau\/","title":{"rendered":"Ca\u0142odniowa wycieczka z Wroc\u0142awia do Auschwitz-Birkenau"},"content":{"rendered":"<p><strong>W\u0119dr\u00f3wka przez ciemne karty historii:<\/strong><\/p>\n<p>Zaplanuj swoj\u0105 komfortow\u0105 wypraw\u0119, korzystaj\u0105c z naszej us\u0142ugi &#8220;door-to-door&#8221;. Rozpocznij poruszaj\u0105c\u0105 podr\u00f3\u017c w czasie prosto z Twojego apartamentu lub hotelu we Wroc\u0142awiu, kiedy to nawa wykwalifikowany kierowca odbierze Ci\u0119 dok\u0142adnie spod wskazanego przez Ciebie adresu.<\/p>\n<p><strong>Skoncentruj si\u0119 na tym, co najwa\u017cniejsze:<\/strong><br \/>\nDzi\u0119ki naszej prywatnej formule przejazdu dostajesz wyj\u0105tkow\u0105 mo\u017cliwo\u015b\u0107 do\u015bwiadczenia historii Auschwitz bez rozpraszaj\u0105cej obecno\u015bci innych turyst\u00f3w w samochodzie. To czas, kt\u00f3ry pozwoli Ci na g\u0142\u0119bokie zastanowienie i refleksj\u0119 nad tym, co mia\u0142o miejsce za murami tego obozu.<\/p>\n<p><strong>Tw\u00f3j dzie\u0144 w skr\u00f3cie:<\/strong><\/p>\n<ul>\n<li><strong>Dojazd:<\/strong> Dystans dziel\u0105cy Wroc\u0142aw i Auschwitz-Birkenau to oko\u0142o 220 km. Spokojna podr\u00f3\u017c trwaj\u0105ca oko\u0142o 3 godziny da Ci czas na przygotowanie si\u0119 do nadchodz\u0105cej wizyty.<\/li>\n<li><strong>Zwiedzanie:<\/strong> Zespo\u0142y obozowe Auschwitz I i Auschwitz II-Birkenau rozci\u0105gaj\u0105 si\u0119 na rozleg\u0142ych terenach. Przewiduj oko\u0142o 4-5 godzin na dok\u0142adne zwiedzenie obu oboz\u00f3w, obserwuj\u0105c nie tylko zachowane struktury, ale tak\u017ce liczne ekspozycje prezentuj\u0105ce brutalno\u015b\u0107 obozowej rzeczywisto\u015bci.<\/li>\n<li><strong>Powr\u00f3t:<\/strong> Po intensywnej i poruszaj\u0105cej wizycie w obozie, wr\u00f3cisz do Wroc\u0142awia, aby w spokoju przemy\u015ble\u0107 i zastanowi\u0107 si\u0119 nad tym, co w\u0142a\u015bnie do\u015bwiadczy\u0142e\u015b.<\/li>\n<\/ul>\n<p><strong>Lekcja historii, kt\u00f3ra pozostanie z Tob\u0105 na zawsze:<\/strong><br \/>\nMiejsca takie jak Auschwitz-Birkenau s\u0105 trudne do opisania s\u0142owami. To \u015bwiadectwo cz\u0142owiecze\u0144stwa, kt\u00f3re zosta\u0142o poddane pr\u00f3bie w najciemniejszych czasach w historii. Oferuj\u0105c t\u0119 wycieczk\u0119, pragniemy umo\u017cliwi\u0107 Ci zrozumienie skali tragedii i okrucie\u0144stwa, jakie mia\u0142y miejsce podczas II wojny \u015bwiatowej, a tak\u017ce zastanowienia si\u0119 nad lekcjami, kt\u00f3re mo\u017cemy z tego wyci\u0105gn\u0105\u0107 dla przysz\u0142o\u015bci.<\/p>\n<p>Zach\u0119camy do g\u0142\u0119bokiej refleksji nad wydarzeniami, kt\u00f3re ukszta\u0142towa\u0142y nasz\u0105 histori\u0119, oraz do uczczenia pami\u0119ci tych, kt\u00f3rzy stracili \u017cycie w Auschwitz-Birkenau.<\/p>\n","protected":false},"excerpt":{"rendered":"<p>W\u0119dr\u00f3wka przez ciemne karty historii: Zaplanuj swoj\u0105 komfortow\u0105 wypraw\u0119, korzystaj\u0105c z naszej us\u0142ugi &#8220;door-to-door&#8221;. Rozpocznij poruszaj\u0105c\u0105 podr\u00f3\u017c w czasie prosto z Twojego apartamentu lub hotelu we Wroc\u0142awiu, kiedy to nawa wykwalifikowany kierowca odbierze Ci\u0119 dok\u0142adnie spod wskazanego przez Ciebie adresu. Skoncentruj si\u0119 na tym, co najwa\u017cniejsze: Dzi\u0119ki naszej prywatnej formule przejazdu dostajesz wyj\u0105tkow\u0105 mo\u017cliwo\u015b\u0107 do\u015bwiadczenia [&hellip;]<\/p>\n","protected":false},"featured_media":12169,"template":"","meta":{"_acf_changed":false,"rank_math_lock_modified_date":false},"product_cat":[18],"product_tag":[],"class_list":{"0":"post-11035","1":"product","2":"type-product","3":"status-publish","4":"has-post-thumbnail","6":"product_cat-wycieczki","8":"first","9":"instock","10":"taxable","11":"shipping-taxable","12":"purchasable","13":"product-type-variable","14":"has-default-attributes"},"acf":[],"_links":{"self":[{"href":"https:\/\/airporttaxiwroclaw.pl\/en\/wp-json\/wp\/v2\/product\/11035"}],"collection":[{"href":"https:\/\/airporttaxiwroclaw.pl\/en\/wp-json\/wp\/v2\/product"}],"about":[{"href":"https:\/\/airporttaxiwroclaw.pl\/en\/wp-json\/wp\/v2\/types\/product"}],"wp:featuredmedia":[{"embeddable":true,"href":"https:\/\/airporttaxiwroclaw.pl\/en\/wp-json\/wp\/v2\/media\/12169"}],"wp:attachment":[{"href":"https:\/\/airporttaxiwroclaw.pl\/en\/wp-json\/wp\/v2\/media?parent=11035"}],"wp:term":[{"taxonomy":"product_cat","embeddable":true,"href":"https:\/\/airporttaxiwroclaw.pl\/en\/wp-json\/wp\/v2\/product_cat?post=11035"},{"taxonomy":"product_tag","embeddable":true,"href":"https:\/\/airporttaxiwroclaw.pl\/en\/wp-json\/wp\/v2\/product_tag?post=11035"}],"curies":[{"name":"wp","href":"https:\/\/api.w.org\/{rel}","templated":true}]}}