{"id":11045,"date":"2023-01-13T00:30:32","date_gmt":"2023-01-13T00:30:32","guid":{"rendered":"http:\/\/airporttaxiwroclaw.pl\/?post_type=product&#038;p=11045"},"modified":"2024-05-15T10:54:29","modified_gmt":"2024-05-15T10:54:29","slug":"wycieczka-wroclaw-zamek-ksiaz","status":"publish","type":"product","link":"https:\/\/airporttaxiwroclaw.pl\/en\/wycieczka-wroclaw-zamek-ksiaz\/","title":{"rendered":"Ca\u0142odniowa wycieczka z Wroc\u0142awia do Zamku Ksi\u0105\u017c"},"content":{"rendered":"<p><strong>Prywatna podr\u00f3\u017c w otoczeniu wspania\u0142ej architektury:<\/strong><\/p>\n<p>Zapraszamy Ci\u0119 na niezapomnian\u0105 wypraw\u0119 do Zamku Ksi\u0105\u017c. Od komfortowego odbioru prosto spod Twojego adresu we Wroc\u0142awiu a\u017c po powr\u00f3t, zagwarantujemy Ci pe\u0142ne wsparcie, komfort i indywidualne podej\u015bcie.<\/p>\n<p><strong>Zarys Twojego dnia pe\u0142nego przyg\u00f3d:<\/strong><\/p>\n<ol>\n<li><strong>Dojazd:<\/strong> Po kr\u00f3tkiej, oko\u0142o godzinnej podr\u00f3\u017cy z Wroc\u0142awia dotrzesz do Wa\u0142brzycha, gdzie w\u015br\u00f3d g\u00f3rskiego krajobrazu wznosi si\u0119 Zamek Ksi\u0105\u017c.<\/li>\n<li><strong>Zwiedzanie:<\/strong> Przez kilka godzin zag\u0142\u0119b si\u0119 w zabytkowe wn\u0119trza zamku, odkrywaj\u0105c histori\u0119 rod\u00f3w ksi\u0105\u017c\u0119cych, kt\u00f3re kiedy\u015b tam mieszka\u0142y. Podziwiaj wspania\u0142e sale balowe, biblioteki, a tak\u017ce tajemnicze podziemia zamkowe, kt\u00f3re kryj\u0105 wiele niewyja\u015bnionych tajemnic.<\/li>\n<li><strong>Ogr\u00f3d:<\/strong> Zamek Ksi\u0105\u017c otoczony jest r\u00f3wnie\u017c przepi\u0119knymi ogrodami, gdzie mo\u017cesz podziwia\u0107 r\u00f3\u017cnorodno\u015b\u0107 ro\u015blin i sp\u0119dzi\u0107 chwil\u0119 w ciszy, otoczony przyrod\u0105.<\/li>\n<li><strong>Powr\u00f3t:<\/strong> Po dniu pe\u0142nym wra\u017ce\u0144 wr\u00f3\u0107 do Wroc\u0142awia, korzystaj\u0105c z naszej prywatnej i komfortowej us\u0142ugi transportowej.<\/li>\n<\/ol>\n<p><strong>Spotkanie z histori\u0105 i legendami:<\/strong> Zamek Ksi\u0105\u017c to nie tylko pi\u0119kna architektura, ale tak\u017ce miejsce, kt\u00f3re kryje w sobie wiele historii, od czas\u00f3w \u015bredniowiecza, poprzez okres II wojny \u015bwiatowej, a\u017c po czasy wsp\u00f3\u0142czesne.<\/p>\n<p>Przy\u0142\u0105cz si\u0119 do nas na t\u0119 wyj\u0105tkow\u0105 wypraw\u0119 i pozw\u00f3l sobie na podr\u00f3\u017c w czasie, odkrywaj\u0105c magi\u0119 i tajemnice Zamku Ksi\u0105\u017c.<\/p>\n","protected":false},"excerpt":{"rendered":"<p>Prywatna podr\u00f3\u017c w otoczeniu wspania\u0142ej architektury: Zapraszamy Ci\u0119 na niezapomnian\u0105 wypraw\u0119 do Zamku Ksi\u0105\u017c. Od komfortowego odbioru prosto spod Twojego adresu we Wroc\u0142awiu a\u017c po powr\u00f3t, zagwarantujemy Ci pe\u0142ne wsparcie, komfort i indywidualne podej\u015bcie. Zarys Twojego dnia pe\u0142nego przyg\u00f3d: Dojazd: Po kr\u00f3tkiej, oko\u0142o godzinnej podr\u00f3\u017cy z Wroc\u0142awia dotrzesz do Wa\u0142brzycha, gdzie w\u015br\u00f3d g\u00f3rskiego krajobrazu wznosi [&hellip;]<\/p>\n","protected":false},"featured_media":12150,"template":"","meta":{"_acf_changed":false,"rank_math_lock_modified_date":false},"product_cat":[18],"product_tag":[],"class_list":{"0":"post-11045","1":"product","2":"type-product","3":"status-publish","4":"has-post-thumbnail","6":"product_cat-wycieczki","8":"first","9":"instock","10":"taxable","11":"shipping-taxable","12":"purchasable","13":"product-type-variable","14":"has-default-attributes"},"acf":[],"_links":{"self":[{"href":"https:\/\/airporttaxiwroclaw.pl\/en\/wp-json\/wp\/v2\/product\/11045"}],"collection":[{"href":"https:\/\/airporttaxiwroclaw.pl\/en\/wp-json\/wp\/v2\/product"}],"about":[{"href":"https:\/\/airporttaxiwroclaw.pl\/en\/wp-json\/wp\/v2\/types\/product"}],"wp:featuredmedia":[{"embeddable":true,"href":"https:\/\/airporttaxiwroclaw.pl\/en\/wp-json\/wp\/v2\/media\/12150"}],"wp:attachment":[{"href":"https:\/\/airporttaxiwroclaw.pl\/en\/wp-json\/wp\/v2\/media?parent=11045"}],"wp:term":[{"taxonomy":"product_cat","embeddable":true,"href":"https:\/\/airporttaxiwroclaw.pl\/en\/wp-json\/wp\/v2\/product_cat?post=11045"},{"taxonomy":"product_tag","embeddable":true,"href":"https:\/\/airporttaxiwroclaw.pl\/en\/wp-json\/wp\/v2\/product_tag?post=11045"}],"curies":[{"name":"wp","href":"https:\/\/api.w.org\/{rel}","templated":true}]}}