{"id":11055,"date":"2023-01-13T00:31:37","date_gmt":"2023-01-13T00:31:37","guid":{"rendered":"http:\/\/airporttaxiwroclaw.pl\/?post_type=product&#038;p=11055"},"modified":"2024-05-15T10:53:42","modified_gmt":"2024-05-15T10:53:42","slug":"wycieczka-wroclaw-kosciol-pokoju-swidnica","status":"publish","type":"product","link":"https:\/\/airporttaxiwroclaw.pl\/en\/wycieczka-wroclaw-kosciol-pokoju-swidnica\/","title":{"rendered":"Ca\u0142odniowa wycieczka z Wroc\u0142awia do Ko\u015bci\u00f3\u0142 Pokoju \u015awidnica"},"content":{"rendered":"<p><strong>Ko\u015bci\u00f3\u0142 Pokoju w \u015awidnicy<\/strong> to wyj\u0105tkowe miejsce na mapie Polski, b\u0119d\u0105ce \u015bwiadectwem ducha pokoju, tolerancji i innowacyjnych rozwi\u0105za\u0144 architektonicznych. Z nami masz mo\u017cliwo\u015b\u0107 komfortowego zwiedzenia tego obiektu, wpisanego na list\u0119 \u015bwiatowego dziedzictwa UNESCO.<\/p>\n<p>Rozpocznij sw\u00f3j dzie\u0144 wygodnie, korzystaj\u0105c z naszej us\u0142ugi door-to-door. W zale\u017cno\u015bci od Twoich potrzeb i wielko\u015bci grupy, oferujemy r\u00f3\u017cnorodne pojazdy \u2013 od luksusowych limuzyn, takich jak Porsche Panamera czy Mercedes-Benz Klasa S, po przestronne minivany, takie jak Mercedes-Benz Vito. Wyje\u017cd\u017caj\u0105c z Wroc\u0142awia o wybranej przez Ciebie godzinie, docenisz spok\u00f3j i prywatno\u015b\u0107, jakie daje nasza oferta.<\/p>\n<p>Podr\u00f3\u017c z Wroc\u0142awia do \u015awidnicy trwa oko\u0142o godzin\u0119, co pozwoli Ci si\u0119 zrelaksowa\u0107 i przygotowa\u0107 do emocjonuj\u0105cego zwiedzania. W \u015awidnicy czeka na Ciebie nie tylko Ko\u015bci\u00f3\u0142 Pokoju, ale r\u00f3wnie\u017c wiele innych atrakcji. Sam Ko\u015bci\u00f3\u0142 zachwyci swoj\u0105 monumentalno\u015bci\u0105 i histori\u0105. Zbudowany bez u\u017cycia metalu, stanowi symbol pokojowego wsp\u00f3\u0142istnienia r\u00f3\u017cnych konfesji w czasach, gdy Europa by\u0142a podzielona religijnymi konfliktami.<\/p>\n<p>Po zako\u0144czeniu wycieczki wracamy do Wroc\u0142awia. Naszym priorytetem jest Twoje zadowolenie oraz komfort podczas ca\u0142ego wyjazdu.<\/p>\n<p>Nie czekaj! Odkryj z nami wyj\u0105tkowe pi\u0119kno i histori\u0119 Ko\u015bcio\u0142a Pokoju w \u015awidnicy. Zarezerwuj swoj\u0105 prywatn\u0105, ca\u0142odniow\u0105 wycieczk\u0119 ju\u017c dzi\u015b i prze\u017cyj niezapomniane chwile w sercu Dolnego \u015al\u0105ska.<\/p>\n","protected":false},"excerpt":{"rendered":"<p>Ko\u015bci\u00f3\u0142 Pokoju w \u015awidnicy to wyj\u0105tkowe miejsce na mapie Polski, b\u0119d\u0105ce \u015bwiadectwem ducha pokoju, tolerancji i innowacyjnych rozwi\u0105za\u0144 architektonicznych. Z nami masz mo\u017cliwo\u015b\u0107 komfortowego zwiedzenia tego obiektu, wpisanego na list\u0119 \u015bwiatowego dziedzictwa UNESCO. Rozpocznij sw\u00f3j dzie\u0144 wygodnie, korzystaj\u0105c z naszej us\u0142ugi door-to-door. W zale\u017cno\u015bci od Twoich potrzeb i wielko\u015bci grupy, oferujemy r\u00f3\u017cnorodne pojazdy \u2013 od [&hellip;]<\/p>\n","protected":false},"featured_media":11064,"template":"","meta":{"_acf_changed":false,"rank_math_lock_modified_date":false},"product_cat":[18],"product_tag":[],"class_list":{"0":"post-11055","1":"product","2":"type-product","3":"status-publish","4":"has-post-thumbnail","6":"product_cat-wycieczki","8":"first","9":"instock","10":"taxable","11":"shipping-taxable","12":"purchasable","13":"product-type-variable","14":"has-default-attributes"},"acf":[],"_links":{"self":[{"href":"https:\/\/airporttaxiwroclaw.pl\/en\/wp-json\/wp\/v2\/product\/11055"}],"collection":[{"href":"https:\/\/airporttaxiwroclaw.pl\/en\/wp-json\/wp\/v2\/product"}],"about":[{"href":"https:\/\/airporttaxiwroclaw.pl\/en\/wp-json\/wp\/v2\/types\/product"}],"wp:featuredmedia":[{"embeddable":true,"href":"https:\/\/airporttaxiwroclaw.pl\/en\/wp-json\/wp\/v2\/media\/11064"}],"wp:attachment":[{"href":"https:\/\/airporttaxiwroclaw.pl\/en\/wp-json\/wp\/v2\/media?parent=11055"}],"wp:term":[{"taxonomy":"product_cat","embeddable":true,"href":"https:\/\/airporttaxiwroclaw.pl\/en\/wp-json\/wp\/v2\/product_cat?post=11055"},{"taxonomy":"product_tag","embeddable":true,"href":"https:\/\/airporttaxiwroclaw.pl\/en\/wp-json\/wp\/v2\/product_tag?post=11055"}],"curies":[{"name":"wp","href":"https:\/\/api.w.org\/{rel}","templated":true}]}}