{"id":11065,"date":"2023-01-13T00:33:54","date_gmt":"2023-01-13T00:33:54","guid":{"rendered":"http:\/\/airporttaxiwroclaw.pl\/?post_type=product&#038;p=11065"},"modified":"2024-05-15T10:52:16","modified_gmt":"2024-05-15T10:52:16","slug":"wycieczka-wroclaw-gross-rosen","status":"publish","type":"product","link":"https:\/\/airporttaxiwroclaw.pl\/en\/wycieczka-wroclaw-gross-rosen\/","title":{"rendered":"Ca\u0142odniowa wycieczka z Wroc\u0142awia do Gross-Rosen i Os\u00f3wka"},"content":{"rendered":"<p><strong>Kompleksowe do\u015bwiadczenie edukacyjne:<\/strong> Ta prywatna wycieczka jest idealnym rozwi\u0105zaniem dla os\u00f3b, kt\u00f3re chc\u0105 zrozumie\u0107 trudn\u0105 histori\u0119 Gross-Rosen, jednego z najwi\u0119kszych oboz\u00f3w koncentracyjnych na terenie Polski podczas II wojny \u015bwiatowej. Oferujemy spersonalizowane podej\u015bcie bez obcych wsp\u00f3\u0142towarzyszy, co umo\u017cliwia g\u0142\u0119bsz\u0105 refleksj\u0119 i lepsze zrozumienie prezentowanych tre\u015bci.<\/p>\n<p><strong>Plan wycieczki:<\/strong><\/p>\n<ul>\n<li><strong>Wyjazd z Wroc\u0142awia:<\/strong> Wyjazd o ustalonej godzinie zapewni optymalne wykorzystanie dnia. Czas przejazdu z Wroc\u0142awia do Gross-Rosen wynosi oko\u0142o 1,5 godziny.<\/li>\n<li><strong>Zwiedzanie Muzeum:<\/strong> Na miejscu przewidujemy oko\u0142o 3-3,5 godziny zwiedzania, podczas kt\u00f3rego uczestnicy mog\u0105 zapozna\u0107 si\u0119 z ekspozycjami muzealnymi, kt\u00f3re szczeg\u00f3\u0142owo przedstawiaj\u0105 histori\u0119 obozu oraz codzienne \u017cycie jego wi\u0119\u017ani\u00f3w. Wycieczka obejmuje spacer po zachowanym fragmencie obozu, w tym po barakach, gdzie przetrzymywani byli wi\u0119\u017aniowie oraz po terenie, kt\u00f3ry obecnie pe\u0142ni funkcj\u0119 miejsca pami\u0119ci.<\/li>\n<li><strong>Powr\u00f3t do Wroc\u0142awia:<\/strong> Po zako\u0144czeniu zwiedzania, zapewniamy komfortowy przejazd powrotny do Wroc\u0142awia, daj\u0105c uczestnikom czas na przemy\u015blenia i odpoczynek po intensywnym dniu.<\/li>\n<\/ul>\n<p><strong>Dlaczego warto wybra\u0107 t\u0119 wycieczk\u0119?<\/strong> Wycieczka do Muzeum Gross-Rosen to nie tylko podr\u00f3\u017c w przesz\u0142o\u015b\u0107, ale tak\u017ce wa\u017cna lekcja historii, kt\u00f3ra pokazuje, jak wa\u017cne jest pami\u0119tanie o wydarzeniach, kt\u00f3re kszta\u0142tuj\u0105 nasz\u0105 wsp\u00f3\u0142czesno\u015b\u0107. Jest to doskona\u0142a okazja, by na w\u0142asne oczy zobaczy\u0107 miejsce, kt\u00f3re jest kluczowe dla zrozumienia historii II wojny \u015bwiatowej w Europie.<\/p>\n<p><strong>Zapewniamy:<\/strong><\/p>\n<ul>\n<li>Pe\u0142en komfort podr\u00f3\u017cy dzi\u0119ki naszej nowoczesnej flocie pojazd\u00f3w.<\/li>\n<li>Profesjonalne podej\u015bcie i wsparcie naszego do\u015bwiadczonego kierowcy.<\/li>\n<li>Elastyczno\u015b\u0107 w dostosowaniu do indywidualnych potrzeb uczestnik\u00f3w.<\/li>\n<\/ul>\n<p>Nie przegap okazji na t\u0119 niezwyk\u0142\u0105 wycieczk\u0119, kt\u00f3ra jest zar\u00f3wno poruszaj\u0105c\u0105, jak i edukacyjn\u0105 podr\u00f3\u017c\u0105. Zapraszamy do rezerwacji!<\/p>\n","protected":false},"excerpt":{"rendered":"<p>Kompleksowe do\u015bwiadczenie edukacyjne: Ta prywatna wycieczka jest idealnym rozwi\u0105zaniem dla os\u00f3b, kt\u00f3re chc\u0105 zrozumie\u0107 trudn\u0105 histori\u0119 Gross-Rosen, jednego z najwi\u0119kszych oboz\u00f3w koncentracyjnych na terenie Polski podczas II wojny \u015bwiatowej. Oferujemy spersonalizowane podej\u015bcie bez obcych wsp\u00f3\u0142towarzyszy, co umo\u017cliwia g\u0142\u0119bsz\u0105 refleksj\u0119 i lepsze zrozumienie prezentowanych tre\u015bci. Plan wycieczki: Wyjazd z Wroc\u0142awia: Wyjazd o ustalonej godzinie zapewni optymalne [&hellip;]<\/p>\n","protected":false},"featured_media":12171,"template":"","meta":{"_acf_changed":false,"rank_math_lock_modified_date":false},"product_cat":[18],"product_tag":[],"class_list":{"0":"post-11065","1":"product","2":"type-product","3":"status-publish","4":"has-post-thumbnail","6":"product_cat-wycieczki","8":"first","9":"instock","10":"taxable","11":"shipping-taxable","12":"purchasable","13":"product-type-variable","14":"has-default-attributes"},"acf":[],"_links":{"self":[{"href":"https:\/\/airporttaxiwroclaw.pl\/en\/wp-json\/wp\/v2\/product\/11065"}],"collection":[{"href":"https:\/\/airporttaxiwroclaw.pl\/en\/wp-json\/wp\/v2\/product"}],"about":[{"href":"https:\/\/airporttaxiwroclaw.pl\/en\/wp-json\/wp\/v2\/types\/product"}],"wp:featuredmedia":[{"embeddable":true,"href":"https:\/\/airporttaxiwroclaw.pl\/en\/wp-json\/wp\/v2\/media\/12171"}],"wp:attachment":[{"href":"https:\/\/airporttaxiwroclaw.pl\/en\/wp-json\/wp\/v2\/media?parent=11065"}],"wp:term":[{"taxonomy":"product_cat","embeddable":true,"href":"https:\/\/airporttaxiwroclaw.pl\/en\/wp-json\/wp\/v2\/product_cat?post=11065"},{"taxonomy":"product_tag","embeddable":true,"href":"https:\/\/airporttaxiwroclaw.pl\/en\/wp-json\/wp\/v2\/product_tag?post=11065"}],"curies":[{"name":"wp","href":"https:\/\/api.w.org\/{rel}","templated":true}]}}