{"id":11387,"date":"2023-09-25T11:38:32","date_gmt":"2023-09-25T11:38:32","guid":{"rendered":"http:\/\/airporttaxiwroclaw.pl\/?post_type=product&#038;p=11387"},"modified":"2024-05-24T08:16:36","modified_gmt":"2024-05-24T08:16:36","slug":"prywatny-przejazdy-wroclaw-jawor","status":"publish","type":"product","link":"https:\/\/airporttaxiwroclaw.pl\/en\/prywatny-przejazdy-wroclaw-jawor\/","title":{"rendered":"Prywatny przejazd Wroc\u0142aw &#8211; Jawor"},"content":{"rendered":"<p>Szukasz sprawdzonego przewo\u017anika z Wroc\u0142awia do Jawora? Odkryj r\u00f3\u017cnorodno\u015b\u0107 i jako\u015b\u0107 us\u0142ug oferowanych przez Airport Taxi Wroc\u0142aw! Zapewniamy szerok\u0105 gam\u0119 pojazd\u00f3w, od standardowych jak VW Passat, po luksusowe 6 osobowe minivany jak Mercedes-Benz Klasa V, aby ka\u017cda podr\u00f3\u017c by\u0142a dopasowana do Twoich potrzeb i preferencji.<\/p>\n<p>Jawor, miasto z bogat\u0105 histori\u0105 i architektur\u0105, znajduje si\u0119 zaledwie 75 km od Wroc\u0142awia, co oznacza, \u017ce z nami dotrzesz tam w oko\u0142o godzin\u0119!<\/p>\n<p>&nbsp;<\/p>\n<p>Korzystaj\u0105c z naszych us\u0142ug, mo\u017cesz liczy\u0107 na:<\/p>\n<p><strong>Komfort i spok\u00f3j:<\/strong> Nasze samochody s\u0105 wygodne, a kierowcy do\u015bwiadczeni, wi\u0119c Twoja podr\u00f3\u017c przebiegnie g\u0142adko i przyjemnie.<\/p>\n<p><strong>Elastyczno\u015b\u0107 wyboru:<\/strong> Dostosowujemy si\u0119 do Twoich potrzeb, oferuj\u0105c r\u00f3\u017cne segmenty samochod\u00f3w.<\/p>\n<p><strong>Przejrzysto\u015b\u0107 cen:<\/strong> Nasze stawki s\u0105 jasne i konkurencyjne, bez ukrytych op\u0142at.<\/p>\n<p>&nbsp;<\/p>\n<p>Nie wa\u017cne, czy udasz si\u0119 do Jawora s\u0142u\u017cbowo, czy turystycznie, Airport Taxi Wroc\u0142aw jest gotowe zaoferowa\u0107 Ci bezstresow\u0105 i komfortow\u0105 podr\u00f3\u017c. Odkryj wygod\u0119 i profesjonalizm, kt\u00f3re sprawi\u0105, \u017ce ka\u017cda Twoja podr\u00f3\u017c z nami b\u0119dzie wyj\u0105tkowa.<\/p>\n<p>Nie zwlekaj! Wybierz Airport Taxi Wroc\u0142aw i do\u015bwiadcz najwy\u017cszej jako\u015bci us\u0142ug transportowych na trasie Wroc\u0142aw &#8211; Jawor! \u2728<\/p>\n","protected":false},"excerpt":{"rendered":"<p>Szukasz sprawdzonego przewo\u017anika z Wroc\u0142awia do Jawora? Odkryj r\u00f3\u017cnorodno\u015b\u0107 i jako\u015b\u0107 us\u0142ug oferowanych przez Airport Taxi Wroc\u0142aw! Zapewniamy szerok\u0105 gam\u0119 pojazd\u00f3w, od standardowych jak VW Passat, po luksusowe 6 osobowe minivany jak Mercedes-Benz Klasa V, aby ka\u017cda podr\u00f3\u017c by\u0142a dopasowana do Twoich potrzeb i preferencji. Jawor, miasto z bogat\u0105 histori\u0105 i architektur\u0105, znajduje si\u0119 zaledwie [&hellip;]<\/p>\n","protected":false},"featured_media":12140,"template":"","meta":{"_acf_changed":false,"rank_math_lock_modified_date":false},"product_cat":[36],"product_tag":[],"class_list":{"0":"post-11387","1":"product","2":"type-product","3":"status-publish","4":"has-post-thumbnail","6":"product_cat-miedzymiastowe","8":"first","9":"instock","10":"taxable","11":"shipping-taxable","12":"purchasable","13":"product-type-variable"},"acf":[],"_links":{"self":[{"href":"https:\/\/airporttaxiwroclaw.pl\/en\/wp-json\/wp\/v2\/product\/11387"}],"collection":[{"href":"https:\/\/airporttaxiwroclaw.pl\/en\/wp-json\/wp\/v2\/product"}],"about":[{"href":"https:\/\/airporttaxiwroclaw.pl\/en\/wp-json\/wp\/v2\/types\/product"}],"wp:featuredmedia":[{"embeddable":true,"href":"https:\/\/airporttaxiwroclaw.pl\/en\/wp-json\/wp\/v2\/media\/12140"}],"wp:attachment":[{"href":"https:\/\/airporttaxiwroclaw.pl\/en\/wp-json\/wp\/v2\/media?parent=11387"}],"wp:term":[{"taxonomy":"product_cat","embeddable":true,"href":"https:\/\/airporttaxiwroclaw.pl\/en\/wp-json\/wp\/v2\/product_cat?post=11387"},{"taxonomy":"product_tag","embeddable":true,"href":"https:\/\/airporttaxiwroclaw.pl\/en\/wp-json\/wp\/v2\/product_tag?post=11387"}],"curies":[{"name":"wp","href":"https:\/\/api.w.org\/{rel}","templated":true}]}}