{"id":11388,"date":"2023-09-25T11:38:50","date_gmt":"2023-09-25T11:38:50","guid":{"rendered":"http:\/\/airporttaxiwroclaw.pl\/?post_type=product&#038;p=11388"},"modified":"2024-05-28T08:13:58","modified_gmt":"2024-05-28T08:13:58","slug":"prywatny-przejazdy-wroclaw-sobotka","status":"publish","type":"product","link":"https:\/\/airporttaxiwroclaw.pl\/en\/prywatny-przejazdy-wroclaw-sobotka\/","title":{"rendered":"Prywatny przejazd Wroc\u0142aw &#8211; Sob\u00f3tka"},"content":{"rendered":"<p>Szukasz bezproblemowego transportu z Wroc\u0142awia do Sob\u00f3tki? Airport Taxi Wroc\u0142aw oferuje szeroki wachlarz opcji pojazd\u00f3w, od ekonomicznych, jak Skoda Rapid, po luksusowe, jak Mercedes-Benz Klasa S, aby dopasowa\u0107 si\u0119 do Twojego stylu i bud\u017cetu podr\u00f3\u017cowania.<\/p>\n<p>Sob\u00f3tka, znana ze swojej malowniczej lokalizacji i bogatej historii, jest idealnym miejscem na kr\u00f3tki wypad czy d\u0142u\u017cszy pobyt. Z Airport Taxi Wroc\u0142aw, dystans 35 km pokonasz szybko i wygodnie, docieraj\u0105c na miejsce w ci\u0105gu zaledwie 40 minut!<\/p>\n<p>&nbsp;<\/p>\n<p>Oto, co oferujemy:<\/p>\n<p><strong>Bezstresow\u0105 podr\u00f3\u017c:<\/strong> Z naszym do\u015bwiadczonym pracownikiem za kierownic\u0105, mo\u017cesz si\u0119 zrelaksowa\u0107 lub spokojnie pracowa\u0107.<\/p>\n<p><strong>Elastyczno\u015b\u0107:<\/strong> Oferujemy r\u00f3\u017cnorodno\u015b\u0107 pojazd\u00f3w, aby sprosta\u0107 Twoim oczekiwaniom i potrzebom.<\/p>\n<p><strong>Jasno\u015b\u0107 koszt\u00f3w:<\/strong> Nasze ceny s\u0105 konkurencyjne i ustalane z g\u00f3ry, bez ukrytych op\u0142at.<\/p>\n<p>&nbsp;<\/p>\n<p>Nasza us\u0142uga jest dost\u0119pna dla ka\u017cdego, kto ceni sobie komfort, czas i jako\u015b\u0107 podr\u00f3\u017cy. Dajemy Ci mo\u017cliwo\u015b\u0107 skorzystania z najlepszych us\u0142ug transportowych, niezale\u017cnie od celu wizyty w Sob\u00f3tce.<\/p>\n<p>Wybierz nasz\u0105 firm\u0119 i prze\u017cyj wyj\u0105tkowy komfort podr\u00f3\u017cy z Wroc\u0142awia do Sob\u00f3tki z Airport Taxi Wroc\u0142aw!<\/p>\n","protected":false},"excerpt":{"rendered":"<p>Szukasz bezproblemowego transportu z Wroc\u0142awia do Sob\u00f3tki? Airport Taxi Wroc\u0142aw oferuje szeroki wachlarz opcji pojazd\u00f3w, od ekonomicznych, jak Skoda Rapid, po luksusowe, jak Mercedes-Benz Klasa S, aby dopasowa\u0107 si\u0119 do Twojego stylu i bud\u017cetu podr\u00f3\u017cowania. Sob\u00f3tka, znana ze swojej malowniczej lokalizacji i bogatej historii, jest idealnym miejscem na kr\u00f3tki wypad czy d\u0142u\u017cszy pobyt. Z Airport [&hellip;]<\/p>\n","protected":false},"featured_media":12142,"template":"","meta":{"_acf_changed":false,"rank_math_lock_modified_date":false},"product_cat":[36],"product_tag":[71],"class_list":{"0":"post-11388","1":"product","2":"type-product","3":"status-publish","4":"has-post-thumbnail","6":"product_cat-miedzymiastowe","7":"product_tag-zima","9":"first","10":"instock","11":"taxable","12":"shipping-taxable","13":"purchasable","14":"product-type-variable"},"acf":[],"_links":{"self":[{"href":"https:\/\/airporttaxiwroclaw.pl\/en\/wp-json\/wp\/v2\/product\/11388"}],"collection":[{"href":"https:\/\/airporttaxiwroclaw.pl\/en\/wp-json\/wp\/v2\/product"}],"about":[{"href":"https:\/\/airporttaxiwroclaw.pl\/en\/wp-json\/wp\/v2\/types\/product"}],"wp:featuredmedia":[{"embeddable":true,"href":"https:\/\/airporttaxiwroclaw.pl\/en\/wp-json\/wp\/v2\/media\/12142"}],"wp:attachment":[{"href":"https:\/\/airporttaxiwroclaw.pl\/en\/wp-json\/wp\/v2\/media?parent=11388"}],"wp:term":[{"taxonomy":"product_cat","embeddable":true,"href":"https:\/\/airporttaxiwroclaw.pl\/en\/wp-json\/wp\/v2\/product_cat?post=11388"},{"taxonomy":"product_tag","embeddable":true,"href":"https:\/\/airporttaxiwroclaw.pl\/en\/wp-json\/wp\/v2\/product_tag?post=11388"}],"curies":[{"name":"wp","href":"https:\/\/api.w.org\/{rel}","templated":true}]}}