{"id":11390,"date":"2023-09-25T11:39:32","date_gmt":"2023-09-25T11:39:32","guid":{"rendered":"http:\/\/airporttaxiwroclaw.pl\/?post_type=product&#038;p=11390"},"modified":"2024-05-24T08:14:36","modified_gmt":"2024-05-24T08:14:36","slug":"prywatny-przejazdy-wroclaw-glogow","status":"publish","type":"product","link":"https:\/\/airporttaxiwroclaw.pl\/en\/prywatny-przejazdy-wroclaw-glogow\/","title":{"rendered":"Prywatny przejazd Wroc\u0142aw &#8211; G\u0142og\u00f3w"},"content":{"rendered":"<p>Wybierasz si\u0119 do G\u0142ogowa? Airport Taxi Wroc\u0142aw oferuje wyj\u0105tkowe i komfortowe rozwi\u0105zania transportowe, od ekonomicznych modeli takich jak Skoda Rapid, po presti\u017cowe pojazdy klasy biznes jak Mercedes-Benz Klasa E.<\/p>\n<p>G\u0142og\u00f3w, miasto o bogatej historii, jest atrakcyjnym miejscem dla turyst\u00f3w oraz biznesmen\u00f3w. Odleg\u0142o\u015b\u0107 od Wroc\u0142awia do G\u0142ogowa wynosi oko\u0142o 130 km, umo\u017cliwiaj\u0105c dotarcie na miejsce w oko\u0142o 1,5 godziny z nasz\u0105 profesjonaln\u0105 obs\u0142ug\u0105!<\/p>\n<p>&nbsp;<\/p>\n<p>Korzystaj\u0105c z naszych us\u0142ug, gwarantujemy:<\/p>\n<p><strong>Wygoda i Styl:<\/strong> Nowoczesne i dobrze utrzymane pojazdy, dostosowane do Twoich potrzeb.<\/p>\n<p><strong>Bezpiecze\u0144stwo:<\/strong> Do\u015bwiadczeni kierowcy, z g\u0142\u0119bok\u0105 znajomo\u015bci\u0105 tras i warunk\u00f3w drogowych.<\/p>\n<p><strong>Przejrzysto\u015b\u0107 cen:<\/strong> Jasne i konkurencyjne ceny, ustalane przed rozpocz\u0119ciem podr\u00f3\u017cy.<\/p>\n<p>&nbsp;<\/p>\n<p>Niezale\u017cnie od celu wizyty w G\u0142ogowie, z Airport Taxi Wroc\u0142aw zyskasz spok\u00f3j i komfort podr\u00f3\u017cy. Dajemy Ci mo\u017cliwo\u015b\u0107 cieszenia si\u0119 podr\u00f3\u017c\u0105 bez stresu, w otoczeniu luksusu i elegancji. Nasz starannie wyselekcjonowany zesp\u00f3\u0142 jest tu, aby uczyni\u0107 Twoj\u0105 podr\u00f3\u017c jak najprzyjemniejsz\u0105 i sprosta\u0107 wszystkim Twoim oczekiwaniom.<\/p>\n<p>Podr\u00f3\u017cuj z Airport Taxi Wroc\u0142aw i poznaj prawdziwy komfort podr\u00f3\u017cy do G\u0142ogowa!<\/p>\n","protected":false},"excerpt":{"rendered":"<p>Wybierasz si\u0119 do G\u0142ogowa? Airport Taxi Wroc\u0142aw oferuje wyj\u0105tkowe i komfortowe rozwi\u0105zania transportowe, od ekonomicznych modeli takich jak Skoda Rapid, po presti\u017cowe pojazdy klasy biznes jak Mercedes-Benz Klasa E. G\u0142og\u00f3w, miasto o bogatej historii, jest atrakcyjnym miejscem dla turyst\u00f3w oraz biznesmen\u00f3w. Odleg\u0142o\u015b\u0107 od Wroc\u0142awia do G\u0142ogowa wynosi oko\u0142o 130 km, umo\u017cliwiaj\u0105c dotarcie na miejsce w [&hellip;]<\/p>\n","protected":false},"featured_media":12146,"template":"","meta":{"_acf_changed":false,"rank_math_lock_modified_date":false},"product_cat":[20,36],"product_tag":[],"class_list":{"0":"post-11390","1":"product","2":"type-product","3":"status-publish","4":"has-post-thumbnail","6":"product_cat-transfery","7":"product_cat-miedzymiastowe","9":"first","10":"instock","11":"taxable","12":"shipping-taxable","13":"purchasable","14":"product-type-variable"},"acf":[],"_links":{"self":[{"href":"https:\/\/airporttaxiwroclaw.pl\/en\/wp-json\/wp\/v2\/product\/11390"}],"collection":[{"href":"https:\/\/airporttaxiwroclaw.pl\/en\/wp-json\/wp\/v2\/product"}],"about":[{"href":"https:\/\/airporttaxiwroclaw.pl\/en\/wp-json\/wp\/v2\/types\/product"}],"wp:featuredmedia":[{"embeddable":true,"href":"https:\/\/airporttaxiwroclaw.pl\/en\/wp-json\/wp\/v2\/media\/12146"}],"wp:attachment":[{"href":"https:\/\/airporttaxiwroclaw.pl\/en\/wp-json\/wp\/v2\/media?parent=11390"}],"wp:term":[{"taxonomy":"product_cat","embeddable":true,"href":"https:\/\/airporttaxiwroclaw.pl\/en\/wp-json\/wp\/v2\/product_cat?post=11390"},{"taxonomy":"product_tag","embeddable":true,"href":"https:\/\/airporttaxiwroclaw.pl\/en\/wp-json\/wp\/v2\/product_tag?post=11390"}],"curies":[{"name":"wp","href":"https:\/\/api.w.org\/{rel}","templated":true}]}}