{"id":11391,"date":"2023-09-25T11:39:58","date_gmt":"2023-09-25T11:39:58","guid":{"rendered":"http:\/\/airporttaxiwroclaw.pl\/?post_type=product&#038;p=11391"},"modified":"2024-05-28T08:14:12","modified_gmt":"2024-05-28T08:14:12","slug":"prywatny-przejazdy-wroclaw-strzegom","status":"publish","type":"product","link":"https:\/\/airporttaxiwroclaw.pl\/en\/prywatny-przejazdy-wroclaw-strzegom\/","title":{"rendered":"Prywatny przejazd Wroc\u0142aw &#8211; Strzegom"},"content":{"rendered":"<p>Z Airport Taxi Wroc\u0142aw, ka\u017cda podr\u00f3\u017c staje si\u0119 prawdziwym do\u015bwiadczeniem! Oferujemy przejazdy z Wroc\u0142awia do Strzegomia, oferuj\u0105c zr\u00f3\u017cnicowane pojazdy, od kompaktowych, ekonomicznych modeli, jak Toyota Corolla, po luksusowe limuzyny, jak Porsche Panamera.<\/p>\n<p>Strzegom, z jego zabytkowym rynkiem i ko\u015bcio\u0142ami, jest miastem pe\u0142nym uroku i historii. Dystans mi\u0119dzy Wroc\u0142awiem a Strzegomiem wynosi oko\u0142o 55 km, co umo\u017cliwia dotarcie na miejsce w mniej ni\u017c godzin\u0119!<\/p>\n<p>&nbsp;<\/p>\n<p>Korzystaj\u0105c z us\u0142ug Airport Taxi Wroc\u0142aw, masz gwarancj\u0119:<\/p>\n<p><strong>Eleganckiej Podr\u00f3\u017cy:<\/strong> Wygodne, czyste i dobrze utrzymane pojazdy.<\/p>\n<p><strong>Bezpiecze\u0144stwa i Spokoju:<\/strong> Profesjonalni kierowcy z doskona\u0142\u0105 znajomo\u015bci\u0105 trasy.<\/p>\n<p><strong>Jasno\u015bci Cenowej:<\/strong> Brak ukrytych koszt\u00f3w, wszystko ustalane przed podr\u00f3\u017c\u0105.<\/p>\n<p>&nbsp;<\/p>\n<p>Z nami, nawet kr\u00f3tka podr\u00f3\u017c do Strzegomia mo\u017ce sta\u0107 si\u0119 wyj\u0105tkowym do\u015bwiadczeniem, zapewniaj\u0105cym relaks i mo\u017cliwo\u015b\u0107 od\u0142\u0105czenia si\u0119 od codzienno\u015bci. Nasz zesp\u00f3\u0142 do\u0142o\u017cy wszelkich stara\u0144, aby spe\u0142ni\u0107 Twoje oczekiwania i potrzeby, gwarantuj\u0105c najwy\u017csz\u0105 jako\u015b\u0107 us\u0142ug.<\/p>\n<p>Wybierz Airport Taxi Wroc\u0142aw na swoj\u0105 nast\u0119pn\u0105 podr\u00f3\u017c do Strzegomia i pozw\u00f3l sobie na chwil\u0119 luksusu! \u2728<\/p>\n","protected":false},"excerpt":{"rendered":"<p>Z Airport Taxi Wroc\u0142aw, ka\u017cda podr\u00f3\u017c staje si\u0119 prawdziwym do\u015bwiadczeniem! Oferujemy przejazdy z Wroc\u0142awia do Strzegomia, oferuj\u0105c zr\u00f3\u017cnicowane pojazdy, od kompaktowych, ekonomicznych modeli, jak Toyota Corolla, po luksusowe limuzyny, jak Porsche Panamera. Strzegom, z jego zabytkowym rynkiem i ko\u015bcio\u0142ami, jest miastem pe\u0142nym uroku i historii. Dystans mi\u0119dzy Wroc\u0142awiem a Strzegomiem wynosi oko\u0142o 55 km, co [&hellip;]<\/p>\n","protected":false},"featured_media":11957,"template":"","meta":{"_acf_changed":false,"rank_math_lock_modified_date":false},"product_cat":[36],"product_tag":[],"class_list":{"0":"post-11391","1":"product","2":"type-product","3":"status-publish","4":"has-post-thumbnail","6":"product_cat-miedzymiastowe","8":"first","9":"instock","10":"taxable","11":"shipping-taxable","12":"purchasable","13":"product-type-variable"},"acf":[],"_links":{"self":[{"href":"https:\/\/airporttaxiwroclaw.pl\/en\/wp-json\/wp\/v2\/product\/11391"}],"collection":[{"href":"https:\/\/airporttaxiwroclaw.pl\/en\/wp-json\/wp\/v2\/product"}],"about":[{"href":"https:\/\/airporttaxiwroclaw.pl\/en\/wp-json\/wp\/v2\/types\/product"}],"wp:featuredmedia":[{"embeddable":true,"href":"https:\/\/airporttaxiwroclaw.pl\/en\/wp-json\/wp\/v2\/media\/11957"}],"wp:attachment":[{"href":"https:\/\/airporttaxiwroclaw.pl\/en\/wp-json\/wp\/v2\/media?parent=11391"}],"wp:term":[{"taxonomy":"product_cat","embeddable":true,"href":"https:\/\/airporttaxiwroclaw.pl\/en\/wp-json\/wp\/v2\/product_cat?post=11391"},{"taxonomy":"product_tag","embeddable":true,"href":"https:\/\/airporttaxiwroclaw.pl\/en\/wp-json\/wp\/v2\/product_tag?post=11391"}],"curies":[{"name":"wp","href":"https:\/\/api.w.org\/{rel}","templated":true}]}}