{"id":11392,"date":"2023-09-25T11:40:17","date_gmt":"2023-09-25T11:40:17","guid":{"rendered":"http:\/\/airporttaxiwroclaw.pl\/?post_type=product&#038;p=11392"},"modified":"2024-05-28T08:15:26","modified_gmt":"2024-05-28T08:15:26","slug":"prywatny-przejazdy-wroclaw-klodzko","status":"publish","type":"product","link":"https:\/\/airporttaxiwroclaw.pl\/en\/prywatny-przejazdy-wroclaw-klodzko\/","title":{"rendered":"Prywatny przejazd Wroc\u0142aw &#8211; K\u0142odzko"},"content":{"rendered":"<p>Z Airport Taxi Wroc\u0142aw, podr\u00f3\u017c z Wroc\u0142awia do K\u0142odzka staje si\u0119 prawdziw\u0105 przyjemno\u015bci\u0105! Proponujemy r\u00f3\u017cne opcje podr\u00f3\u017cy, od przestronnych bus\u00f3w, takich jak Renault Trafic, po stylowe sedany klasy biznes, jak Mercedes-Benz Klasa E.<\/p>\n<p>Malownicze miasto K\u0142odzko, z jego bogat\u0105 histori\u0105 i unikatow\u0105 architektur\u0105, jest jednym z najbardziej urokliwych miejsc na Dolnym \u015al\u0105sku. Dystans mi\u0119dzy Wroc\u0142awiem a K\u0142odzkiem to oko\u0142o 91 km, co oznacza, \u017ce z nami dotrzesz na miejsce w mniej ni\u017c 1,5 godziny!<\/p>\n<p>&nbsp;<\/p>\n<p>Wybieraj\u0105c nasz\u0105 ofert\u0119, masz pewno\u015b\u0107, \u017ce:<\/p>\n<p><strong>Komfort i Bezpiecze\u0144stwo s\u0105 naszym priorytetem:<\/strong> Nasze pojazdy s\u0105 w pe\u0142ni wyposa\u017cone, regularnie serwisowane i ubezpieczone.<\/p>\n<p><strong>Jasna Cena:<\/strong> Cena jest ustalana przed rozpocz\u0119ciem podr\u00f3\u017cy, wi\u0119c nie musisz si\u0119 martwi\u0107 o dodatkowe op\u0142aty.<\/p>\n<p><strong>Wykwalifikowani Kierowcy:<\/strong> Do\u015bwiadczeni kierowcy z du\u017c\u0105 znajomo\u015bci\u0105 terenu gwarantuj\u0105, \u017ce Twoja podr\u00f3\u017c b\u0119dzie p\u0142ynna i bezproblemowa.<\/p>\n<p>&nbsp;<\/p>\n<p>Airport Taxi Wroc\u0142aw to nie tylko transport, to pe\u0142ne spektrum us\u0142ug, kt\u00f3re czyni\u0105 ka\u017cd\u0105 podr\u00f3\u017c wyj\u0105tkowym do\u015bwiadczeniem. Niezale\u017cnie od celu Twojej podr\u00f3\u017cy, nasze pojazdy dostarcz\u0105 Ci\u0119 do celu z najwy\u017cszym standardem komfortu i elegancji.<\/p>\n<p>Zaplanuj swoj\u0105 podr\u00f3\u017c ju\u017c dzi\u015b, wybieraj\u0105c Airport Taxi Wroc\u0142aw i do\u015bwiadcz wyj\u0105tkowej jako\u015bci podr\u00f3\u017cowania do K\u0142odzka!<\/p>\n","protected":false},"excerpt":{"rendered":"<p>Z Airport Taxi Wroc\u0142aw, podr\u00f3\u017c z Wroc\u0142awia do K\u0142odzka staje si\u0119 prawdziw\u0105 przyjemno\u015bci\u0105! Proponujemy r\u00f3\u017cne opcje podr\u00f3\u017cy, od przestronnych bus\u00f3w, takich jak Renault Trafic, po stylowe sedany klasy biznes, jak Mercedes-Benz Klasa E. Malownicze miasto K\u0142odzko, z jego bogat\u0105 histori\u0105 i unikatow\u0105 architektur\u0105, jest jednym z najbardziej urokliwych miejsc na Dolnym \u015al\u0105sku. Dystans mi\u0119dzy Wroc\u0142awiem [&hellip;]<\/p>\n","protected":false},"featured_media":11955,"template":"","meta":{"_acf_changed":false,"rank_math_lock_modified_date":false},"product_cat":[36],"product_tag":[],"class_list":{"0":"post-11392","1":"product","2":"type-product","3":"status-publish","4":"has-post-thumbnail","6":"product_cat-miedzymiastowe","8":"first","9":"instock","10":"taxable","11":"shipping-taxable","12":"purchasable","13":"product-type-variable"},"acf":[],"_links":{"self":[{"href":"https:\/\/airporttaxiwroclaw.pl\/en\/wp-json\/wp\/v2\/product\/11392"}],"collection":[{"href":"https:\/\/airporttaxiwroclaw.pl\/en\/wp-json\/wp\/v2\/product"}],"about":[{"href":"https:\/\/airporttaxiwroclaw.pl\/en\/wp-json\/wp\/v2\/types\/product"}],"wp:featuredmedia":[{"embeddable":true,"href":"https:\/\/airporttaxiwroclaw.pl\/en\/wp-json\/wp\/v2\/media\/11955"}],"wp:attachment":[{"href":"https:\/\/airporttaxiwroclaw.pl\/en\/wp-json\/wp\/v2\/media?parent=11392"}],"wp:term":[{"taxonomy":"product_cat","embeddable":true,"href":"https:\/\/airporttaxiwroclaw.pl\/en\/wp-json\/wp\/v2\/product_cat?post=11392"},{"taxonomy":"product_tag","embeddable":true,"href":"https:\/\/airporttaxiwroclaw.pl\/en\/wp-json\/wp\/v2\/product_tag?post=11392"}],"curies":[{"name":"wp","href":"https:\/\/api.w.org\/{rel}","templated":true}]}}