{"id":11394,"date":"2023-09-25T11:40:52","date_gmt":"2023-09-25T11:40:52","guid":{"rendered":"http:\/\/airporttaxiwroclaw.pl\/?post_type=product&#038;p=11394"},"modified":"2024-05-28T08:18:17","modified_gmt":"2024-05-28T08:18:17","slug":"prywatny-przejazdy-wroclaw-krakow","status":"publish","type":"product","link":"https:\/\/airporttaxiwroclaw.pl\/en\/prywatny-przejazdy-wroclaw-krakow\/","title":{"rendered":"Prywatny przejazd Wroc\u0142aw &#8211; Krak\u00f3w"},"content":{"rendered":"<p>Airport Taxi Wroc\u0142aw jest liderem w oferowaniu luksusowych przejazd\u00f3w z Wroc\u0142awia do Krakowa. Nasza flota pojazd\u00f3w spe\u0142nia oczekiwania nawet najbardziej wymagaj\u0105cych klient\u00f3w, od praktycznych i ekonomicznych modeli, takich jak Toyota Corolla, po eleganckie i luksusowe opcje jak Porsche Panamera.<\/p>\n<p>&nbsp;<\/p>\n<p>Rozsi\u0105d\u017a si\u0119 wygodnie i ciesz si\u0119 ka\u017cdym kilometrem podr\u00f3\u017cy na trasie oko\u0142o 270 km, kt\u00f3r\u0105 z nami pokonasz w mniej-wi\u0119cej 3 godziny. Z Airport Taxi Wroc\u0142aw korzystasz z licznych korzy\u015bci:<\/p>\n<p><strong>Komfort i Wygoda:<\/strong> Nasze samochody oferuj\u0105 przestrze\u0144, elegancj\u0119 i r\u00f3\u017cnorodno\u015b\u0107 udogodnie\u0144, takich jak klimatyzacja.<\/p>\n<p><strong>Do\u015bwiadczeni Kierowcy:<\/strong> Nasi kierowcy s\u0105 profesjonalni, dobrze zorientowani w trasie i dostosuj\u0105 pr\u0119dko\u015b\u0107 do Twoich preferencji.<\/p>\n<p><strong>Bez Ukrytych Koszt\u00f3w:<\/strong> Oferujemy jasne i konkurencyjne ceny, kt\u00f3re ustalane s\u0105 przed rozpocz\u0119ciem podr\u00f3\u017cy.<\/p>\n<p>&nbsp;<\/p>\n<p>Krak\u00f3w, miasto kr\u00f3l\u00f3w i smok\u00f3w, to miejsce gdzie historia i kultura mieszaj\u0105 si\u0119 z nowoczesno\u015bci\u0105. Odkryj jego pi\u0119kno, zabytki oraz kultur\u0119 bez stresu zwi\u0105zanego z podr\u00f3\u017cowaniem. Niezale\u017cnie od celu Twojej wizyty, z nami ka\u017cdy moment sp\u0119dzony w drodze b\u0119dzie czasem relaksu i odpr\u0119\u017cenia!<\/p>\n<p>Z Airport Taxi Wroc\u0142aw, dojazd z Wroc\u0142awia do Krakowa to nie tylko podr\u00f3\u017c, to do\u015bwiadczenie pe\u0142ne luksusu, elegancji i komfortu. Nie czekaj, skontaktuj si\u0119 z nami i zarezerwuj sw\u00f3j luksusowy przejazd ju\u017c dzi\u015b!<\/p>\n","protected":false},"excerpt":{"rendered":"<p>Airport Taxi Wroc\u0142aw jest liderem w oferowaniu luksusowych przejazd\u00f3w z Wroc\u0142awia do Krakowa. Nasza flota pojazd\u00f3w spe\u0142nia oczekiwania nawet najbardziej wymagaj\u0105cych klient\u00f3w, od praktycznych i ekonomicznych modeli, takich jak Toyota Corolla, po eleganckie i luksusowe opcje jak Porsche Panamera. &nbsp; Rozsi\u0105d\u017a si\u0119 wygodnie i ciesz si\u0119 ka\u017cdym kilometrem podr\u00f3\u017cy na trasie oko\u0142o 270 km, kt\u00f3r\u0105 [&hellip;]<\/p>\n","protected":false},"featured_media":12124,"template":"","meta":{"_acf_changed":false,"rank_math_lock_modified_date":false},"product_cat":[36],"product_tag":[],"class_list":{"0":"post-11394","1":"product","2":"type-product","3":"status-publish","4":"has-post-thumbnail","6":"product_cat-miedzymiastowe","8":"first","9":"instock","10":"taxable","11":"shipping-taxable","12":"purchasable","13":"product-type-variable"},"acf":[],"_links":{"self":[{"href":"https:\/\/airporttaxiwroclaw.pl\/en\/wp-json\/wp\/v2\/product\/11394"}],"collection":[{"href":"https:\/\/airporttaxiwroclaw.pl\/en\/wp-json\/wp\/v2\/product"}],"about":[{"href":"https:\/\/airporttaxiwroclaw.pl\/en\/wp-json\/wp\/v2\/types\/product"}],"wp:featuredmedia":[{"embeddable":true,"href":"https:\/\/airporttaxiwroclaw.pl\/en\/wp-json\/wp\/v2\/media\/12124"}],"wp:attachment":[{"href":"https:\/\/airporttaxiwroclaw.pl\/en\/wp-json\/wp\/v2\/media?parent=11394"}],"wp:term":[{"taxonomy":"product_cat","embeddable":true,"href":"https:\/\/airporttaxiwroclaw.pl\/en\/wp-json\/wp\/v2\/product_cat?post=11394"},{"taxonomy":"product_tag","embeddable":true,"href":"https:\/\/airporttaxiwroclaw.pl\/en\/wp-json\/wp\/v2\/product_tag?post=11394"}],"curies":[{"name":"wp","href":"https:\/\/api.w.org\/{rel}","templated":true}]}}