{"id":11395,"date":"2023-09-25T11:41:08","date_gmt":"2023-09-25T11:41:08","guid":{"rendered":"http:\/\/airporttaxiwroclaw.pl\/?post_type=product&#038;p=11395"},"modified":"2024-05-24T08:11:48","modified_gmt":"2024-05-24T08:11:48","slug":"prywatny-przejazdy-wroclaw-boleslawiec","status":"publish","type":"product","link":"https:\/\/airporttaxiwroclaw.pl\/en\/prywatny-przejazdy-wroclaw-boleslawiec\/","title":{"rendered":"Prywatny przejazd Wroc\u0142aw \u2013 Boles\u0142awiec"},"content":{"rendered":"<p>Airport Taxi Wroc\u0142aw jest Twoim kluczem do \u015bwiata wygody i stylu w podr\u00f3\u017cy z Wroc\u0142awia do Boles\u0142awca. Niezale\u017cnie od tego, czy preferujesz kompaktowe samochody klasy ekonomicznej, czy te\u017c luksusowe jak Nasz Mercedes-Benz Klasa S, mamy co\u015b, co spe\u0142ni Twoje oczekiwania i zaspokoi Twoje potrzeby.<\/p>\n<p>&nbsp;<\/p>\n<p>Podr\u00f3\u017c z Wroc\u0142awia do Boles\u0142awca to odleg\u0142o\u015b\u0107 oko\u0142o 125 km, kt\u00f3r\u0105 z nami pokonasz w oko\u0142o 1,5 godziny. Wybieraj\u0105c nas, zyskujesz nie tylko luksus i komfort, ale r\u00f3wnie\u017c:<\/p>\n<p><strong>Bezpiecze\u0144stwo:<\/strong> Nasze pojazdy s\u0105 regularnie sprawdzane i serwisowane, gwarantuj\u0105c bezpieczn\u0105 podr\u00f3\u017c.<\/p>\n<p><strong>Zawodowych Kierowc\u00f3w:<\/strong> Nasi kierowcy s\u0105 do\u015bwiadczeni, przyja\u017ani i zawsze gotowi dostosowa\u0107 si\u0119 do Twoich potrzeb.<\/p>\n<p><strong>Jasno\u015b\u0107 i Przejrzysto\u015b\u0107 Cen:<\/strong> Wszystko jest ustalane przed rozpocz\u0119ciem podr\u00f3\u017cy, wi\u0119c nie musisz si\u0119 martwi\u0107 o dodatkowe op\u0142aty.<\/p>\n<p>&nbsp;<\/p>\n<p>Boles\u0142awiec, znany r\u00f3wnie\u017c jako miasto ceramiki, jest miejscem o bogatej historii i tradycji. Przyjazny dla zwiedzaj\u0105cych, pe\u0142en atrakcji kulturalnych i pi\u0119knych miejsc. Dzi\u0119ki Airport Taxi Wroc\u0142aw, mo\u017cesz podziwia\u0107 wszystkie jego uroki, nie martwi\u0105c si\u0119 o logistyk\u0119 podr\u00f3\u017cy. Bez wzgl\u0119du na to, czy jedziesz na zakupy ceramiki, czy te\u017c na zwiedzanie, z nami ka\u017cda podr\u00f3\u017c jest prawdziw\u0105 przyjemno\u015bci\u0105!<\/p>\n<p>Niezale\u017cnie od tego, czy podr\u00f3\u017cujesz s\u0142u\u017cbowo, czy prywatnie, Airport Taxi Wroc\u0142aw dostarcza us\u0142ugi, kt\u00f3re uczyni\u0105 Twoj\u0105 podr\u00f3\u017c do Boles\u0142awca niezapomnianym do\u015bwiadczeniem. Skontaktuj si\u0119 z nami i zarezerwuj sw\u00f3j przejazd ju\u017c teraz!<\/p>\n","protected":false},"excerpt":{"rendered":"<p>Airport Taxi Wroc\u0142aw jest Twoim kluczem do \u015bwiata wygody i stylu w podr\u00f3\u017cy z Wroc\u0142awia do Boles\u0142awca. Niezale\u017cnie od tego, czy preferujesz kompaktowe samochody klasy ekonomicznej, czy te\u017c luksusowe jak Nasz Mercedes-Benz Klasa S, mamy co\u015b, co spe\u0142ni Twoje oczekiwania i zaspokoi Twoje potrzeby. &nbsp; Podr\u00f3\u017c z Wroc\u0142awia do Boles\u0142awca to odleg\u0142o\u015b\u0107 oko\u0142o 125 km, [&hellip;]<\/p>\n","protected":false},"featured_media":12164,"template":"","meta":{"_acf_changed":false,"rank_math_lock_modified_date":false},"product_cat":[20,36],"product_tag":[],"class_list":{"0":"post-11395","1":"product","2":"type-product","3":"status-publish","4":"has-post-thumbnail","6":"product_cat-transfery","7":"product_cat-miedzymiastowe","9":"first","10":"instock","11":"taxable","12":"shipping-taxable","13":"purchasable","14":"product-type-variable"},"acf":[],"_links":{"self":[{"href":"https:\/\/airporttaxiwroclaw.pl\/en\/wp-json\/wp\/v2\/product\/11395"}],"collection":[{"href":"https:\/\/airporttaxiwroclaw.pl\/en\/wp-json\/wp\/v2\/product"}],"about":[{"href":"https:\/\/airporttaxiwroclaw.pl\/en\/wp-json\/wp\/v2\/types\/product"}],"wp:featuredmedia":[{"embeddable":true,"href":"https:\/\/airporttaxiwroclaw.pl\/en\/wp-json\/wp\/v2\/media\/12164"}],"wp:attachment":[{"href":"https:\/\/airporttaxiwroclaw.pl\/en\/wp-json\/wp\/v2\/media?parent=11395"}],"wp:term":[{"taxonomy":"product_cat","embeddable":true,"href":"https:\/\/airporttaxiwroclaw.pl\/en\/wp-json\/wp\/v2\/product_cat?post=11395"},{"taxonomy":"product_tag","embeddable":true,"href":"https:\/\/airporttaxiwroclaw.pl\/en\/wp-json\/wp\/v2\/product_tag?post=11395"}],"curies":[{"name":"wp","href":"https:\/\/api.w.org\/{rel}","templated":true}]}}