{"id":11396,"date":"2023-09-25T11:41:22","date_gmt":"2023-09-25T11:41:22","guid":{"rendered":"http:\/\/airporttaxiwroclaw.pl\/?post_type=product&#038;p=11396"},"modified":"2024-05-28T08:15:34","modified_gmt":"2024-05-28T08:15:34","slug":"prywatny-przejazdy-wroclaw-kluczbork","status":"publish","type":"product","link":"https:\/\/airporttaxiwroclaw.pl\/en\/prywatny-przejazdy-wroclaw-kluczbork\/","title":{"rendered":"Prywatny przejazd Wroc\u0142aw \u2013 Kluczbork"},"content":{"rendered":"<p>Airport Taxi Wroc\u0142aw oferuje najwy\u017cszej klasy us\u0142ugi przewozu z Wroc\u0142awia do Kluczborka. Nasza flota pojazd\u00f3w jest bardzo r\u00f3\u017cnorodna, od ekonomicznych jak Skoda Rapid, przez standardowe takie jak Skoda Superb, po prawdziwie luksusowe jak Mercedes-Benz Klasa S. Dla grup zorganizowanych mamy r\u00f3wnie\u017c przestronne 8-osobowe busy Opel Vivaro oraz 6-osobowe minivany Mercedes-Benz Vito.<\/p>\n<p>&nbsp;<\/p>\n<p>Przejazd z Wroc\u0142awia do Kluczborka to oko\u0142o 130 km i z nami dotrzesz na miejsce w mniej ni\u017c 1,5 godziny. Wybieraj\u0105c nasze us\u0142ugi otrzymujesz:<\/p>\n<p><strong>Do\u015bwiadczonych Kierowc\u00f3w:<\/strong> Profesjonalni i zorientowani kierowcy, kt\u00f3rzy zadbaj\u0105 o Twoj\u0105 wygod\u0119 i bezpiecze\u0144stwo.<\/p>\n<p><strong>Pewno\u015b\u0107 i Bezpiecze\u0144stwo:<\/strong> Regularne przegl\u0105dy i serwis naszych samochod\u00f3w gwarantuj\u0105 spokojn\u0105 podr\u00f3\u017c.<\/p>\n<p><strong>Przejrzysto\u015b\u0107 Cen:<\/strong> Brak ukrytych koszt\u00f3w. Wszystko jest ustalane przed rozpocz\u0119ciem podr\u00f3\u017cy.<\/p>\n<p>&nbsp;<\/p>\n<p>Kluczbork to spokojne miasto z bogat\u0105 histori\u0105 i kultur\u0105. Airport Taxi Wroc\u0142aw pozwoli Ci skupi\u0107 si\u0119 na jego odkrywaniu, bez konieczno\u015bci martwienia si\u0119 o transport. Wybierz nas i do\u015bwiadcz prawdziwego komfortu oraz relaksu w drodze do Kluczborka.<\/p>\n<p>Nie zwlekaj! Zarezerwuj swoj\u0105 podr\u00f3\u017c z Airport Taxi Wroc\u0142aw ju\u017c teraz i prze\u017cyj niezr\u00f3wnane do\u015bwiadczenie podr\u00f3\u017cowania z komfortem i stylem! \u2728<\/p>\n","protected":false},"excerpt":{"rendered":"<p>Airport Taxi Wroc\u0142aw oferuje najwy\u017cszej klasy us\u0142ugi przewozu z Wroc\u0142awia do Kluczborka. Nasza flota pojazd\u00f3w jest bardzo r\u00f3\u017cnorodna, od ekonomicznych jak Skoda Rapid, przez standardowe takie jak Skoda Superb, po prawdziwie luksusowe jak Mercedes-Benz Klasa S. Dla grup zorganizowanych mamy r\u00f3wnie\u017c przestronne 8-osobowe busy Opel Vivaro oraz 6-osobowe minivany Mercedes-Benz Vito. &nbsp; Przejazd z Wroc\u0142awia [&hellip;]<\/p>\n","protected":false},"featured_media":11158,"template":"","meta":{"_acf_changed":false,"rank_math_lock_modified_date":false},"product_cat":[36],"product_tag":[],"class_list":{"0":"post-11396","1":"product","2":"type-product","3":"status-publish","4":"has-post-thumbnail","6":"product_cat-miedzymiastowe","8":"first","9":"instock","10":"taxable","11":"shipping-taxable","12":"purchasable","13":"product-type-variable"},"acf":[],"_links":{"self":[{"href":"https:\/\/airporttaxiwroclaw.pl\/en\/wp-json\/wp\/v2\/product\/11396"}],"collection":[{"href":"https:\/\/airporttaxiwroclaw.pl\/en\/wp-json\/wp\/v2\/product"}],"about":[{"href":"https:\/\/airporttaxiwroclaw.pl\/en\/wp-json\/wp\/v2\/types\/product"}],"wp:featuredmedia":[{"embeddable":true,"href":"https:\/\/airporttaxiwroclaw.pl\/en\/wp-json\/wp\/v2\/media\/11158"}],"wp:attachment":[{"href":"https:\/\/airporttaxiwroclaw.pl\/en\/wp-json\/wp\/v2\/media?parent=11396"}],"wp:term":[{"taxonomy":"product_cat","embeddable":true,"href":"https:\/\/airporttaxiwroclaw.pl\/en\/wp-json\/wp\/v2\/product_cat?post=11396"},{"taxonomy":"product_tag","embeddable":true,"href":"https:\/\/airporttaxiwroclaw.pl\/en\/wp-json\/wp\/v2\/product_tag?post=11396"}],"curies":[{"name":"wp","href":"https:\/\/api.w.org\/{rel}","templated":true}]}}