{"id":11397,"date":"2023-09-25T11:41:39","date_gmt":"2023-09-25T11:41:39","guid":{"rendered":"http:\/\/airporttaxiwroclaw.pl\/?post_type=product&#038;p=11397"},"modified":"2024-05-28T08:14:57","modified_gmt":"2024-05-28T08:14:57","slug":"prywatny-przejazdy-wroclaw-legnica","status":"publish","type":"product","link":"https:\/\/airporttaxiwroclaw.pl\/en\/prywatny-przejazdy-wroclaw-legnica\/","title":{"rendered":"Prywatny przejazd Wroc\u0142aw \u2013 Legnica"},"content":{"rendered":"<p>Airport Taxi Wroc\u0142aw to Twoje rozwi\u0105zanie do podr\u00f3\u017cy na najwy\u017cszym poziomie z Wroc\u0142awia do Legnicy. Nasza oferta obejmuje pojazdy dla ka\u017cdego \u2013 od ekonomicznych opcji jak Toyota Corolla, po standardowe modele jak VW Passat, a\u017c po luksusowe limuzyny jak Porsche Panamera. Dla wi\u0119kszych grup mamy te\u017c 8-osobowe busy Opel Vivaro oraz 6-osobowe minivany Mercedes-Benz Klasa V.<\/p>\n<p>Podr\u00f3\u017c z Wroc\u0142awia do Legnicy to dystans oko\u0142o 75 km, kt\u00f3ry pokonasz z nami w mniej-wi\u0119cej godzin\u0119. Oferuj\u0105c nasze us\u0142ugi, gwarantujemy:<\/p>\n<p><strong>Do\u015bwiadczonych Kierowc\u00f3w:<\/strong> Nasi kierowcy s\u0105 profesjonalni, uprzejmi i maj\u0105 obszern\u0105 wiedz\u0119 o trasach, zapewniaj\u0105c najwy\u017csz\u0105 jako\u015b\u0107 obs\u0142ugi.<\/p>\n<p><strong>Bezpieczn\u0105 Jazd\u0119:<\/strong> Regularnie serwisujemy nasze pojazdy, aby by\u0142y one w pe\u0142ni sprawne i bezpieczne.<\/p>\n<p><strong>Jasne Zasady Cenowe:<\/strong> Wszystkie op\u0142aty s\u0105 okre\u015blone przed podr\u00f3\u017c\u0105, bez ukrytych koszt\u00f3w.<\/p>\n<p>Legnica, z jej historycznym charakterem i dynamicznie rozwijaj\u0105c\u0105 si\u0119 stref\u0105 ekonomiczn\u0105, to miejsce, kt\u00f3re warto odwiedzi\u0107. Nie pozw\u00f3l, aby stres zwi\u0105zany z transportem publicznym przes\u0142oni\u0142 Ci uroki tego miasta! Wybierz Airport Taxi Wroc\u0142aw, aby podr\u00f3\u017c by\u0142a r\u00f3wnie przyjemna, co docelowe miejsce.<\/p>\n<p>Nie czekaj! Zarezerwuj swoj\u0105 podr\u00f3\u017c z Airport Taxi Wroc\u0142aw do Legnicy ju\u017c dzi\u015b i odkryj przyjemno\u015b\u0107 podr\u00f3\u017cowania w stylu i komforcie!<\/p>\n","protected":false},"excerpt":{"rendered":"<p>Airport Taxi Wroc\u0142aw to Twoje rozwi\u0105zanie do podr\u00f3\u017cy na najwy\u017cszym poziomie z Wroc\u0142awia do Legnicy. Nasza oferta obejmuje pojazdy dla ka\u017cdego \u2013 od ekonomicznych opcji jak Toyota Corolla, po standardowe modele jak VW Passat, a\u017c po luksusowe limuzyny jak Porsche Panamera. Dla wi\u0119kszych grup mamy te\u017c 8-osobowe busy Opel Vivaro oraz 6-osobowe minivany Mercedes-Benz Klasa [&hellip;]<\/p>\n","protected":false},"featured_media":11952,"template":"","meta":{"_acf_changed":false,"rank_math_lock_modified_date":false},"product_cat":[36],"product_tag":[],"class_list":{"0":"post-11397","1":"product","2":"type-product","3":"status-publish","4":"has-post-thumbnail","6":"product_cat-miedzymiastowe","8":"first","9":"instock","10":"taxable","11":"shipping-taxable","12":"purchasable","13":"product-type-variable"},"acf":[],"_links":{"self":[{"href":"https:\/\/airporttaxiwroclaw.pl\/en\/wp-json\/wp\/v2\/product\/11397"}],"collection":[{"href":"https:\/\/airporttaxiwroclaw.pl\/en\/wp-json\/wp\/v2\/product"}],"about":[{"href":"https:\/\/airporttaxiwroclaw.pl\/en\/wp-json\/wp\/v2\/types\/product"}],"wp:featuredmedia":[{"embeddable":true,"href":"https:\/\/airporttaxiwroclaw.pl\/en\/wp-json\/wp\/v2\/media\/11952"}],"wp:attachment":[{"href":"https:\/\/airporttaxiwroclaw.pl\/en\/wp-json\/wp\/v2\/media?parent=11397"}],"wp:term":[{"taxonomy":"product_cat","embeddable":true,"href":"https:\/\/airporttaxiwroclaw.pl\/en\/wp-json\/wp\/v2\/product_cat?post=11397"},{"taxonomy":"product_tag","embeddable":true,"href":"https:\/\/airporttaxiwroclaw.pl\/en\/wp-json\/wp\/v2\/product_tag?post=11397"}],"curies":[{"name":"wp","href":"https:\/\/api.w.org\/{rel}","templated":true}]}}