{"id":11398,"date":"2023-09-25T11:42:00","date_gmt":"2023-09-25T11:42:00","guid":{"rendered":"http:\/\/airporttaxiwroclaw.pl\/?post_type=product&#038;p=11398"},"modified":"2024-05-28T08:18:06","modified_gmt":"2024-05-28T08:18:06","slug":"prywatny-przejazd-wroclaw-gliwice","status":"publish","type":"product","link":"https:\/\/airporttaxiwroclaw.pl\/en\/prywatny-przejazd-wroclaw-gliwice\/","title":{"rendered":"Prywatny przejazd Wroc\u0142aw \u2013 Gliwice"},"content":{"rendered":"<p>Airport Taxi Wroc\u0142aw to Twoja brama do komfortowej podr\u00f3\u017cy do Gliwic. Oferujemy szerok\u0105 gam\u0119 pojazd\u00f3w od ekonomicznych takich jak Skoda Rapid, przez standardowe jak VW Passat, po luksusowe jak Mercedes-Benz Klasa S. Dla wi\u0119kszych grup, mamy r\u00f3wnie\u017c 8-osobowe busy Renault Trafic i 6-osobowe minivany Mercedes-Benz Vito.<\/p>\n<p>Droga z Wroc\u0142awia do Gliwic to oko\u0142o 170 km, a czas podr\u00f3\u017cy wynosi oko\u0142o 2 godziny. Podr\u00f3\u017cuj\u0105c z nami, gwarantujemy:<\/p>\n<p><strong>Profesjonalnych Kierowc\u00f3w:<\/strong> Nasza ekipa to wykwalifikowani i do\u015bwiadczeni kierowcy, kt\u00f3rzy zapewni\u0105 bezpieczn\u0105 podr\u00f3\u017c.<\/p>\n<p><strong>Komfort i Bezpiecze\u0144stwo:<\/strong> Nasze pojazdy s\u0105 regularnie serwisowane, aby Twoja podr\u00f3\u017c by\u0142a komfortowa i bezpieczna.<\/p>\n<p><strong>Przejrzysto\u015b\u0107 Cen:<\/strong> Cena jest ustalana przed rezerwacj\u0105 i nie zawiera ukrytych op\u0142at.<\/p>\n<p>Gliwice, z ich innowacyjnym \u015brodowiskiem biznesowym i naukowym, to miejsce pe\u0142ne mo\u017cliwo\u015bci. Dzi\u0119ki naszej us\u0142udze mo\u017cesz spokojnie skoncentrowa\u0107 si\u0119 na swoich planach, nie martwi\u0105c si\u0119 o transport.<\/p>\n<p>Do\u015bwiadcz luksusowej podr\u00f3\u017cy z Airport Taxi Wroc\u0142aw i odkryj, jak przyjemny i relaksuj\u0105cy mo\u017ce by\u0107 przejazd z Wroc\u0142awia do Gliwic. Zarezerwuj ju\u017c dzisiaj i ciesz si\u0119 podr\u00f3\u017c\u0105!<\/p>\n","protected":false},"excerpt":{"rendered":"<p>Airport Taxi Wroc\u0142aw to Twoja brama do komfortowej podr\u00f3\u017cy do Gliwic. Oferujemy szerok\u0105 gam\u0119 pojazd\u00f3w od ekonomicznych takich jak Skoda Rapid, przez standardowe jak VW Passat, po luksusowe jak Mercedes-Benz Klasa S. Dla wi\u0119kszych grup, mamy r\u00f3wnie\u017c 8-osobowe busy Renault Trafic i 6-osobowe minivany Mercedes-Benz Vito. Droga z Wroc\u0142awia do Gliwic to oko\u0142o 170 km, [&hellip;]<\/p>\n","protected":false},"featured_media":11158,"template":"","meta":{"_acf_changed":false,"rank_math_lock_modified_date":false},"product_cat":[36],"product_tag":[],"class_list":{"0":"post-11398","1":"product","2":"type-product","3":"status-publish","4":"has-post-thumbnail","6":"product_cat-miedzymiastowe","8":"first","9":"instock","10":"taxable","11":"shipping-taxable","12":"purchasable","13":"product-type-variable"},"acf":[],"_links":{"self":[{"href":"https:\/\/airporttaxiwroclaw.pl\/en\/wp-json\/wp\/v2\/product\/11398"}],"collection":[{"href":"https:\/\/airporttaxiwroclaw.pl\/en\/wp-json\/wp\/v2\/product"}],"about":[{"href":"https:\/\/airporttaxiwroclaw.pl\/en\/wp-json\/wp\/v2\/types\/product"}],"wp:featuredmedia":[{"embeddable":true,"href":"https:\/\/airporttaxiwroclaw.pl\/en\/wp-json\/wp\/v2\/media\/11158"}],"wp:attachment":[{"href":"https:\/\/airporttaxiwroclaw.pl\/en\/wp-json\/wp\/v2\/media?parent=11398"}],"wp:term":[{"taxonomy":"product_cat","embeddable":true,"href":"https:\/\/airporttaxiwroclaw.pl\/en\/wp-json\/wp\/v2\/product_cat?post=11398"},{"taxonomy":"product_tag","embeddable":true,"href":"https:\/\/airporttaxiwroclaw.pl\/en\/wp-json\/wp\/v2\/product_tag?post=11398"}],"curies":[{"name":"wp","href":"https:\/\/api.w.org\/{rel}","templated":true}]}}