{"id":11399,"date":"2023-09-25T11:42:19","date_gmt":"2023-09-25T11:42:19","guid":{"rendered":"http:\/\/airporttaxiwroclaw.pl\/?post_type=product&#038;p=11399"},"modified":"2024-05-28T08:14:41","modified_gmt":"2024-05-28T08:14:41","slug":"wroclaw-swidnica","status":"publish","type":"product","link":"https:\/\/airporttaxiwroclaw.pl\/en\/wroclaw-swidnica\/","title":{"rendered":"Prywatny przejazd Wroc\u0142aw \u2013 \u015awidnica"},"content":{"rendered":"<p>Planuj\u0105c podr\u00f3\u017c do \u015awidnicy, z Airport Taxi Wroc\u0142aw masz gwarancj\u0119 komfortu i profesjonalizmu. Nasza flota zawiera r\u00f3\u017cnorodne pojazdy, od ekonomicznych jak Toyota Corolla, przez standardowe jak Skoda Superb, po luksusowe jak Porsche Panamera. Dla wi\u0119kszych grup mamy do dyspozycji 8-osobowe busy Opel Vivaro oraz eleganckie 6-osobowe minivany Mercedes-Benz Klasa V.<\/p>\n<p>\u015awidnica le\u017cy zaledwie\u00a0 55 km od Wroc\u0142awia, a przejazd z nami trwa mniej ni\u017c godzin\u0119. Wybieraj\u0105c nasz\u0105 us\u0142ug\u0119, mo\u017cesz liczy\u0107 na:<\/p>\n<p><strong>Do\u015bwiadczonych Kierowc\u00f3w:<\/strong> Nasi kierowcy s\u0105 profesjonalni, uprzejmi i dobrze zorientowani w trasie.<\/p>\n<p><strong>Bezpieczn\u0105 Podr\u00f3\u017c:<\/strong> Regularnie kontrolujemy stan techniczny naszych pojazd\u00f3w, aby zapewni\u0107 Twoje bezpiecze\u0144stwo.<\/p>\n<p><strong>Brak Ukrytych Koszt\u00f3w:<\/strong> Nasze ceny s\u0105 konkurencyjne, a wszystkie op\u0142aty s\u0105 jasno okre\u015blone przed rezerwacj\u0105.<\/p>\n<p>\u015awidnica, z jej bogat\u0105 histori\u0105 i architektur\u0105, to idealne miejsce na wypoczynek.\u00a0 Niezale\u017cnie od Twoich plan\u00f3w, nasza us\u0142uga zapewni Ci spokojny umys\u0142 i mo\u017cliwo\u015b\u0107 skupienia si\u0119 na tym, co najwa\u017cniejsze dla Ciebie.<\/p>\n<p>Nie tra\u0107 czasu na stresuj\u0105ce \u015brodki transportu publicznego \u2013 wybierz Airport Taxi Wroc\u0142aw! Zarezerwuj ju\u017c teraz i prze\u017cyj podr\u00f3\u017c do \u015awidnicy w pe\u0142ni komfortu i luksusu!<\/p>\n","protected":false},"excerpt":{"rendered":"<p>Planuj\u0105c podr\u00f3\u017c do \u015awidnicy, z Airport Taxi Wroc\u0142aw masz gwarancj\u0119 komfortu i profesjonalizmu. Nasza flota zawiera r\u00f3\u017cnorodne pojazdy, od ekonomicznych jak Toyota Corolla, przez standardowe jak Skoda Superb, po luksusowe jak Porsche Panamera. Dla wi\u0119kszych grup mamy do dyspozycji 8-osobowe busy Opel Vivaro oraz eleganckie 6-osobowe minivany Mercedes-Benz Klasa V. \u015awidnica le\u017cy zaledwie\u00a0 55 km [&hellip;]<\/p>\n","protected":false},"featured_media":11951,"template":"","meta":{"_acf_changed":false,"rank_math_lock_modified_date":false},"product_cat":[36,35],"product_tag":[],"class_list":{"0":"post-11399","1":"product","2":"type-product","3":"status-publish","4":"has-post-thumbnail","6":"product_cat-miedzymiastowe","7":"product_cat-lotniskowe","9":"first","10":"instock","11":"taxable","12":"shipping-taxable","13":"purchasable","14":"product-type-variable"},"acf":[],"_links":{"self":[{"href":"https:\/\/airporttaxiwroclaw.pl\/en\/wp-json\/wp\/v2\/product\/11399"}],"collection":[{"href":"https:\/\/airporttaxiwroclaw.pl\/en\/wp-json\/wp\/v2\/product"}],"about":[{"href":"https:\/\/airporttaxiwroclaw.pl\/en\/wp-json\/wp\/v2\/types\/product"}],"wp:featuredmedia":[{"embeddable":true,"href":"https:\/\/airporttaxiwroclaw.pl\/en\/wp-json\/wp\/v2\/media\/11951"}],"wp:attachment":[{"href":"https:\/\/airporttaxiwroclaw.pl\/en\/wp-json\/wp\/v2\/media?parent=11399"}],"wp:term":[{"taxonomy":"product_cat","embeddable":true,"href":"https:\/\/airporttaxiwroclaw.pl\/en\/wp-json\/wp\/v2\/product_cat?post=11399"},{"taxonomy":"product_tag","embeddable":true,"href":"https:\/\/airporttaxiwroclaw.pl\/en\/wp-json\/wp\/v2\/product_tag?post=11399"}],"curies":[{"name":"wp","href":"https:\/\/api.w.org\/{rel}","templated":true}]}}