{"id":11400,"date":"2023-09-25T11:42:36","date_gmt":"2023-09-25T11:42:36","guid":{"rendered":"http:\/\/airporttaxiwroclaw.pl\/?post_type=product&#038;p=11400"},"modified":"2024-05-28T08:15:05","modified_gmt":"2024-05-28T08:15:05","slug":"wroclaw-walbrzych","status":"publish","type":"product","link":"https:\/\/airporttaxiwroclaw.pl\/en\/wroclaw-walbrzych\/","title":{"rendered":"Prywatny przejazd Wroc\u0142aw \u2013 Wa\u0142brzych"},"content":{"rendered":"<p>Wa\u0142brzych jest o\u015brodkiem licznych przedsi\u0119biorstw i miejsc wartych odwiedzenia, dlatego Airport Taxi Wroc\u0142aw jest gotowe, aby zaoferowa\u0107 Ci najwy\u017cszy standard obs\u0142ugi podczas Twojej podr\u00f3\u017cy. Nasza flota to r\u00f3\u017cnorodne segmenty pojazd\u00f3w, od ekonomicznych jak Skoda Rapid, przez standardowe jak VW Passat, po luksusowe jak Mercedes-Benz Klasa S. Dla wi\u0119kszych grup oferujemy tak\u017ce 8-osobowe busy Renault Trafic oraz 6-osobowe minivany Mercedes-Benz Klasa V.<\/p>\n<p>Odleg\u0142o\u015b\u0107 mi\u0119dzy Wroc\u0142awiem a Wa\u0142brzychem wynosi oko\u0142o 80 km, a czas przejazdu to niewiele ponad godzina. Podczas tego kr\u00f3tkiego, ale komfortowego przejazdu, mo\u017cesz cieszy\u0107 si\u0119 naszymi us\u0142ugami, kt\u00f3re obejmuj\u0105:<\/p>\n<p><strong>Profesjonalizm i Punktualno\u015b\u0107:<\/strong> Nasi kierowcy s\u0105 do\u015bwiadczeni i zawsze dbaj\u0105 o to, aby\u015b dotar\u0142 na miejsce na czas.<\/p>\n<p><strong>Bezpiecze\u0144stwo:<\/strong> Regularne przegl\u0105dy i serwis naszych pojazd\u00f3w gwarantuj\u0105 bezpieczn\u0105 podr\u00f3\u017c.<\/p>\n<p><strong>Transparentno\u015b\u0107 Cenowa:<\/strong> Cena ustalana jest przed rezerwacj\u0105, brak ukrytych op\u0142at.<\/p>\n<p>Wa\u0142brzych, z jego dynamicznie rozwijaj\u0105cym si\u0119 \u015brodowiskiem biznesowym i przemys\u0142owym, przyci\u0105ga zar\u00f3wno profesjonalist\u00f3w, jak i turyst\u00f3w. Bez wzgl\u0119du na cel wizyty, nasza us\u0142uga zapewni Ci komfort i spok\u00f3j, aby\u015b m\u00f3g\u0142 skoncentrowa\u0107 si\u0119 na swoich planach.<\/p>\n<p>Zarezerwuj swoje Airport Taxi Wroc\u0142aw ju\u017c dzisiaj i przekonaj si\u0119, jak przyjemna i bezproblemowa mo\u017ce by\u0107 podr\u00f3\u017c z Wroc\u0142awia do Wa\u0142brzycha z nami!<\/p>\n","protected":false},"excerpt":{"rendered":"<p>Wa\u0142brzych jest o\u015brodkiem licznych przedsi\u0119biorstw i miejsc wartych odwiedzenia, dlatego Airport Taxi Wroc\u0142aw jest gotowe, aby zaoferowa\u0107 Ci najwy\u017cszy standard obs\u0142ugi podczas Twojej podr\u00f3\u017cy. Nasza flota to r\u00f3\u017cnorodne segmenty pojazd\u00f3w, od ekonomicznych jak Skoda Rapid, przez standardowe jak VW Passat, po luksusowe jak Mercedes-Benz Klasa S. Dla wi\u0119kszych grup oferujemy tak\u017ce 8-osobowe busy Renault Trafic [&hellip;]<\/p>\n","protected":false},"featured_media":12150,"template":"","meta":{"_acf_changed":false,"rank_math_lock_modified_date":false},"product_cat":[36],"product_tag":[],"class_list":{"0":"post-11400","1":"product","2":"type-product","3":"status-publish","4":"has-post-thumbnail","6":"product_cat-miedzymiastowe","8":"first","9":"instock","10":"taxable","11":"shipping-taxable","12":"purchasable","13":"product-type-variable"},"acf":[],"_links":{"self":[{"href":"https:\/\/airporttaxiwroclaw.pl\/en\/wp-json\/wp\/v2\/product\/11400"}],"collection":[{"href":"https:\/\/airporttaxiwroclaw.pl\/en\/wp-json\/wp\/v2\/product"}],"about":[{"href":"https:\/\/airporttaxiwroclaw.pl\/en\/wp-json\/wp\/v2\/types\/product"}],"wp:featuredmedia":[{"embeddable":true,"href":"https:\/\/airporttaxiwroclaw.pl\/en\/wp-json\/wp\/v2\/media\/12150"}],"wp:attachment":[{"href":"https:\/\/airporttaxiwroclaw.pl\/en\/wp-json\/wp\/v2\/media?parent=11400"}],"wp:term":[{"taxonomy":"product_cat","embeddable":true,"href":"https:\/\/airporttaxiwroclaw.pl\/en\/wp-json\/wp\/v2\/product_cat?post=11400"},{"taxonomy":"product_tag","embeddable":true,"href":"https:\/\/airporttaxiwroclaw.pl\/en\/wp-json\/wp\/v2\/product_tag?post=11400"}],"curies":[{"name":"wp","href":"https:\/\/api.w.org\/{rel}","templated":true}]}}