{"id":11401,"date":"2023-09-25T11:42:52","date_gmt":"2023-09-25T11:42:52","guid":{"rendered":"http:\/\/airporttaxiwroclaw.pl\/?post_type=product&#038;p=11401"},"modified":"2025-01-20T12:27:04","modified_gmt":"2025-01-20T12:27:04","slug":"wroclaw-kudowa-zdroj","status":"publish","type":"product","link":"https:\/\/airporttaxiwroclaw.pl\/en\/wroclaw-kudowa-zdroj\/","title":{"rendered":"Prywatny przejazd Wroc\u0142aw \u2013 Kudowa-Zdr\u00f3j"},"content":{"rendered":"<p>Planujesz wizyt\u0119 w <a href=\"https:\/\/magicznakudowa.pl\/\" target=\"_blank\" rel=\"noopener sponsored\">Kudowie-Zdroju<\/a>? Wybierz Airport Taxi Wroc\u0142aw! Oferujemy szeroki wachlarz pojazd\u00f3w, od ekonomicznych jak Toyota Corolla, przez standardowe jak VW Passat, po biznesowe jak Mercedes-Benz Klasa E. Dla wi\u0119kszych grup proponujemy 8-osobowe busy takie jak Opel Vivaro oraz eleganckie 6-osobowe minivany Mercedes-Benz Vito.<\/p>\n<p>Podr\u00f3\u017c z Wroc\u0142awia do Kudowy-Zdroju trwa oko\u0142o 2 godziny, a dystans to oko\u0142o 125 km. Korzystaj\u0105c z naszych us\u0142ug, masz pewno\u015b\u0107, \u017ce:<\/p>\n<p><strong>Komfort i Bezpiecze\u0144stwo s\u0105 na Pierwszym Miejscu:<\/strong> Nasi kierowcy s\u0105 do\u015bwiadczeni i profesjonalni, a nasze samochody s\u0105 regularnie serwisowane i zadbane.<\/p>\n<p><strong>Cena jest Transparentna:<\/strong> Wszystkie op\u0142aty s\u0105 ustalane przed podr\u00f3\u017c\u0105, bez ukrytych koszt\u00f3w.<\/p>\n<p><strong>Dostosowujemy si\u0119 do Twoich Potrzeb:<\/strong> Jeste\u015bmy elastyczni i dostosowujemy si\u0119 do Twojego harmonogramu i preferencji.<\/p>\n<p>Nie tylko zapewniamy wygod\u0119 i bezpiecze\u0144stwo, ale tak\u017ce dbamy o to, aby Twoja podr\u00f3\u017c by\u0142a prawdziw\u0105 przyjemno\u015bci\u0105. Nasze stylowe i komfortowe pojazdy umo\u017cliwiaj\u0105 Ci relaks lub prac\u0119 w drodze do Kudowy-Zdroju.<\/p>\n<p>Wyrusz w drog\u0119 z Airport Taxi Wroc\u0142aw i ciesz si\u0119 podr\u00f3\u017c\u0105 do Kudowy-Zdroju bez \u017cadnych kompromis\u00f3w! Zarezerwuj ju\u017c teraz swoj\u0105 podr\u00f3\u017c i odkryj prawdziwy komfort z nami!<\/p>\n","protected":false},"excerpt":{"rendered":"<p>Planujesz wizyt\u0119 w Kudowie-Zdroju? Wybierz Airport Taxi Wroc\u0142aw! Oferujemy szeroki wachlarz pojazd\u00f3w, od ekonomicznych jak Toyota Corolla, przez standardowe jak VW Passat, po biznesowe jak Mercedes-Benz Klasa E. Dla wi\u0119kszych grup proponujemy 8-osobowe busy takie jak Opel Vivaro oraz eleganckie 6-osobowe minivany Mercedes-Benz Vito. Podr\u00f3\u017c z Wroc\u0142awia do Kudowy-Zdroju trwa oko\u0142o 2 godziny, a dystans [&hellip;]<\/p>\n","protected":false},"featured_media":12152,"template":"","meta":{"_acf_changed":false,"rank_math_lock_modified_date":false},"product_cat":[36],"product_tag":[71],"class_list":{"0":"post-11401","1":"product","2":"type-product","3":"status-publish","4":"has-post-thumbnail","6":"product_cat-miedzymiastowe","7":"product_tag-zima","9":"first","10":"instock","11":"taxable","12":"shipping-taxable","13":"purchasable","14":"product-type-variable"},"acf":[],"_links":{"self":[{"href":"https:\/\/airporttaxiwroclaw.pl\/en\/wp-json\/wp\/v2\/product\/11401"}],"collection":[{"href":"https:\/\/airporttaxiwroclaw.pl\/en\/wp-json\/wp\/v2\/product"}],"about":[{"href":"https:\/\/airporttaxiwroclaw.pl\/en\/wp-json\/wp\/v2\/types\/product"}],"wp:featuredmedia":[{"embeddable":true,"href":"https:\/\/airporttaxiwroclaw.pl\/en\/wp-json\/wp\/v2\/media\/12152"}],"wp:attachment":[{"href":"https:\/\/airporttaxiwroclaw.pl\/en\/wp-json\/wp\/v2\/media?parent=11401"}],"wp:term":[{"taxonomy":"product_cat","embeddable":true,"href":"https:\/\/airporttaxiwroclaw.pl\/en\/wp-json\/wp\/v2\/product_cat?post=11401"},{"taxonomy":"product_tag","embeddable":true,"href":"https:\/\/airporttaxiwroclaw.pl\/en\/wp-json\/wp\/v2\/product_tag?post=11401"}],"curies":[{"name":"wp","href":"https:\/\/api.w.org\/{rel}","templated":true}]}}