{"id":11402,"date":"2023-09-25T11:43:27","date_gmt":"2023-09-25T11:43:27","guid":{"rendered":"http:\/\/airporttaxiwroclaw.pl\/?post_type=product&#038;p=11402"},"modified":"2024-05-28T08:18:26","modified_gmt":"2024-05-28T08:18:26","slug":"wroclaw-budapeszt-wegry","status":"publish","type":"product","link":"https:\/\/airporttaxiwroclaw.pl\/en\/wroclaw-budapeszt-wegry\/","title":{"rendered":"Prywatny przejazd Wroc\u0142aw \u2013 Budapeszt, W\u0119gry"},"content":{"rendered":"<p>Je\u015bli Budapeszt to Tw\u00f3j cel, Airport Taxi Wroc\u0142aw to Tw\u00f3j komfortowy wyb\u00f3r! Nasza flota sk\u0142ada si\u0119 z r\u00f3\u017cnych segment\u00f3w aut, od ekonomicznych jak Skoda Rapid, przez standardowe jak VW Passat, a\u017c po luksusowe jak Porsche Panamera. Dla wi\u0119kszych grup oferujemy przestronne 8-osobowe busy Renault Trafic oraz eleganckie 6-osobowe minivany Mercedes-Benz Klasa V.<\/p>\n<p>Droga z Wroc\u0142awia do Budapesztu mo\u017ce by\u0107 d\u0142uga i m\u0119cz\u0105ca, jednak z nami pokonasz j\u0105 spokojnie i komfortowo. Dystans wynosi oko\u0142o 720 km, a czas przejazdu to oko\u0142o 7 godzin. W tym czasie mo\u017cesz si\u0119 zrelaksowa\u0107 i cieszy\u0107 podr\u00f3\u017c\u0105 w naszym wygodnym i dobrze wyposa\u017conym poje\u017adzie lub zaj\u0105\u0107 prac\u0105.<\/p>\n<p>Wybieraj\u0105c Airport Taxi Wroc\u0142aw, zapewniasz sobie:<\/p>\n<p><strong>Profesjonalizm i Bezpiecze\u0144stwo:<\/strong> Nasi do\u015bwiadczeni kierowcy zapewniaj\u0105 bezpieczn\u0105 i spokojn\u0105 podr\u00f3\u017c.<\/p>\n<p><strong>Punktualno\u015b\u0107:<\/strong> Dok\u0142adamy wszelkich stara\u0144, aby\u015b dotar\u0142 na miejsce na czas.<\/p>\n<p><strong>Transparentno\u015b\u0107 cen:<\/strong> Cena za przejazd jest ustalana przed rezerwacj\u0105, bez dodatkowych op\u0142at.<\/p>\n<p><strong>Komfort i Styl:<\/strong> Nasze pojazdy s\u0105 komfortowe, zadbane i eleganckie.<\/p>\n<p>Odkryj r\u00f3\u017cnic\u0119 podr\u00f3\u017cowania z Airport Taxi Wroc\u0142aw i do\u015bwiadcz komfortu, kt\u00f3ry przekracza standardy. Pozw\u00f3l sobie na odrobin\u0119 luksusu podczas swojej podr\u00f3\u017cy do Budapesztu!<\/p>\n<p>Nie czekaj, zarezerwuj swoj\u0105 podr\u00f3\u017c z nami ju\u017c dzisiaj i odkryj, jak przyjemna mo\u017ce by\u0107 podr\u00f3\u017c z Wroc\u0142awia do Budapesztu z Airport Taxi Wroc\u0142aw! \ud83c\udf1f<\/p>\n","protected":false},"excerpt":{"rendered":"<p>Je\u015bli Budapeszt to Tw\u00f3j cel, Airport Taxi Wroc\u0142aw to Tw\u00f3j komfortowy wyb\u00f3r! Nasza flota sk\u0142ada si\u0119 z r\u00f3\u017cnych segment\u00f3w aut, od ekonomicznych jak Skoda Rapid, przez standardowe jak VW Passat, a\u017c po luksusowe jak Porsche Panamera. Dla wi\u0119kszych grup oferujemy przestronne 8-osobowe busy Renault Trafic oraz eleganckie 6-osobowe minivany Mercedes-Benz Klasa V. Droga z Wroc\u0142awia [&hellip;]<\/p>\n","protected":false},"featured_media":11948,"template":"","meta":{"_acf_changed":false,"rank_math_lock_modified_date":false},"product_cat":[37,35,36],"product_tag":[],"class_list":{"0":"post-11402","1":"product","2":"type-product","3":"status-publish","4":"has-post-thumbnail","6":"product_cat-miedzynarodowe","7":"product_cat-lotniskowe","8":"product_cat-miedzymiastowe","10":"first","11":"instock","12":"taxable","13":"shipping-taxable","14":"purchasable","15":"product-type-variable"},"acf":[],"_links":{"self":[{"href":"https:\/\/airporttaxiwroclaw.pl\/en\/wp-json\/wp\/v2\/product\/11402"}],"collection":[{"href":"https:\/\/airporttaxiwroclaw.pl\/en\/wp-json\/wp\/v2\/product"}],"about":[{"href":"https:\/\/airporttaxiwroclaw.pl\/en\/wp-json\/wp\/v2\/types\/product"}],"wp:featuredmedia":[{"embeddable":true,"href":"https:\/\/airporttaxiwroclaw.pl\/en\/wp-json\/wp\/v2\/media\/11948"}],"wp:attachment":[{"href":"https:\/\/airporttaxiwroclaw.pl\/en\/wp-json\/wp\/v2\/media?parent=11402"}],"wp:term":[{"taxonomy":"product_cat","embeddable":true,"href":"https:\/\/airporttaxiwroclaw.pl\/en\/wp-json\/wp\/v2\/product_cat?post=11402"},{"taxonomy":"product_tag","embeddable":true,"href":"https:\/\/airporttaxiwroclaw.pl\/en\/wp-json\/wp\/v2\/product_tag?post=11402"}],"curies":[{"name":"wp","href":"https:\/\/api.w.org\/{rel}","templated":true}]}}