{"id":11403,"date":"2023-09-25T11:43:42","date_gmt":"2023-09-25T11:43:42","guid":{"rendered":"http:\/\/airporttaxiwroclaw.pl\/?post_type=product&#038;p=11403"},"modified":"2024-05-28T08:15:11","modified_gmt":"2024-05-28T08:15:11","slug":"wroclaw-szczawno-zdroj","status":"publish","type":"product","link":"https:\/\/airporttaxiwroclaw.pl\/en\/wroclaw-szczawno-zdroj\/","title":{"rendered":"Prywatny przejazd Wroc\u0142aw \u2013 Szczawno-Zdr\u00f3j"},"content":{"rendered":"<p>Z Airport Taxi Wroc\u0142aw podr\u00f3\u017c do uzdrowiska Szczawno-Zdr\u00f3j staje si\u0119 przyjemno\u015bci\u0105! Oferujemy r\u00f3\u017cne klasy pojazd\u00f3w, aby spe\u0142ni\u0107 Twoje oczekiwania. Wolisz ekonomiczn\u0105 Toyot\u0119 Coroll\u0119, standardow\u0105 Skod\u0119 Superb, czy mo\u017ce luksusowy Mercedes-Benz Klasa S? Mamy te\u017c do dyspozycji 8-osobowe busy, jak Opel Vivaro, idealne dla wi\u0119kszej grupy oraz 6-osobowe minivany Mercedes-Benz Klasa V dla bardziej biznesowych przejazd\u00f3w.<\/p>\n<p>Odleg\u0142o\u015b\u0107 pomi\u0119dzy Wroc\u0142awiem a Szczawno-Zdr\u00f3j wynosi zaledwie 83 km, co pozwala na dotarcie na miejsce w nieco ponad godzin\u0119! Wybieraj\u0105c nasz\u0105 us\u0142ug\u0119, zyskujesz:<\/p>\n<p><strong>Punktualno\u015b\u0107 i Komfort:<\/strong> Nasi kierowcy dbaj\u0105 o to, aby\u015b dotar\u0142 na miejsce szybko i wygodnie.<\/p>\n<p><strong>Przejrzysto\u015b\u0107 Oferty:<\/strong> Cena ustalana jest przed podr\u00f3\u017c\u0105, bez ukrytych op\u0142at.<\/p>\n<p><strong>Elastyczno\u015b\u0107:<\/strong> Dostosowujemy si\u0119 do Twoich potrzeb, aby podr\u00f3\u017c by\u0142a jak najbardziej komfortowa.<\/p>\n<p><strong>Szeroki Wyb\u00f3r Pojazd\u00f3w:<\/strong> Od ekonomicznych opcji po luksusowe limuzyny \u2013 u nas znajdziesz co\u015b dla siebie!<\/p>\n<p>Zapomnij o stresie i niewygodzie zwi\u0105zanymi z podr\u00f3\u017cowaniem i wybierz komfort oraz luksus oferowany przez Airport Taxi Wroc\u0142aw. Ciesz si\u0119 ka\u017cd\u0105 chwil\u0105 swojej podr\u00f3\u017cy do Szczawna-Zdroju!<\/p>\n<p>Nie czekaj, wybierz Airport Taxi Wroc\u0142aw na swoj\u0105 nast\u0119pn\u0105 podr\u00f3\u017c do Szczawna-Zdroju i przekonaj si\u0119 o najwy\u017cszej jako\u015bci naszych us\u0142ug! \ud83d\udcab<\/p>\n","protected":false},"excerpt":{"rendered":"<p>Z Airport Taxi Wroc\u0142aw podr\u00f3\u017c do uzdrowiska Szczawno-Zdr\u00f3j staje si\u0119 przyjemno\u015bci\u0105! Oferujemy r\u00f3\u017cne klasy pojazd\u00f3w, aby spe\u0142ni\u0107 Twoje oczekiwania. Wolisz ekonomiczn\u0105 Toyot\u0119 Coroll\u0119, standardow\u0105 Skod\u0119 Superb, czy mo\u017ce luksusowy Mercedes-Benz Klasa S? Mamy te\u017c do dyspozycji 8-osobowe busy, jak Opel Vivaro, idealne dla wi\u0119kszej grupy oraz 6-osobowe minivany Mercedes-Benz Klasa V dla bardziej biznesowych przejazd\u00f3w. [&hellip;]<\/p>\n","protected":false},"featured_media":11158,"template":"","meta":{"_acf_changed":false,"rank_math_lock_modified_date":false},"product_cat":[36],"product_tag":[71],"class_list":{"0":"post-11403","1":"product","2":"type-product","3":"status-publish","4":"has-post-thumbnail","6":"product_cat-miedzymiastowe","7":"product_tag-zima","9":"first","10":"instock","11":"taxable","12":"shipping-taxable","13":"purchasable","14":"product-type-variable"},"acf":[],"_links":{"self":[{"href":"https:\/\/airporttaxiwroclaw.pl\/en\/wp-json\/wp\/v2\/product\/11403"}],"collection":[{"href":"https:\/\/airporttaxiwroclaw.pl\/en\/wp-json\/wp\/v2\/product"}],"about":[{"href":"https:\/\/airporttaxiwroclaw.pl\/en\/wp-json\/wp\/v2\/types\/product"}],"wp:featuredmedia":[{"embeddable":true,"href":"https:\/\/airporttaxiwroclaw.pl\/en\/wp-json\/wp\/v2\/media\/11158"}],"wp:attachment":[{"href":"https:\/\/airporttaxiwroclaw.pl\/en\/wp-json\/wp\/v2\/media?parent=11403"}],"wp:term":[{"taxonomy":"product_cat","embeddable":true,"href":"https:\/\/airporttaxiwroclaw.pl\/en\/wp-json\/wp\/v2\/product_cat?post=11403"},{"taxonomy":"product_tag","embeddable":true,"href":"https:\/\/airporttaxiwroclaw.pl\/en\/wp-json\/wp\/v2\/product_tag?post=11403"}],"curies":[{"name":"wp","href":"https:\/\/api.w.org\/{rel}","templated":true}]}}