{"id":11404,"date":"2023-09-25T11:44:09","date_gmt":"2023-09-25T11:44:09","guid":{"rendered":"http:\/\/airporttaxiwroclaw.pl\/?post_type=product&#038;p=11404"},"modified":"2024-05-24T08:03:47","modified_gmt":"2024-05-24T08:03:47","slug":"wroclaw-lotnisko-gdansk-gda","status":"publish","type":"product","link":"https:\/\/airporttaxiwroclaw.pl\/en\/wroclaw-lotnisko-gdansk-gda\/","title":{"rendered":"Prywatny przejazd Wroc\u0142aw \u2013 Lotnisko Gda\u0144sk (GDA)"},"content":{"rendered":"<p>Podr\u00f3\u017cuj\u0105c mi\u0119dzy lotniskami, komfort, bezpiecze\u0144stwo i punktualno\u015b\u0107 s\u0105 kluczowe. Dlatego Airport Taxi Wroc\u0142aw to Twoje idealne rozwi\u0105zanie na trasie Lotnisko Wroc\u0142aw &#8211; Lotnisko Gda\u0144sk (GDA)!<\/p>\n<p>Dystans pomi\u0119dzy lotniskami to oko\u0142o 480 km, a z nami pokonasz go w oko\u0142o 5 godzin. Oferujemy r\u00f3\u017cnorodne pojazdy, dopasowane do Twoich potrzeb: od komfortowych samochod\u00f3w osobowych, przez 8-osobowe busy takie jak Renault Trafic czy Opel Vivaro, a\u017c po 6-osobowe minivany Mercedes-Benz Vito i Mercedes-Benz Klasa V.<\/p>\n<p>Wybieraj\u0105c nasz\u0105 ofert\u0119, korzystasz z:<\/p>\n<p><strong>Bezstresowej Podr\u00f3\u017cy<\/strong>: Do\u015bwiadczeni kierowcy i komfortowe pojazdy gwarantuj\u0105 spokojn\u0105 podr\u00f3\u017c.<\/p>\n<p><strong>Elastyczno\u015bci<\/strong>: Dostosowujemy si\u0119 do Twojego grafiku lot\u00f3w, aby\u015b m\u00f3g\u0142 zrelaksowa\u0107 si\u0119 i nie martwi\u0107 o czas.<\/p>\n<p><strong>Wygodnej Rezerwacji<\/strong>: \u0141atwy proces rezerwacji i przejrzyste ceny bez ukrytych op\u0142at.<\/p>\n<p><strong>Internetu na pok\u0142adzie<\/strong>: Dost\u0119p do Wi-Fi w naszych pojazdach pozwoli Ci pozosta\u0107 w kontakcie lub pracowa\u0107 w drodze.<\/p>\n<p>Czy warto marnowa\u0107 czas i nerwy na przesiadki, skoro mo\u017cesz skorzysta\u0107 z naszej bezpo\u015bredniej i wygodnej opcji? Zam\u00f3w Airport Taxi Wroc\u0142aw i ciesz si\u0119 podr\u00f3\u017c\u0105 mi\u0119dzy lotniskami we Wroc\u0142awiu i Gda\u0144skiem z najwy\u017cszym poziomem komfortu!<\/p>\n<p>Nie czekaj, zarezerwuj swoj\u0105 podr\u00f3\u017c z Airport Taxi Wroc\u0142aw teraz i do\u015bwiadcz prawdziwej przyjemno\u015bci z podr\u00f3\u017cowania mi\u0119dzy lotniskami! \u2708\ufe0f<\/p>\n","protected":false},"excerpt":{"rendered":"<p>Podr\u00f3\u017cuj\u0105c mi\u0119dzy lotniskami, komfort, bezpiecze\u0144stwo i punktualno\u015b\u0107 s\u0105 kluczowe. Dlatego Airport Taxi Wroc\u0142aw to Twoje idealne rozwi\u0105zanie na trasie Lotnisko Wroc\u0142aw &#8211; Lotnisko Gda\u0144sk (GDA)! Dystans pomi\u0119dzy lotniskami to oko\u0142o 480 km, a z nami pokonasz go w oko\u0142o 5 godzin. Oferujemy r\u00f3\u017cnorodne pojazdy, dopasowane do Twoich potrzeb: od komfortowych samochod\u00f3w osobowych, przez 8-osobowe busy [&hellip;]<\/p>\n","protected":false},"featured_media":11946,"template":"","meta":{"_acf_changed":false,"rank_math_lock_modified_date":false},"product_cat":[35],"product_tag":[],"class_list":{"0":"post-11404","1":"product","2":"type-product","3":"status-publish","4":"has-post-thumbnail","6":"product_cat-lotniskowe","8":"first","9":"instock","10":"taxable","11":"shipping-taxable","12":"purchasable","13":"product-type-variable"},"acf":[],"_links":{"self":[{"href":"https:\/\/airporttaxiwroclaw.pl\/en\/wp-json\/wp\/v2\/product\/11404"}],"collection":[{"href":"https:\/\/airporttaxiwroclaw.pl\/en\/wp-json\/wp\/v2\/product"}],"about":[{"href":"https:\/\/airporttaxiwroclaw.pl\/en\/wp-json\/wp\/v2\/types\/product"}],"wp:featuredmedia":[{"embeddable":true,"href":"https:\/\/airporttaxiwroclaw.pl\/en\/wp-json\/wp\/v2\/media\/11946"}],"wp:attachment":[{"href":"https:\/\/airporttaxiwroclaw.pl\/en\/wp-json\/wp\/v2\/media?parent=11404"}],"wp:term":[{"taxonomy":"product_cat","embeddable":true,"href":"https:\/\/airporttaxiwroclaw.pl\/en\/wp-json\/wp\/v2\/product_cat?post=11404"},{"taxonomy":"product_tag","embeddable":true,"href":"https:\/\/airporttaxiwroclaw.pl\/en\/wp-json\/wp\/v2\/product_tag?post=11404"}],"curies":[{"name":"wp","href":"https:\/\/api.w.org\/{rel}","templated":true}]}}