{"id":11988,"date":"2023-10-04T12:23:31","date_gmt":"2023-10-04T12:23:31","guid":{"rendered":"http:\/\/airporttaxiwroclaw.pl\/?post_type=product&#038;p=11988"},"modified":"2024-05-15T11:22:09","modified_gmt":"2024-05-15T11:22:09","slug":"calodniowa-wycieczka-z-wroclawia-do-krakowa","status":"publish","type":"product","link":"https:\/\/airporttaxiwroclaw.pl\/en\/calodniowa-wycieczka-z-wroclawia-do-krakowa\/","title":{"rendered":"Ca\u0142odniowa wycieczka z Wroc\u0142awia do Krakowa"},"content":{"rendered":"<p><strong>Zaczynamy od Twojego progu:<\/strong><br \/>\nNasza oferta to nie tylko komfortowy transport, ale przede wszystkim indywidualne podej\u015bcie. Nasza us\u0142uga &#8220;door-to-door&#8221; gwarantuje odbi\u00f3r wprost spod Twojego adresu we Wroc\u0142awiu i bezpieczny przejazd do serca Krakowa.<\/p>\n<p><strong>Prywatno\u015b\u0107 przede wszystkim:<\/strong><br \/>\nDecyduj\u0105c si\u0119 na nasz\u0105 wycieczk\u0119, masz pewno\u015b\u0107, \u017ce Twoje do\u015bwiadczenie b\u0119dzie wyj\u0105tkowe. Bez obcych wsp\u00f3\u0142towarzyszy podr\u00f3\u017cy mo\u017cesz spokojnie cieszy\u0107 si\u0119 ka\u017cdym momentem, koncentruj\u0105c si\u0119 na urokach Krakowa.<\/p>\n<p><strong>Jak to wygl\u0105da w praktyce?<\/strong><\/p>\n<ul>\n<li><strong>Dojazd:<\/strong> Wroc\u0142aw i Krak\u00f3w dzieli oko\u0142o 270 km. Podr\u00f3\u017c samochodem to oko\u0142o 3,5 godziny, co daje Ci chwil\u0119 na relaks przed zwiedzaniem.<\/li>\n<li><strong>Zwiedzanie:<\/strong> Krak\u00f3w oferuje bogactwo atrakcji. Od spacer\u00f3w po Rynku G\u0142\u00f3wnym, przez wizyt\u0119 w Sukiennicach, a\u017c po odkrywanie tajemnic Kazimierza. Przewiduj co najmniej 5-7 godzin na zanurzenie si\u0119 w atmosferze tego wyj\u0105tkowego miasta.<\/li>\n<li><strong>Powr\u00f3t:<\/strong> Po dniu pe\u0142nym wra\u017ce\u0144, wr\u00f3cisz do Wroc\u0142awia, przemy\u015blaj\u0105c wszystkie cudowne momenty dnia.<\/li>\n<\/ul>\n<p><strong>Dlaczego Krak\u00f3w?<\/strong><br \/>\nKrak\u00f3w to miasto, kt\u00f3re ka\u017cdego oczarowuje. Jego bogata historia, architektura oraz niesamowita atmosfera sprawiaj\u0105, \u017ce ka\u017cda wizyta jest wyj\u0105tkowa. Odkryj z nami zabytki wpisane na List\u0119 \u015awiatowego Dziedzictwa UNESCO, podziwiaj panoram\u0119 miasta z kopca Ko\u015bciuszki i daj si\u0119 ponie\u015b\u0107 klimatowi krakowskich uliczek.<\/p>\n<p>Nie czekaj i odkryj z nami wszystko, co najlepsze w Krakowie. Ta wycieczka to gwarancja niezapomnianych wspomnie\u0144 i nowych do\u015bwiadcze\u0144.<\/p>\n","protected":false},"excerpt":{"rendered":"<p>Zaczynamy od Twojego progu: Nasza oferta to nie tylko komfortowy transport, ale przede wszystkim indywidualne podej\u015bcie. Nasza us\u0142uga &#8220;door-to-door&#8221; gwarantuje odbi\u00f3r wprost spod Twojego adresu we Wroc\u0142awiu i bezpieczny przejazd do serca Krakowa. Prywatno\u015b\u0107 przede wszystkim: Decyduj\u0105c si\u0119 na nasz\u0105 wycieczk\u0119, masz pewno\u015b\u0107, \u017ce Twoje do\u015bwiadczenie b\u0119dzie wyj\u0105tkowe. Bez obcych wsp\u00f3\u0142towarzyszy podr\u00f3\u017cy mo\u017cesz spokojnie cieszy\u0107 [&hellip;]<\/p>\n","protected":false},"featured_media":12124,"template":"","meta":{"_acf_changed":false,"rank_math_lock_modified_date":false},"product_cat":[18],"product_tag":[],"class_list":{"0":"post-11988","1":"product","2":"type-product","3":"status-publish","4":"has-post-thumbnail","6":"product_cat-wycieczki","8":"first","9":"instock","10":"taxable","11":"shipping-taxable","12":"purchasable","13":"product-type-variable","14":"has-default-attributes"},"acf":[],"_links":{"self":[{"href":"https:\/\/airporttaxiwroclaw.pl\/en\/wp-json\/wp\/v2\/product\/11988"}],"collection":[{"href":"https:\/\/airporttaxiwroclaw.pl\/en\/wp-json\/wp\/v2\/product"}],"about":[{"href":"https:\/\/airporttaxiwroclaw.pl\/en\/wp-json\/wp\/v2\/types\/product"}],"wp:featuredmedia":[{"embeddable":true,"href":"https:\/\/airporttaxiwroclaw.pl\/en\/wp-json\/wp\/v2\/media\/12124"}],"wp:attachment":[{"href":"https:\/\/airporttaxiwroclaw.pl\/en\/wp-json\/wp\/v2\/media?parent=11988"}],"wp:term":[{"taxonomy":"product_cat","embeddable":true,"href":"https:\/\/airporttaxiwroclaw.pl\/en\/wp-json\/wp\/v2\/product_cat?post=11988"},{"taxonomy":"product_tag","embeddable":true,"href":"https:\/\/airporttaxiwroclaw.pl\/en\/wp-json\/wp\/v2\/product_tag?post=11988"}],"curies":[{"name":"wp","href":"https:\/\/api.w.org\/{rel}","templated":true}]}}