{"id":12007,"date":"2023-10-04T12:32:44","date_gmt":"2023-10-04T12:32:44","guid":{"rendered":"http:\/\/airporttaxiwroclaw.pl\/?post_type=product&#038;p=12007"},"modified":"2024-05-15T11:24:01","modified_gmt":"2024-05-15T11:24:01","slug":"calodniowa-wycieczka-z-wroclawia-do-kopalni-soli-wieliczka","status":"publish","type":"product","link":"https:\/\/airporttaxiwroclaw.pl\/en\/calodniowa-wycieczka-z-wroclawia-do-kopalni-soli-wieliczka\/","title":{"rendered":"Ca\u0142odniowa wycieczka z Wroc\u0142awia do Kopalni Soli Wieliczka"},"content":{"rendered":"<p><strong>Nie tylko kopalnia, ale te\u017c historia i kultura:<\/strong><br \/>\nNasza ca\u0142odniowa wycieczka z Wroc\u0142awia do Kopalni Soli Wieliczka oferuje wi\u0119cej ni\u017c tylko zwiedzanie podziemnych komnat. To podr\u00f3\u017c przez stulecia, podczas kt\u00f3rej zrozumiesz, jak wa\u017cna by\u0142a s\u00f3l dla rozwoju cywilizacji i jakie znaczenie mia\u0142a dla Polski.<\/p>\n<p><strong>Komfortowy wyjazd bez stresu:<\/strong><br \/>\nNasza us\u0142uga &#8220;door-to-door&#8221; gwarantuje, \u017ce podr\u00f3\u017c rozpocznie si\u0119 i zako\u0144czy dok\u0142adnie tam, gdzie sobie tego \u017cyczysz. Po odbiorze spod wskazanego adresu we Wroc\u0142awiu ruszymy w drog\u0119 do Wieliczki, by po kilku godzinach znale\u017a\u0107 si\u0119 u bram Kopalni Soli.<\/p>\n<p><strong>Prywatno\u015b\u0107 i spersonalizowane do\u015bwiadczenie:<\/strong><br \/>\nWybieraj\u0105c nasz\u0105 wycieczk\u0119, masz pewno\u015b\u0107, \u017ce b\u0119dzie ona prywatna. Brak innych uczestnik\u00f3w podczas podr\u00f3\u017cy pozwala Ci zrelaksowa\u0107 podczas kilku godzinnego przejazdu w jedna i drug\u0105 stron\u0119.<\/p>\n<p><strong>Szczeg\u00f3\u0142owy plan dnia:<\/strong><\/p>\n<ol>\n<li><strong>Dojazd:<\/strong> Oko\u0142o 3-godzinna podr\u00f3\u017c z Wroc\u0142awia do Wieliczki pozwoli Ci si\u0119 zrelaksowa\u0107 i przygotowa\u0107 na emocjonuj\u0105ce zwiedzanie.<\/li>\n<li><strong>Zwiedzanie:<\/strong> Po przyje\u017adzie czeka Ci\u0119 oko\u0142o 2-3 godzinne zwiedzanie kopalni, w trakcie kt\u00f3rego odkryjesz niezwyk\u0142e podziemne jeziora, kaplice i komnaty.<\/li>\n<li><strong>Wolny czas:<\/strong> Po zwiedzaniu, zaplanowali\u015bmy czas na odpoczynek, posi\u0142ek lub eksploracj\u0119 miasta Wieliczka na powierzchni.<\/li>\n<li><strong>Powr\u00f3t:<\/strong> W komfortowych warunkach wr\u00f3cisz do Wroc\u0142awia, przemy\u015blaj\u0105c wra\u017cenia z dnia pe\u0142nego odkry\u0107.<\/li>\n<\/ol>\n<p><strong>Nie tylko kopalnia &#8211; Wieliczka i jej skarby:<\/strong><br \/>\nOpr\u00f3cz kopalni, Wieliczka skrywa w sobie wiele innych atrakcji. Je\u015bli czas pozwoli, warto zwr\u00f3ci\u0107 uwag\u0119 na urokliwe zak\u0105tki miasta, jego architektur\u0119 i ma\u0142e, regionalne restauracje.<\/p>\n<p>Zapraszamy do prze\u017cycia niezapomnianego dnia w Wieliczce, gdzie historia \u0142\u0105czy si\u0119 z przyrod\u0105 w spektakularny spos\u00f3b. Odkryj z nami to magiczne miejsce!<\/p>\n","protected":false},"excerpt":{"rendered":"<p>Nie tylko kopalnia, ale te\u017c historia i kultura: Nasza ca\u0142odniowa wycieczka z Wroc\u0142awia do Kopalni Soli Wieliczka oferuje wi\u0119cej ni\u017c tylko zwiedzanie podziemnych komnat. To podr\u00f3\u017c przez stulecia, podczas kt\u00f3rej zrozumiesz, jak wa\u017cna by\u0142a s\u00f3l dla rozwoju cywilizacji i jakie znaczenie mia\u0142a dla Polski. Komfortowy wyjazd bez stresu: Nasza us\u0142uga &#8220;door-to-door&#8221; gwarantuje, \u017ce podr\u00f3\u017c rozpocznie [&hellip;]<\/p>\n","protected":false},"featured_media":12122,"template":"","meta":{"_acf_changed":false,"rank_math_lock_modified_date":false},"product_cat":[18],"product_tag":[],"class_list":{"0":"post-12007","1":"product","2":"type-product","3":"status-publish","4":"has-post-thumbnail","6":"product_cat-wycieczki","8":"first","9":"instock","10":"taxable","11":"shipping-taxable","12":"purchasable","13":"product-type-variable","14":"has-default-attributes"},"acf":[],"_links":{"self":[{"href":"https:\/\/airporttaxiwroclaw.pl\/en\/wp-json\/wp\/v2\/product\/12007"}],"collection":[{"href":"https:\/\/airporttaxiwroclaw.pl\/en\/wp-json\/wp\/v2\/product"}],"about":[{"href":"https:\/\/airporttaxiwroclaw.pl\/en\/wp-json\/wp\/v2\/types\/product"}],"wp:featuredmedia":[{"embeddable":true,"href":"https:\/\/airporttaxiwroclaw.pl\/en\/wp-json\/wp\/v2\/media\/12122"}],"wp:attachment":[{"href":"https:\/\/airporttaxiwroclaw.pl\/en\/wp-json\/wp\/v2\/media?parent=12007"}],"wp:term":[{"taxonomy":"product_cat","embeddable":true,"href":"https:\/\/airporttaxiwroclaw.pl\/en\/wp-json\/wp\/v2\/product_cat?post=12007"},{"taxonomy":"product_tag","embeddable":true,"href":"https:\/\/airporttaxiwroclaw.pl\/en\/wp-json\/wp\/v2\/product_tag?post=12007"}],"curies":[{"name":"wp","href":"https:\/\/api.w.org\/{rel}","templated":true}]}}